{"id":148,"date":"2024-09-18T17:49:59","date_gmt":"2024-09-18T17:49:59","guid":{"rendered":"https:\/\/valencia-international-airport.com\/?page_id=148"},"modified":"2025-04-03T12:15:15","modified_gmt":"2025-04-03T12:15:15","slug":"guia","status":"publish","type":"page","link":"https:\/\/valencia-international-airport.com\/es\/guide\/","title":{"rendered":"Gu\u00eda de aeropuertos"},"content":{"rendered":"<div data-elementor-type=\"wp-page\" data-elementor-id=\"148\" class=\"elementor elementor-148\" data-elementor-post-type=\"page\">\n\t\t\t\t\t\t<section class=\"elementor-section elementor-top-section elementor-element elementor-element-560def9f elementor-section-height-min-height elementor-section-boxed elementor-section-height-default elementor-section-items-middle\" data-id=\"560def9f\" data-element_type=\"section\" data-e-type=\"section\" data-settings=\"{&quot;background_background&quot;:&quot;classic&quot;}\">\n\t\t\t\t\t\t\t<div class=\"elementor-background-overlay\"><\/div>\n\t\t\t\t\t\t\t<div class=\"elementor-container elementor-column-gap-default\">\n\t\t\t\t\t<div class=\"elementor-column elementor-col-100 elementor-top-column elementor-element elementor-element-65c5d5e8\" data-id=\"65c5d5e8\" data-element_type=\"column\" data-e-type=\"column\">\n\t\t\t<div class=\"elementor-widget-wrap elementor-element-populated\">\n\t\t\t\t\t\t<div class=\"elementor-element elementor-element-58428f33 elementor-widget elementor-widget-heading\" data-id=\"58428f33\" data-element_type=\"widget\" data-e-type=\"widget\" data-widget_type=\"heading.default\">\n\t\t\t\t<div class=\"elementor-widget-container\">\n\t\t\t\t\t<h1 class=\"elementor-heading-title elementor-size-default\">Gu\u00eda del aeropuerto de Valencia<\/h1>\t\t\t\t<\/div>\n\t\t\t\t<\/div>\n\t\t\t\t<div class=\"elementor-element elementor-element-4e9a4b5f elementor-widget elementor-widget-heading\" data-id=\"4e9a4b5f\" data-element_type=\"widget\" data-e-type=\"widget\" data-widget_type=\"heading.default\">\n\t\t\t\t<div class=\"elementor-widget-container\">\n\t\t\t\t\t<p class=\"elementor-heading-title elementor-size-default\">Directrices generales y consejos \u00fatiles sobre el aeropuerto de Valencia<\/p>\t\t\t\t<\/div>\n\t\t\t\t<\/div>\n\t\t\t\t<div class=\"elementor-element elementor-element-3ea0628 elementor-view-default elementor-invisible elementor-widget elementor-widget-icon\" data-id=\"3ea0628\" data-element_type=\"widget\" data-e-type=\"widget\" data-settings=\"{&quot;_animation&quot;:&quot;fadeInDown&quot;,&quot;_animation_delay&quot;:500}\" data-widget_type=\"icon.default\">\n\t\t\t\t<div class=\"elementor-widget-container\">\n\t\t\t\t\t\t\t<div class=\"elementor-icon-wrapper\">\n\t\t\t<div class=\"elementor-icon\">\n\t\t\t<svg aria-hidden=\"true\" class=\"e-font-icon-svg e-fas-chevron-down\" viewbox=\"0 0 448 512\" xmlns=\"http:\/\/www.w3.org\/2000\/svg\"><path d=\"M207.029 381.476L12.686 187.132c-9.373-9.373-9.373-24.569 0-33.941l22.667-22.667c9.357-9.357 24.522-9.375 33.901-.04L224 284.505l154.745-154.021c9.379-9.335 24.544-9.317 33.901.04l22.667 22.667c9.373 9.373 9.373 24.569 0 33.941L240.971 381.476c-9.373 9.372-24.569 9.372-33.942 0z\"><\/path><\/svg>\t\t\t<\/div>\n\t\t<\/div>\n\t\t\t\t\t\t<\/div>\n\t\t\t\t<\/div>\n\t\t\t\t\t<\/div>\n\t\t<\/div>\n\t\t\t\t\t<\/div>\n\t\t<\/section>\n\t\t\t\t<section class=\"elementor-section elementor-top-section elementor-element elementor-element-5a5eef55 elementor-section-content-middle elementor-section-boxed elementor-section-height-default elementor-section-height-default\" data-id=\"5a5eef55\" data-element_type=\"section\" data-e-type=\"section\">\n\t\t\t\t\t\t<div class=\"elementor-container elementor-column-gap-default\">\n\t\t\t\t\t<div class=\"elementor-column elementor-col-50 elementor-top-column elementor-element elementor-element-d687afe\" data-id=\"d687afe\" data-element_type=\"column\" data-e-type=\"column\">\n\t\t\t<div class=\"elementor-widget-wrap elementor-element-populated\">\n\t\t\t\t\t\t<div class=\"elementor-element elementor-element-5f384c6 elementor-widget elementor-widget-text-editor\" data-id=\"5f384c6\" data-element_type=\"widget\" data-e-type=\"widget\" data-widget_type=\"text-editor.default\">\n\t\t\t\t<div class=\"elementor-widget-container\">\n\t\t\t\t\t\t\t\t\t<p><a href=\"https:\/\/valencia-international-airport.com\/\">Aeropuerto Internacional de Valencia (VLC)<\/a> &gt; <strong>Gu\u00eda<\/strong><\/p>\t\t\t\t\t\t\t\t<\/div>\n\t\t\t\t<\/div>\n\t\t\t\t<div class=\"elementor-element elementor-element-9a5997e elementor-widget elementor-widget-heading\" data-id=\"9a5997e\" data-element_type=\"widget\" data-e-type=\"widget\" data-widget_type=\"heading.default\">\n\t\t\t\t<div class=\"elementor-widget-container\">\n\t\t\t\t\t<h2 class=\"elementor-heading-title elementor-size-default\">Informaci\u00f3n general sobre el aeropuerto<\/h2>\t\t\t\t<\/div>\n\t\t\t\t<\/div>\n\t\t\t\t<div class=\"elementor-element elementor-element-53c71dc elementor-widget elementor-widget-text-editor\" data-id=\"53c71dc\" data-element_type=\"widget\" data-e-type=\"widget\" data-widget_type=\"text-editor.default\">\n\t\t\t\t<div class=\"elementor-widget-container\">\n\t\t\t\t\t\t\t\t\t<p data-pm-slice=\"1 1 []\">Bienvenido al Aeropuerto de Valencia (VLC), la principal puerta de entrada a Valencia y uno de los aeropuertos m\u00e1s transitados de Espa\u00f1a. Situado convenientemente cerca del centro de la ciudad de Valencia, el aeropuerto conecta la regi\u00f3n con numerosos destinos nacionales e internacionales. El Aeropuerto de Valencia recibe a las principales aerol\u00edneas de todo el mundo, ofreciendo rutas a m\u00e1s de 100 destinos.<\/p><p>Reconocido por su practicidad y moderna infraestructura, el Aeropuerto de Valencia cuenta con una \u00fanica y eficiente terminal que gestiona tanto vuelos nacionales como internacionales. Los pasajeros pueden disfrutar de una gran variedad de servicios, como tiendas, restaurantes, cafeter\u00edas y zonas comerciales libres de impuestos que ofrecen productos de lujo y de alta calidad.<\/p><p>Adem\u00e1s, el Aeropuerto de Valencia es reconocido por su entorno favorable al pasajero, que garantiza a los viajeros comodidad, confort y facilidad durante su tr\u00e1nsito. Tanto si vuelan con compa\u00f1\u00edas convencionales como con aerol\u00edneas de bajo coste, los visitantes pueden confiar en que el Aeropuerto de Valencia les proporcionar\u00e1 una experiencia de viaje agradable y sin contratiempos.<\/p>\t\t\t\t\t\t\t\t<\/div>\n\t\t\t\t<\/div>\n\t\t\t\t<div class=\"elementor-element elementor-element-9b81026 elementor-widget elementor-widget-heading\" data-id=\"9b81026\" data-element_type=\"widget\" data-e-type=\"widget\" data-widget_type=\"heading.default\">\n\t\t\t\t<div class=\"elementor-widget-container\">\n\t\t\t\t\t<h2 class=\"elementor-heading-title elementor-size-default\">Terminales<\/h2>\t\t\t\t<\/div>\n\t\t\t\t<\/div>\n\t\t\t\t<div class=\"elementor-element elementor-element-5f532f7 elementor-widget elementor-widget-text-editor\" data-id=\"5f532f7\" data-element_type=\"widget\" data-e-type=\"widget\" data-widget_type=\"text-editor.default\">\n\t\t\t\t<div class=\"elementor-widget-container\">\n\t\t\t\t\t\t\t\t\t<p class=\"\" data-start=\"11\" data-end=\"334\">VLC Airport cuenta con un <a href=\"https:\/\/valencia-international-airport.com\/guide\/terminaux\/\">terminal \u00fanico <\/a>dise\u00f1ada para gestionar eficazmente vuelos nacionales e internacionales. Compacta y f\u00e1cil de recorrer, la terminal ofrece un dise\u00f1o sencillo que permite a los viajeros acceder c\u00f3modamente a todos los servicios esenciales a poca distancia a pie.<\/p><p class=\"\" data-start=\"336\" data-end=\"672\">La terminal del aeropuerto est\u00e1 equipada con se\u00f1ales claramente marcadas para guiar a los pasajeros sin problemas por las zonas de facturaci\u00f3n, seguridad y embarque. Sin terminales adicionales ni edificios sat\u00e9lite, los viajeros pueden desplazarse c\u00f3modamente sin necesidad de lanzaderas ni sistemas de transporte interno, lo que garantiza una experiencia aeroportuaria sin complicaciones.<\/p><p class=\"\" data-start=\"674\" data-end=\"900\">Esta configuraci\u00f3n racionalizada permite transitar con rapidez y sin estr\u00e9s entre puertas de embarque, recogida de equipajes, alquiler de coches y medios de transporte p\u00fablico, adapt\u00e1ndose perfectamente al tr\u00e1fico de pasajeros y a la eficacia operativa del aeropuerto.<\/p>\t\t\t\t\t\t\t\t<\/div>\n\t\t\t\t<\/div>\n\t\t\t\t<div class=\"elementor-element elementor-element-91d42cd elementor-widget elementor-widget-heading\" data-id=\"91d42cd\" data-element_type=\"widget\" data-e-type=\"widget\" data-widget_type=\"heading.default\">\n\t\t\t\t<div class=\"elementor-widget-container\">\n\t\t\t\t\t<h2 class=\"elementor-heading-title elementor-size-default\">Hoteles<\/h2>\t\t\t\t<\/div>\n\t\t\t\t<\/div>\n\t\t\t\t<div class=\"elementor-element elementor-element-3ad0058 elementor-widget elementor-widget-text-editor\" data-id=\"3ad0058\" data-element_type=\"widget\" data-e-type=\"widget\" data-widget_type=\"text-editor.default\">\n\t\t\t\t<div class=\"elementor-widget-container\">\n\t\t\t\t\t\t\t\t\t<p class=\"\" data-start=\"8\" data-end=\"413\">En busca de comodidad<a href=\"https:\/\/valencia-international-airport.com\/guide\/airport-hotels\/\"> hotel cerca del aeropuerto de Valencia<\/a>? Tanto si prefiere alojarse cerca de su vuelo como si prefiere adentrarse en el vibrante centro de Valencia, encontrar\u00e1 excelentes opciones hoteleras para todos los gustos. Desde hoteles de lujo que ofrecen un refinado confort hasta encantadores establecimientos boutique y acogedoras pensiones, la oferta hotelera de Valencia refleja la calidez y el car\u00e1cter de la ciudad.<\/p><p class=\"\" data-start=\"415\" data-end=\"760\">Varios hoteles situados a poca distancia en coche del aeropuerto de Valencia ofrecen comodidad y facilidad, ideales para llegadas nocturnas o salidas tempranas. Por otra parte, si busca el bullicioso ambiente y las ricas experiencias culturales del centro hist\u00f3rico de Valencia, le esperan numerosos alojamientos para que su estancia sea agradable y memorable. .<\/p><div class=\"et_pb_module et_pb_text et_pb_text_4 et_pb_text_align_left et_pb_bg_layout_light\"><div class=\"et_pb_text_inner\">\u00a0<\/div><\/div>\t\t\t\t\t\t\t\t<\/div>\n\t\t\t\t<\/div>\n\t\t\t\t<div class=\"elementor-element elementor-element-2b22d9c elementor-widget elementor-widget-heading\" data-id=\"2b22d9c\" data-element_type=\"widget\" data-e-type=\"widget\" data-widget_type=\"heading.default\">\n\t\t\t\t<div class=\"elementor-widget-container\">\n\t\t\t\t\t<h2 class=\"elementor-heading-title elementor-size-default\">Aparcamiento\n<\/h2>\t\t\t\t<\/div>\n\t\t\t\t<\/div>\n\t\t\t\t<div class=\"elementor-element elementor-element-50738bc elementor-widget elementor-widget-text-editor\" data-id=\"50738bc\" data-element_type=\"widget\" data-e-type=\"widget\" data-widget_type=\"text-editor.default\">\n\t\t\t\t<div class=\"elementor-widget-container\">\n\t\t\t\t\t\t\t\t\t<p class=\"\" data-start=\"9\" data-end=\"402\">Independientemente de sus planes de viaje, el aeropuerto de Valencia le ofrece varias opciones c\u00f3modas <a href=\"https:\/\/valencia-international-airport.com\/guide\/parking\/\">aparcamiento<\/a> opciones dise\u00f1adas para adaptarse a las necesidades de cada pasajero. Encontrar\u00e1 zonas de aparcamiento de corta estancia a pocos pasos de la entrada de la terminal, perfectas para recoger y dejar a los pasajeros r\u00e1pidamente. Para los viajeros que necesiten estancias prolongadas, el aeropuerto tambi\u00e9n ofrece asequibles aparcamientos de larga estancia con tarifas competitivas.<\/p><p class=\"\" data-start=\"404\" data-end=\"746\">Adem\u00e1s, el aeropuerto de Valencia dispone de una zona de aparcamiento expr\u00e9s, ideal para paradas breves, carga y descarga de pasajeros. Los conductores de motocicletas tampoco se quedan fuera, ya que disponen de plazas de aparcamiento espec\u00edficas para ellas. Tanto si sale como si llega, los servicios de aparcamiento del Aeropuerto de Valencia le garantizan comodidad, accesibilidad y tranquilidad.<\/p>\t\t\t\t\t\t\t\t<\/div>\n\t\t\t\t<\/div>\n\t\t\t\t<div class=\"elementor-element elementor-element-ad7a310 elementor-widget elementor-widget-heading\" data-id=\"ad7a310\" data-element_type=\"widget\" data-e-type=\"widget\" data-widget_type=\"heading.default\">\n\t\t\t\t<div class=\"elementor-widget-container\">\n\t\t\t\t\t<h2 class=\"elementor-heading-title elementor-size-default\">Escala en el aeropuerto\n<\/h2>\t\t\t\t<\/div>\n\t\t\t\t<\/div>\n\t\t\t\t<div class=\"elementor-element elementor-element-082a4f4 elementor-widget elementor-widget-text-editor\" data-id=\"082a4f4\" data-element_type=\"widget\" data-e-type=\"widget\" data-widget_type=\"text-editor.default\">\n\t\t\t\t<div class=\"elementor-widget-container\">\n\t\t\t\t\t\t\t\t\t<p>No vea su<a href=\"https:\/\/valencia-international-airport.com\/guide\/layover\/\"> escala en el aeropuerto de Valencia<\/a> como simple tiempo de espera es una oportunidad para aprovechar al m\u00e1ximo su viaje. Para estancias cortas, explore las modernas instalaciones, disfrute de las opciones gastron\u00f3micas o rel\u00e1jese en las c\u00f3modas salas VIP del aeropuerto. Para escalas m\u00e1s largas, aproveche la oportunidad de descubrir el encanto de Valencia: el centro hist\u00f3rico de la ciudad, hermosas playas y vibrantes atracciones culturales est\u00e1n a un corto trayecto. Transforme su tiempo de tr\u00e1nsito en una experiencia memorable en Valencia.<\/p>\t\t\t\t\t\t\t\t<\/div>\n\t\t\t\t<\/div>\n\t\t\t\t\t<\/div>\n\t\t<\/div>\n\t\t\t\t<div class=\"elementor-column elementor-col-50 elementor-top-column elementor-element elementor-element-4b56e3a9\" data-id=\"4b56e3a9\" data-element_type=\"column\" data-e-type=\"column\" data-settings=\"{&quot;background_background&quot;:&quot;classic&quot;}\">\n\t\t\t<div class=\"elementor-widget-wrap\">\n\t\t\t\t\t\t\t<\/div>\n\t\t<\/div>\n\t\t\t\t\t<\/div>\n\t\t<\/section>\n\t\t\t\t<\/div>","protected":false},"excerpt":{"rendered":"<p>Valencia Airport Guide General Guidelines and Useful Tips about Valencia Airport Valencia International Airport (VLC) &gt; Guide General Airport Information Welcome to Valencia Airport (VLC), the primary gateway serving Valencia and one of Spain\u2019s busiest airports. Located conveniently close to Valencia\u2019s city center, the airport connects the region to numerous domestic and international destinations. Valencia [&hellip;]<\/p>\n","protected":false},"author":1,"featured_media":0,"parent":0,"menu_order":0,"comment_status":"closed","ping_status":"closed","template":"","meta":{"footnotes":""},"class_list":["post-148","page","type-page","status-publish","hentry"],"_links":{"self":[{"href":"https:\/\/valencia-international-airport.com\/es\/wp-json\/wp\/v2\/pages\/148","targetHints":{"allow":["GET"]}}],"collection":[{"href":"https:\/\/valencia-international-airport.com\/es\/wp-json\/wp\/v2\/pages"}],"about":[{"href":"https:\/\/valencia-international-airport.com\/es\/wp-json\/wp\/v2\/types\/page"}],"author":[{"embeddable":true,"href":"https:\/\/valencia-international-airport.com\/es\/wp-json\/wp\/v2\/users\/1"}],"replies":[{"embeddable":true,"href":"https:\/\/valencia-international-airport.com\/es\/wp-json\/wp\/v2\/comments?post=148"}],"version-history":[{"count":21,"href":"https:\/\/valencia-international-airport.com\/es\/wp-json\/wp\/v2\/pages\/148\/revisions"}],"predecessor-version":[{"id":672,"href":"https:\/\/valencia-international-airport.com\/es\/wp-json\/wp\/v2\/pages\/148\/revisions\/672"}],"wp:attachment":[{"href":"https:\/\/valencia-international-airport.com\/es\/wp-json\/wp\/v2\/media?parent=148"}],"curies":[{"name":"wp","href":"https:\/\/api.w.org\/{rel}","templated":true}]}}