{"id":153,"date":"2024-09-18T18:15:55","date_gmt":"2024-09-18T18:15:55","guid":{"rendered":"https:\/\/valencia-international-airport.com\/?page_id=153"},"modified":"2025-04-03T12:13:27","modified_gmt":"2025-04-03T12:13:27","slug":"vuelos","status":"publish","type":"page","link":"https:\/\/valencia-international-airport.com\/es\/flights\/","title":{"rendered":"Vuelos"},"content":{"rendered":"<div data-elementor-type=\"wp-page\" data-elementor-id=\"153\" class=\"elementor elementor-153\" data-elementor-post-type=\"page\">\n\t\t\t\t\t\t<section class=\"elementor-section elementor-top-section elementor-element elementor-element-560def9f elementor-section-height-min-height elementor-section-boxed elementor-section-height-default elementor-section-items-middle\" data-id=\"560def9f\" data-element_type=\"section\" data-e-type=\"section\" data-settings=\"{&quot;background_background&quot;:&quot;classic&quot;}\">\n\t\t\t\t\t\t\t<div class=\"elementor-background-overlay\"><\/div>\n\t\t\t\t\t\t\t<div class=\"elementor-container elementor-column-gap-default\">\n\t\t\t\t\t<div class=\"elementor-column elementor-col-100 elementor-top-column elementor-element elementor-element-65c5d5e8\" data-id=\"65c5d5e8\" data-element_type=\"column\" data-e-type=\"column\">\n\t\t\t<div class=\"elementor-widget-wrap elementor-element-populated\">\n\t\t\t\t\t\t<div class=\"elementor-element elementor-element-58428f33 elementor-widget elementor-widget-heading\" data-id=\"58428f33\" data-element_type=\"widget\" data-e-type=\"widget\" data-widget_type=\"heading.default\">\n\t\t\t\t<div class=\"elementor-widget-container\">\n\t\t\t\t\t<h1 class=\"elementor-heading-title elementor-size-default\">Vuelos desde y hacia el aeropuerto de Valencia<\/h1>\t\t\t\t<\/div>\n\t\t\t\t<\/div>\n\t\t\t\t<div class=\"elementor-element elementor-element-4e9a4b5f elementor-widget elementor-widget-heading\" data-id=\"4e9a4b5f\" data-element_type=\"widget\" data-e-type=\"widget\" data-widget_type=\"heading.default\">\n\t\t\t\t<div class=\"elementor-widget-container\">\n\t\t\t\t\t<p class=\"elementor-heading-title elementor-size-default\">Encuentre billetes con las mejores tarifas y sopese sus opciones\n\n<\/p>\t\t\t\t<\/div>\n\t\t\t\t<\/div>\n\t\t\t\t<div class=\"elementor-element elementor-element-3ea0628 elementor-view-default elementor-invisible elementor-widget elementor-widget-icon\" data-id=\"3ea0628\" data-element_type=\"widget\" data-e-type=\"widget\" data-settings=\"{&quot;_animation&quot;:&quot;fadeInDown&quot;,&quot;_animation_delay&quot;:500}\" data-widget_type=\"icon.default\">\n\t\t\t\t<div class=\"elementor-widget-container\">\n\t\t\t\t\t\t\t<div class=\"elementor-icon-wrapper\">\n\t\t\t<div class=\"elementor-icon\">\n\t\t\t<svg aria-hidden=\"true\" class=\"e-font-icon-svg e-fas-chevron-down\" viewbox=\"0 0 448 512\" xmlns=\"http:\/\/www.w3.org\/2000\/svg\"><path d=\"M207.029 381.476L12.686 187.132c-9.373-9.373-9.373-24.569 0-33.941l22.667-22.667c9.357-9.357 24.522-9.375 33.901-.04L224 284.505l154.745-154.021c9.379-9.335 24.544-9.317 33.901.04l22.667 22.667c9.373 9.373 9.373 24.569 0 33.941L240.971 381.476c-9.373 9.372-24.569 9.372-33.942 0z\"><\/path><\/svg>\t\t\t<\/div>\n\t\t<\/div>\n\t\t\t\t\t\t<\/div>\n\t\t\t\t<\/div>\n\t\t\t\t\t<\/div>\n\t\t<\/div>\n\t\t\t\t\t<\/div>\n\t\t<\/section>\n\t\t\t\t<section class=\"elementor-section elementor-top-section elementor-element elementor-element-5a5eef55 elementor-section-content-middle elementor-section-boxed elementor-section-height-default elementor-section-height-default\" data-id=\"5a5eef55\" data-element_type=\"section\" data-e-type=\"section\">\n\t\t\t\t\t\t<div class=\"elementor-container elementor-column-gap-default\">\n\t\t\t\t\t<div class=\"elementor-column elementor-col-50 elementor-top-column elementor-element elementor-element-d687afe\" data-id=\"d687afe\" data-element_type=\"column\" data-e-type=\"column\">\n\t\t\t<div class=\"elementor-widget-wrap elementor-element-populated\">\n\t\t\t\t\t\t<div class=\"elementor-element elementor-element-5f384c6 elementor-widget elementor-widget-text-editor\" data-id=\"5f384c6\" data-element_type=\"widget\" data-e-type=\"widget\" data-widget_type=\"text-editor.default\">\n\t\t\t\t<div class=\"elementor-widget-container\">\n\t\t\t\t\t\t\t\t\t<p><strong><a href=\"https:\/\/valencia-international-airport.com\/\">Aeropuerto internacional de Valencia (VLC)<\/a><\/strong> &gt; Vuelos<\/p>\t\t\t\t\t\t\t\t<\/div>\n\t\t\t\t<\/div>\n\t\t\t\t<div class=\"elementor-element elementor-element-9a5997e elementor-widget elementor-widget-heading\" data-id=\"9a5997e\" data-element_type=\"widget\" data-e-type=\"widget\" data-widget_type=\"heading.default\">\n\t\t\t\t<div class=\"elementor-widget-container\">\n\t\t\t\t\t<h2 class=\"elementor-heading-title elementor-size-default\">Vuelos al aeropuerto de Valencia <\/h2>\t\t\t\t<\/div>\n\t\t\t\t<\/div>\n\t\t\t\t<div class=\"elementor-element elementor-element-53c71dc elementor-widget elementor-widget-text-editor\" data-id=\"53c71dc\" data-element_type=\"widget\" data-e-type=\"widget\" data-widget_type=\"text-editor.default\">\n\t\t\t\t<div class=\"elementor-widget-container\">\n\t\t\t\t\t\t\t\t\t<p class=\"\" data-start=\"115\" data-end=\"402\">Todos los d\u00edas llegan al aeropuerto de Valencia (VLC) vuelos procedentes de toda Europa y de otros pa\u00edses, operados por una combinaci\u00f3n de aerol\u00edneas de servicio completo y compa\u00f1\u00edas de bajo coste. Tanto si vuela por negocios como por placer, encontrar\u00e1 una amplia gama de opciones de vuelo que ofrecen un servicio excelente y tarifas competitivas.<\/p><p class=\"\" data-start=\"404\" data-end=\"677\">\u00bfPlanea volar a Valencia? Busque entre innumerables ofertas de aerol\u00edneas, compare promociones y reserve su billete al mejor precio posible. Desde rutas europeas de corta distancia hasta conexiones internacionales estacionales, el aeropuerto de Valencia est\u00e1 bien conectado y preparado para recibir a tu...<\/p>\t\t\t\t\t\t\t\t<\/div>\n\t\t\t\t<\/div>\n\t\t\t\t<div class=\"elementor-element elementor-element-9b81026 elementor-widget elementor-widget-heading\" data-id=\"9b81026\" data-element_type=\"widget\" data-e-type=\"widget\" data-widget_type=\"heading.default\">\n\t\t\t\t<div class=\"elementor-widget-container\">\n\t\t\t\t\t<h2 class=\"elementor-heading-title elementor-size-default\">Llegadas\n<\/h2>\t\t\t\t<\/div>\n\t\t\t\t<\/div>\n\t\t\t\t<div class=\"elementor-element elementor-element-5f532f7 elementor-widget elementor-widget-text-editor\" data-id=\"5f532f7\" data-element_type=\"widget\" data-e-type=\"widget\" data-widget_type=\"text-editor.default\">\n\t\t\t\t<div class=\"elementor-widget-container\">\n\t\t\t\t\t\t\t\t\t<p class=\"\" data-start=\"124\" data-end=\"341\">Seguir las actualizaciones de los vuelos en el Aeropuerto de Valencia nunca ha sido tan f\u00e1cil. Con . Los datos en tiempo real le mantendr\u00e1n informado de todos y cada uno de los cambios en el\u00a0<a href=\"https:\/\/valencia-international-airport.com\/flights\/arrivals\/\">horario de llegada al aeropuerto de Valencia<\/a>.<\/p><p class=\"\" data-start=\"343\" data-end=\"663\">No hay necesidad de esperar sin rumbo en la terminal a que le recojan o le lleven. Las actualizaciones en directo le mantendr\u00e1n informado, asegur\u00e1ndole que siempre llega a tiempo y preparado. Ya sea para recibir a alguien o para coger un vuelo de conexi\u00f3n, las herramientas de seguimiento de vuelos en tiempo real del Aeropuerto de Valencia hacen que el viaje sea m\u00e1s fluido y eficiente.<\/p>\t\t\t\t\t\t\t\t<\/div>\n\t\t\t\t<\/div>\n\t\t\t\t<div class=\"elementor-element elementor-element-91d42cd elementor-widget elementor-widget-heading\" data-id=\"91d42cd\" data-element_type=\"widget\" data-e-type=\"widget\" data-widget_type=\"heading.default\">\n\t\t\t\t<div class=\"elementor-widget-container\">\n\t\t\t\t\t<h2 class=\"elementor-heading-title elementor-size-default\">Vuelos desde el aeropuerto de Valencia\n<\/h2>\t\t\t\t<\/div>\n\t\t\t\t<\/div>\n\t\t\t\t<div class=\"elementor-element elementor-element-3ad0058 elementor-widget elementor-widget-text-editor\" data-id=\"3ad0058\" data-element_type=\"widget\" data-e-type=\"widget\" data-widget_type=\"text-editor.default\">\n\t\t\t\t<div class=\"elementor-widget-container\">\n\t\t\t\t\t\t\t\t\t<p class=\"\" data-start=\"150\" data-end=\"431\">No importa a d\u00f3nde te dirijas, <strong data-start=\"181\" data-end=\"207\">Aeropuerto de Valencia (VLC)<\/strong> ofrece una gran variedad de vuelos a destinos nacionales e internacionales. Tanto si planea una escapada r\u00e1pida como un viaje de larga distancia, encontrar\u00e1 c\u00f3modas conexiones a trav\u00e9s de aerol\u00edneas de servicio completo y de bajo coste.<\/p><p class=\"\" data-start=\"433\" data-end=\"749\">\u00bfQuiere ahorrar en billetes de avi\u00f3n? S\u00f3lo tiene que buscar y comparar billetes de avi\u00f3n para aprovechar las \u00faltimas ofertas y descuentos. Reservar su vuelo con antelaci\u00f3n es una de las mejores formas de asegurarse las tarifas m\u00e1s bajas y evitar las subidas de precios de \u00faltima hora. Empiece a planificar su viaje desde <strong data-start=\"705\" data-end=\"725\">Aeropuerto de Valencia<\/strong> hoy y viaje con inteligencia<\/p>\t\t\t\t\t\t\t\t<\/div>\n\t\t\t\t<\/div>\n\t\t\t\t<div class=\"elementor-element elementor-element-2b22d9c elementor-widget elementor-widget-heading\" data-id=\"2b22d9c\" data-element_type=\"widget\" data-e-type=\"widget\" data-widget_type=\"heading.default\">\n\t\t\t\t<div class=\"elementor-widget-container\">\n\t\t\t\t\t<h2 class=\"elementor-heading-title elementor-size-default\">Salidas<\/h2>\t\t\t\t<\/div>\n\t\t\t\t<\/div>\n\t\t\t\t<div class=\"elementor-element elementor-element-ac1e830 elementor-widget elementor-widget-text-editor\" data-id=\"ac1e830\" data-element_type=\"widget\" data-e-type=\"widget\" data-widget_type=\"text-editor.default\">\n\t\t\t\t<div class=\"elementor-widget-container\">\n\t\t\t\t\t\t\t\t\t<p class=\"\" data-start=\"188\" data-end=\"394\">Mant\u00e9ngase siempre informado sobre el estado de su vuelo en el Aeropuerto de Valencia (VLC). Con informaci\u00f3n en tiempo real <a href=\"https:\/\/valencia-international-airport.com\/flights\/departures\/\">salidas desde el aeropuerto de Valencia<\/a>, puede controlar los posibles retrasos, los cambios de puerta y las horas estimadas de salida, todo en un mismo lugar.<\/p><p class=\"\" data-start=\"396\" data-end=\"663\">Consultar los datos de los vuelos en tiempo real le ayuda a planificar su llegada al aeropuerto de forma m\u00e1s eficiente y le garantiza una experiencia de facturaci\u00f3n fluida y sin estr\u00e9s. Tanto si va a volar como si va a despedir a alguien, adel\u00e1ntese al horario con la informaci\u00f3n m\u00e1s reciente del aeropuerto de Valencia.<\/p>\t\t\t\t\t\t\t\t<\/div>\n\t\t\t\t<\/div>\n\t\t\t\t<div class=\"elementor-element elementor-element-452560b elementor-widget elementor-widget-heading\" data-id=\"452560b\" data-element_type=\"widget\" data-e-type=\"widget\" data-widget_type=\"heading.default\">\n\t\t\t\t<div class=\"elementor-widget-container\">\n\t\t\t\t\t<h2 class=\"elementor-heading-title elementor-size-default\">Aerol\u00edneas<\/h2>\t\t\t\t<\/div>\n\t\t\t\t<\/div>\n\t\t\t\t<div class=\"elementor-element elementor-element-346da52 elementor-widget elementor-widget-text-editor\" data-id=\"346da52\" data-element_type=\"widget\" data-e-type=\"widget\" data-widget_type=\"text-editor.default\">\n\t\t\t\t<div class=\"elementor-widget-container\">\n\t\t\t\t\t\t\t\t\t<p class=\"\" data-start=\"163\" data-end=\"469\">El aeropuerto de Valencia es un centro a\u00e9reo vital en el este de Espa\u00f1a, que ofrece un n\u00famero creciente de conexiones nacionales e internacionales. El aeropuerto recibe millones de pasajeros al a\u00f1o y sirve como punto estrat\u00e9gico de entrada a la vibrante Comunidad Valenciana.<\/p><p class=\"\" data-start=\"471\" data-end=\"788\">Acoge tanto compa\u00f1\u00edas de bajo coste como de servicio completo. <a href=\"https:\/\/valencia-international-airport.com\/flights\/airlines\/\">l\u00edneas a\u00e9reas<\/a>, VLC da la bienvenida a una amplia gama de viajeros, desde turistas a profesionales de negocios. Con unas instalaciones eficientes, una terminal bien comunicada y una oferta de vuelos en expansi\u00f3n, el Aeropuerto de Valencia es su c\u00f3moda puerta de entrada a Espa\u00f1a, Europa y m\u00e1s all\u00e1.<\/p>\t\t\t\t\t\t\t\t<\/div>\n\t\t\t\t<\/div>\n\t\t\t\t\t<\/div>\n\t\t<\/div>\n\t\t\t\t<div class=\"elementor-column elementor-col-50 elementor-top-column elementor-element elementor-element-4b56e3a9\" data-id=\"4b56e3a9\" data-element_type=\"column\" data-e-type=\"column\" data-settings=\"{&quot;background_background&quot;:&quot;classic&quot;}\">\n\t\t\t<div class=\"elementor-widget-wrap\">\n\t\t\t\t\t\t\t<\/div>\n\t\t<\/div>\n\t\t\t\t\t<\/div>\n\t\t<\/section>\n\t\t\t\t<\/div>","protected":false},"excerpt":{"rendered":"<p>Flights from and to Valencia Airport Find Tickets at Best Airfares and Weigh Up your Options Valencia international airport (VLC) &gt; Flights Flights to Valencia Airport Flights from across Europe and beyond arrive daily at Valencia Airport (VLC), operated by a mix of full-service airlines and low-cost carriers. Whether you&#8217;re flying for business or leisure, [&hellip;]<\/p>\n","protected":false},"author":1,"featured_media":0,"parent":0,"menu_order":0,"comment_status":"closed","ping_status":"closed","template":"","meta":{"footnotes":""},"class_list":["post-153","page","type-page","status-publish","hentry"],"_links":{"self":[{"href":"https:\/\/valencia-international-airport.com\/es\/wp-json\/wp\/v2\/pages\/153","targetHints":{"allow":["GET"]}}],"collection":[{"href":"https:\/\/valencia-international-airport.com\/es\/wp-json\/wp\/v2\/pages"}],"about":[{"href":"https:\/\/valencia-international-airport.com\/es\/wp-json\/wp\/v2\/types\/page"}],"author":[{"embeddable":true,"href":"https:\/\/valencia-international-airport.com\/es\/wp-json\/wp\/v2\/users\/1"}],"replies":[{"embeddable":true,"href":"https:\/\/valencia-international-airport.com\/es\/wp-json\/wp\/v2\/comments?post=153"}],"version-history":[{"count":30,"href":"https:\/\/valencia-international-airport.com\/es\/wp-json\/wp\/v2\/pages\/153\/revisions"}],"predecessor-version":[{"id":666,"href":"https:\/\/valencia-international-airport.com\/es\/wp-json\/wp\/v2\/pages\/153\/revisions\/666"}],"wp:attachment":[{"href":"https:\/\/valencia-international-airport.com\/es\/wp-json\/wp\/v2\/media?parent=153"}],"curies":[{"name":"wp","href":"https:\/\/api.w.org\/{rel}","templated":true}]}}