{"id":159,"date":"2024-09-19T09:49:54","date_gmt":"2024-09-19T09:49:54","guid":{"rendered":"https:\/\/valencia-international-airport.com\/?page_id=159"},"modified":"2025-03-29T14:23:12","modified_gmt":"2025-03-29T14:23:12","slug":"terminaux","status":"publish","type":"page","link":"https:\/\/valencia-international-airport.com\/es\/guide\/terminaux\/","title":{"rendered":"Terminales"},"content":{"rendered":"<div data-elementor-type=\"wp-page\" data-elementor-id=\"159\" class=\"elementor elementor-159\" data-elementor-post-type=\"page\">\n\t\t\t\t\t\t<section class=\"elementor-section elementor-top-section elementor-element elementor-element-560def9f elementor-section-height-min-height elementor-section-boxed elementor-section-height-default elementor-section-items-middle\" data-id=\"560def9f\" data-element_type=\"section\" data-e-type=\"section\" data-settings=\"{&quot;background_background&quot;:&quot;classic&quot;}\">\n\t\t\t\t\t\t\t<div class=\"elementor-background-overlay\"><\/div>\n\t\t\t\t\t\t\t<div class=\"elementor-container elementor-column-gap-default\">\n\t\t\t\t\t<div class=\"elementor-column elementor-col-100 elementor-top-column elementor-element elementor-element-65c5d5e8\" data-id=\"65c5d5e8\" data-element_type=\"column\" data-e-type=\"column\">\n\t\t\t<div class=\"elementor-widget-wrap elementor-element-populated\">\n\t\t\t\t\t\t<div class=\"elementor-element elementor-element-58428f33 elementor-widget elementor-widget-heading\" data-id=\"58428f33\" data-element_type=\"widget\" data-e-type=\"widget\" data-widget_type=\"heading.default\">\n\t\t\t\t<div class=\"elementor-widget-container\">\n\t\t\t\t\t<h1 class=\"elementor-heading-title elementor-size-default\">Terminales del aeropuerto de Valencia<\/h1>\t\t\t\t<\/div>\n\t\t\t\t<\/div>\n\t\t\t\t<div class=\"elementor-element elementor-element-4e9a4b5f elementor-widget elementor-widget-heading\" data-id=\"4e9a4b5f\" data-element_type=\"widget\" data-e-type=\"widget\" data-widget_type=\"heading.default\">\n\t\t\t\t<div class=\"elementor-widget-container\">\n\t\t\t\t\t<p class=\"elementor-heading-title elementor-size-default\">La terminal \u00fanica de pasajeros que gestiona eficazmente el tr\u00e1fico del aeropuerto de Valencia<\/p>\t\t\t\t<\/div>\n\t\t\t\t<\/div>\n\t\t\t\t<div class=\"elementor-element elementor-element-3ea0628 elementor-view-default elementor-invisible elementor-widget elementor-widget-icon\" data-id=\"3ea0628\" data-element_type=\"widget\" data-e-type=\"widget\" data-settings=\"{&quot;_animation&quot;:&quot;fadeInDown&quot;,&quot;_animation_delay&quot;:500}\" data-widget_type=\"icon.default\">\n\t\t\t\t<div class=\"elementor-widget-container\">\n\t\t\t\t\t\t\t<div class=\"elementor-icon-wrapper\">\n\t\t\t<div class=\"elementor-icon\">\n\t\t\t<svg aria-hidden=\"true\" class=\"e-font-icon-svg e-fas-chevron-down\" viewbox=\"0 0 448 512\" xmlns=\"http:\/\/www.w3.org\/2000\/svg\"><path d=\"M207.029 381.476L12.686 187.132c-9.373-9.373-9.373-24.569 0-33.941l22.667-22.667c9.357-9.357 24.522-9.375 33.901-.04L224 284.505l154.745-154.021c9.379-9.335 24.544-9.317 33.901.04l22.667 22.667c9.373 9.373 9.373 24.569 0 33.941L240.971 381.476c-9.373 9.372-24.569 9.372-33.942 0z\"><\/path><\/svg>\t\t\t<\/div>\n\t\t<\/div>\n\t\t\t\t\t\t<\/div>\n\t\t\t\t<\/div>\n\t\t\t\t\t<\/div>\n\t\t<\/div>\n\t\t\t\t\t<\/div>\n\t\t<\/section>\n\t\t\t\t<section class=\"elementor-section elementor-top-section elementor-element elementor-element-5a5eef55 elementor-section-content-middle elementor-section-boxed elementor-section-height-default elementor-section-height-default\" data-id=\"5a5eef55\" data-element_type=\"section\" data-e-type=\"section\">\n\t\t\t\t\t\t<div class=\"elementor-container elementor-column-gap-default\">\n\t\t\t\t\t<div class=\"elementor-column elementor-col-50 elementor-top-column elementor-element elementor-element-d687afe\" data-id=\"d687afe\" data-element_type=\"column\" data-e-type=\"column\">\n\t\t\t<div class=\"elementor-widget-wrap elementor-element-populated\">\n\t\t\t\t\t\t<div class=\"elementor-element elementor-element-5f384c6 elementor-widget elementor-widget-text-editor\" data-id=\"5f384c6\" data-element_type=\"widget\" data-e-type=\"widget\" data-widget_type=\"text-editor.default\">\n\t\t\t\t<div class=\"elementor-widget-container\">\n\t\t\t\t\t\t\t\t\t<p><strong><a href=\"https:\/\/valencia-international-airport.com\/\">Aeropuerto Internacional de Valencia (VLC)<\/a><\/strong> &gt; <strong><a href=\"https:\/\/valencia-international-airport.com\/guide\/\">Gu\u00eda<\/a><\/strong> &gt;<strong> Terminales<\/strong><\/p>\t\t\t\t\t\t\t\t<\/div>\n\t\t\t\t<\/div>\n\t\t\t\t<div class=\"elementor-element elementor-element-9a5997e elementor-widget elementor-widget-heading\" data-id=\"9a5997e\" data-element_type=\"widget\" data-e-type=\"widget\" data-widget_type=\"heading.default\">\n\t\t\t\t<div class=\"elementor-widget-container\">\n\t\t\t\t\t<h2 class=\"elementor-heading-title elementor-size-default\">\u00bfCu\u00e1ntas Terminales tiene el Aeropuerto de Valencia?<\/h2>\t\t\t\t<\/div>\n\t\t\t\t<\/div>\n\t\t\t\t<div class=\"elementor-element elementor-element-53c71dc elementor-widget elementor-widget-text-editor\" data-id=\"53c71dc\" data-element_type=\"widget\" data-e-type=\"widget\" data-widget_type=\"text-editor.default\">\n\t\t\t\t<div class=\"elementor-widget-container\">\n\t\t\t\t\t\t\t\t\t<p class=\"\" data-start=\"82\" data-end=\"397\">El Aeropuerto de Valencia opera a trav\u00e9s de un \u00fanico edificio terminal integrado, lo que hace que la navegaci\u00f3n sea sencilla y eficiente para todos los pasajeros. A diferencia de aeropuertos m\u00e1s grandes con m\u00faltiples terminales, todas las salidas y llegadas en VLC se gestionan dentro de una terminal central, que es compacta y f\u00e1cil de recorrer a pie.<\/p><p class=\"\" data-start=\"399\" data-end=\"649\">Tambi\u00e9n hay una zona separada dedicada a las operaciones de carga, pero todo el tr\u00e1fico comercial de pasajeros, ya sea nacional, europeo o internacional, se procesa dentro del mismo complejo de terminales, lo que garantiza una experiencia de viaje fluida y sin estr\u00e9s.<\/p>\t\t\t\t\t\t\t\t<\/div>\n\t\t\t\t<\/div>\n\t\t\t\t<div class=\"elementor-element elementor-element-9b81026 elementor-widget elementor-widget-heading\" data-id=\"9b81026\" data-element_type=\"widget\" data-e-type=\"widget\" data-widget_type=\"heading.default\">\n\t\t\t\t<div class=\"elementor-widget-container\">\n\t\t\t\t\t<h2 class=\"elementor-heading-title elementor-size-default\">La Terminal \u00danica del Aeropuerto de Valencia<\/h2>\t\t\t\t<\/div>\n\t\t\t\t<\/div>\n\t\t\t\t<div class=\"elementor-element elementor-element-3d0724c elementor-widget elementor-widget-image\" data-id=\"3d0724c\" data-element_type=\"widget\" data-e-type=\"widget\" data-widget_type=\"image.default\">\n\t\t\t\t<div class=\"elementor-widget-container\">\n\t\t\t\t\t\t\t\t\t\t\t\t\t\t\t<img fetchpriority=\"high\" decoding=\"async\" width=\"800\" height=\"534\" src=\"https:\/\/valencia-international-airport.com\/wp-content\/uploads\/2025\/03\/Valencia-airport-Terminal-1024x683.jpg\" class=\"attachment-large size-large wp-image-564\" alt=\"Terminal del aeropuerto de Valencia\" srcset=\"https:\/\/valencia-international-airport.com\/wp-content\/uploads\/2025\/03\/Valencia-airport-Terminal-1024x683.jpg 1024w, https:\/\/valencia-international-airport.com\/wp-content\/uploads\/2025\/03\/Valencia-airport-Terminal-300x200.jpg 300w, https:\/\/valencia-international-airport.com\/wp-content\/uploads\/2025\/03\/Valencia-airport-Terminal-768x512.jpg 768w, https:\/\/valencia-international-airport.com\/wp-content\/uploads\/2025\/03\/Valencia-airport-Terminal.jpg 1200w\" sizes=\"(max-width: 800px) 100vw, 800px\" \/>\t\t\t\t\t\t\t\t\t\t\t\t\t\t\t<\/div>\n\t\t\t\t<\/div>\n\t\t\t\t<div class=\"elementor-element elementor-element-5f532f7 elementor-widget elementor-widget-text-editor\" data-id=\"5f532f7\" data-element_type=\"widget\" data-e-type=\"widget\" data-widget_type=\"text-editor.default\">\n\t\t\t\t<div class=\"elementor-widget-container\">\n\t\t\t\t\t\t\t\t\t<p class=\"\" data-start=\"307\" data-end=\"614\">A diferencia de los grandes aeropuertos con m\u00faltiples terminales, el Aeropuerto de Valencia (VLC) opera a trav\u00e9s de un edificio terminal unificado y moderno. Este dise\u00f1o racionalizado hace que la navegaci\u00f3n sea incre\u00edblemente f\u00e1cil y sin estr\u00e9s, especialmente para los viajeros que buscan evitar largas caminatas, se\u00f1alizaci\u00f3n confusa o transbordos entre terminales.<\/p><p class=\"\" data-start=\"616\" data-end=\"1025\">Aunque no tiene la envergadura de hubs como Barcelona o Madrid, la terminal de Valencia gestiona tanto el tr\u00e1fico nacional como el internacional, incluidos los vuelos Schengen y no Schengen, as\u00ed como las aerol\u00edneas de bajo coste y de servicio completo. Todos los servicios al pasajero, desde facturaci\u00f3n y seguridad hasta embarque y recogida de equipajes, est\u00e1n ubicados en el mismo edificio, lo que garantiza una experiencia aeroportuaria eficiente.<\/p><p class=\"\" data-start=\"1027\" data-end=\"1530\">La terminal se distribuye en varios niveles, separando los flujos de llegadas y salidas para optimizar los movimientos. La planta baja est\u00e1 dedicada a las llegadas y la recogida de equipajes, mientras que las salidas se sit\u00faan en el nivel superior, donde se encuentran los mostradores de facturaci\u00f3n, el control de seguridad y las puertas de embarque. Los viajeros tambi\u00e9n encontrar\u00e1n en este espacio compacto pero bien dise\u00f1ado una serie de salas VIP, control de pasaportes para vuelos no Schengen y zonas de embarque para todos los destinos.<\/p>\t\t\t\t\t\t\t\t<\/div>\n\t\t\t\t<\/div>\n\t\t\t\t<div class=\"elementor-element elementor-element-91d42cd elementor-widget elementor-widget-heading\" data-id=\"91d42cd\" data-element_type=\"widget\" data-e-type=\"widget\" data-widget_type=\"heading.default\">\n\t\t\t\t<div class=\"elementor-widget-container\">\n\t\t\t\t\t<h2 class=\"elementor-heading-title elementor-size-default\">Servicios adicionales para pasajeros\n<\/h2>\t\t\t\t<\/div>\n\t\t\t\t<\/div>\n\t\t\t\t<div class=\"elementor-element elementor-element-3ad0058 elementor-widget elementor-widget-text-editor\" data-id=\"3ad0058\" data-element_type=\"widget\" data-e-type=\"widget\" data-widget_type=\"text-editor.default\">\n\t\t\t\t<div class=\"elementor-widget-container\">\n\t\t\t\t\t\t\t\t\t<ul data-start=\"2058\" data-end=\"2576\"><li class=\"\" data-start=\"2058\" data-end=\"2253\"><p class=\"\" data-start=\"2060\" data-end=\"2253\"><strong data-start=\"2060\" data-end=\"2077\">Zona de fumadores:<\/strong> Pasado el control de seguridad, en la zona de salidas, hay una terraza para fumadores. Aunque la se\u00f1alizaci\u00f3n no es muy visible, los viajeros pueden pedir indicaciones al personal del aeropuerto.<\/p><\/li><li class=\"\" data-start=\"2257\" data-end=\"2451\"><p class=\"\" data-start=\"2259\" data-end=\"2451\"><strong data-start=\"2259\" data-end=\"2279\">Acceso con movilidad:<\/strong> La terminal es totalmente accesible, con servicios e instalaciones para pasajeros con movilidad reducida, incluidos ascensores, aseos adaptados y asistencia prioritaria.<\/p><\/li><li class=\"\" data-start=\"2455\" data-end=\"2576\"><p class=\"\" data-start=\"2457\" data-end=\"2576\"><strong data-start=\"2457\" data-end=\"2487\">Carga de veh\u00edculos el\u00e9ctricos:<\/strong> Las zonas de aparcamiento del aeropuerto est\u00e1n equipadas con estaciones de carga para veh\u00edculos el\u00e9ctricos.<\/p><\/li><\/ul>\t\t\t\t\t\t\t\t<\/div>\n\t\t\t\t<\/div>\n\t\t\t\t\t<\/div>\n\t\t<\/div>\n\t\t\t\t<div class=\"elementor-column elementor-col-50 elementor-top-column elementor-element elementor-element-4b56e3a9\" data-id=\"4b56e3a9\" data-element_type=\"column\" data-e-type=\"column\" data-settings=\"{&quot;background_background&quot;:&quot;classic&quot;}\">\n\t\t\t<div class=\"elementor-widget-wrap\">\n\t\t\t\t\t\t\t<\/div>\n\t\t<\/div>\n\t\t\t\t\t<\/div>\n\t\t<\/section>\n\t\t\t\t<\/div>","protected":false},"excerpt":{"rendered":"<p>Valencia Airport Terminals The Single Passenger Terminal That Efficiently Handles Valencia Airport Traffic Valencia International Airport (VLC) &gt; Guide &gt; Terminals How many Terminals does Valencia Airport have? Valencia Airport operates through a single, integrated terminal building, making navigation simple and efficient for all passengers. Unlike larger airports with multiple terminals, all departures and arrivals [&hellip;]<\/p>\n","protected":false},"author":1,"featured_media":0,"parent":148,"menu_order":0,"comment_status":"closed","ping_status":"closed","template":"","meta":{"footnotes":""},"class_list":["post-159","page","type-page","status-publish","hentry"],"_links":{"self":[{"href":"https:\/\/valencia-international-airport.com\/es\/wp-json\/wp\/v2\/pages\/159","targetHints":{"allow":["GET"]}}],"collection":[{"href":"https:\/\/valencia-international-airport.com\/es\/wp-json\/wp\/v2\/pages"}],"about":[{"href":"https:\/\/valencia-international-airport.com\/es\/wp-json\/wp\/v2\/types\/page"}],"author":[{"embeddable":true,"href":"https:\/\/valencia-international-airport.com\/es\/wp-json\/wp\/v2\/users\/1"}],"replies":[{"embeddable":true,"href":"https:\/\/valencia-international-airport.com\/es\/wp-json\/wp\/v2\/comments?post=159"}],"version-history":[{"count":9,"href":"https:\/\/valencia-international-airport.com\/es\/wp-json\/wp\/v2\/pages\/159\/revisions"}],"predecessor-version":[{"id":568,"href":"https:\/\/valencia-international-airport.com\/es\/wp-json\/wp\/v2\/pages\/159\/revisions\/568"}],"up":[{"embeddable":true,"href":"https:\/\/valencia-international-airport.com\/es\/wp-json\/wp\/v2\/pages\/148"}],"wp:attachment":[{"href":"https:\/\/valencia-international-airport.com\/es\/wp-json\/wp\/v2\/media?parent=159"}],"curies":[{"name":"wp","href":"https:\/\/api.w.org\/{rel}","templated":true}]}}