{"id":165,"date":"2024-09-19T10:48:48","date_gmt":"2024-09-19T10:48:48","guid":{"rendered":"https:\/\/valencia-international-airport.com\/?page_id=165"},"modified":"2025-04-03T11:57:39","modified_gmt":"2025-04-03T11:57:39","slug":"escala","status":"publish","type":"page","link":"https:\/\/valencia-international-airport.com\/es\/guide\/layover\/","title":{"rendered":"Escala"},"content":{"rendered":"<div data-elementor-type=\"wp-page\" data-elementor-id=\"165\" class=\"elementor elementor-165\" data-elementor-post-type=\"page\">\n\t\t\t\t\t\t<section class=\"elementor-section elementor-top-section elementor-element elementor-element-560def9f elementor-section-height-min-height elementor-section-boxed elementor-section-height-default elementor-section-items-middle\" data-id=\"560def9f\" data-element_type=\"section\" data-e-type=\"section\" data-settings=\"{&quot;background_background&quot;:&quot;classic&quot;}\">\n\t\t\t\t\t\t\t<div class=\"elementor-background-overlay\"><\/div>\n\t\t\t\t\t\t\t<div class=\"elementor-container elementor-column-gap-default\">\n\t\t\t\t\t<div class=\"elementor-column elementor-col-100 elementor-top-column elementor-element elementor-element-65c5d5e8\" data-id=\"65c5d5e8\" data-element_type=\"column\" data-e-type=\"column\">\n\t\t\t<div class=\"elementor-widget-wrap elementor-element-populated\">\n\t\t\t\t\t\t<div class=\"elementor-element elementor-element-58428f33 elementor-widget elementor-widget-heading\" data-id=\"58428f33\" data-element_type=\"widget\" data-e-type=\"widget\" data-widget_type=\"heading.default\">\n\t\t\t\t<div class=\"elementor-widget-container\">\n\t\t\t\t\t<h1 class=\"elementor-heading-title elementor-size-default\">Escala en el aeropuerto de Valencia\n<\/h1>\t\t\t\t<\/div>\n\t\t\t\t<\/div>\n\t\t\t\t<div class=\"elementor-element elementor-element-4e9a4b5f elementor-widget elementor-widget-heading\" data-id=\"4e9a4b5f\" data-element_type=\"widget\" data-e-type=\"widget\" data-widget_type=\"heading.default\">\n\t\t\t\t<div class=\"elementor-widget-container\">\n\t\t\t\t\t<p class=\"elementor-heading-title elementor-size-default\">Cosas que hacer y consejos \u00fatiles para su escala en el aeropuerto de Valencia\n<\/p>\t\t\t\t<\/div>\n\t\t\t\t<\/div>\n\t\t\t\t<div class=\"elementor-element elementor-element-3ea0628 elementor-view-default elementor-invisible elementor-widget elementor-widget-icon\" data-id=\"3ea0628\" data-element_type=\"widget\" data-e-type=\"widget\" data-settings=\"{&quot;_animation&quot;:&quot;fadeInDown&quot;,&quot;_animation_delay&quot;:500}\" data-widget_type=\"icon.default\">\n\t\t\t\t<div class=\"elementor-widget-container\">\n\t\t\t\t\t\t\t<div class=\"elementor-icon-wrapper\">\n\t\t\t<div class=\"elementor-icon\">\n\t\t\t<svg aria-hidden=\"true\" class=\"e-font-icon-svg e-fas-chevron-down\" viewbox=\"0 0 448 512\" xmlns=\"http:\/\/www.w3.org\/2000\/svg\"><path d=\"M207.029 381.476L12.686 187.132c-9.373-9.373-9.373-24.569 0-33.941l22.667-22.667c9.357-9.357 24.522-9.375 33.901-.04L224 284.505l154.745-154.021c9.379-9.335 24.544-9.317 33.901.04l22.667 22.667c9.373 9.373 9.373 24.569 0 33.941L240.971 381.476c-9.373 9.372-24.569 9.372-33.942 0z\"><\/path><\/svg>\t\t\t<\/div>\n\t\t<\/div>\n\t\t\t\t\t\t<\/div>\n\t\t\t\t<\/div>\n\t\t\t\t\t<\/div>\n\t\t<\/div>\n\t\t\t\t\t<\/div>\n\t\t<\/section>\n\t\t\t\t<section class=\"elementor-section elementor-top-section elementor-element elementor-element-5a5eef55 elementor-section-content-middle elementor-section-boxed elementor-section-height-default elementor-section-height-default\" data-id=\"5a5eef55\" data-element_type=\"section\" data-e-type=\"section\">\n\t\t\t\t\t\t<div class=\"elementor-container elementor-column-gap-default\">\n\t\t\t\t\t<div class=\"elementor-column elementor-col-50 elementor-top-column elementor-element elementor-element-d687afe\" data-id=\"d687afe\" data-element_type=\"column\" data-e-type=\"column\">\n\t\t\t<div class=\"elementor-widget-wrap elementor-element-populated\">\n\t\t\t\t\t\t<div class=\"elementor-element elementor-element-5f384c6 elementor-widget elementor-widget-text-editor\" data-id=\"5f384c6\" data-element_type=\"widget\" data-e-type=\"widget\" data-widget_type=\"text-editor.default\">\n\t\t\t\t<div class=\"elementor-widget-container\">\n\t\t\t\t\t\t\t\t\t<p><strong><a href=\"https:\/\/valencia-international-airport.com\/\">Aeropuerto internacional de Valencia (VLC)<\/a><\/strong> &gt; <strong><a href=\"https:\/\/valencia-international-airport.com\/guide\/\">Gu\u00eda<\/a> &gt; \u00a0<span class=\"breadcrumb_last\" aria-current=\"page\">Escala en el aeropuerto<\/span><\/strong><\/p>\t\t\t\t\t\t\t\t<\/div>\n\t\t\t\t<\/div>\n\t\t\t\t<div class=\"elementor-element elementor-element-9a5997e elementor-widget elementor-widget-heading\" data-id=\"9a5997e\" data-element_type=\"widget\" data-e-type=\"widget\" data-widget_type=\"heading.default\">\n\t\t\t\t<div class=\"elementor-widget-container\">\n\t\t\t\t\t<h2 class=\"elementor-heading-title elementor-size-default\">El tiempo de escala en el aeropuerto de Valnecia no es tiempo perdido<\/h2>\t\t\t\t<\/div>\n\t\t\t\t<\/div>\n\t\t\t\t<div class=\"elementor-element elementor-element-53c71dc elementor-widget elementor-widget-text-editor\" data-id=\"53c71dc\" data-element_type=\"widget\" data-e-type=\"widget\" data-widget_type=\"text-editor.default\">\n\t\t\t\t<div class=\"elementor-widget-container\">\n\t\t\t\t\t\t\t\t\t<p class=\"\" data-start=\"197\" data-end=\"368\">Seamos sinceros: a nadie le gusta hacer escala. Esperar al siguiente vuelo puede parecer una p\u00e9rdida de tiempo. Pero, \u00bfy si la escala se convirtiera en el punto culminante del viaje?<\/p>\n<p class=\"\" data-start=\"370\" data-end=\"680\">Tanto si tiene un <strong data-start=\"389\" data-end=\"409\">conexi\u00f3n corta<\/strong> o un <strong data-start=\"415\" data-end=\"431\">larga escala<\/strong> adelante, <strong data-start=\"439\" data-end=\"465\">Aeropuerto de Valencia (VLC)<\/strong> ofrece una amplia gama de formas de convertir su espera en una experiencia agradable y productiva. Para paradas r\u00e1pidas, disfrute de un caf\u00e9 en una de las cafeter\u00edas del aeropuerto, p\u00f3ngase al d\u00eda con el trabajo gracias a la conexi\u00f3n Wi-Fi gratuita o eche un vistazo a las tiendas libres de impuestos.<\/p>\n<p class=\"\" data-start=\"682\" data-end=\"949\">\u00bfLe sobra tiempo? Considere la posibilidad de salir del aeropuerto y explorar la cercana Valencia. Con el centro de la ciudad a s\u00f3lo 20-25 minutos en metro o taxi, podr\u00e1 descubrir f\u00e1cilmente los monumentos locales, disfrutar de una comida de tapas o dar un paseo por los Jardines del Turia antes de regresar.<\/p>\n<p class=\"\" data-start=\"951\" data-end=\"1059\">No importa lo larga que sea su escala, el Aeropuerto de Valencia le ofrece muchas formas de aprovechar su tiempo.<\/p>\t\t\t\t\t\t\t\t<\/div>\n\t\t\t\t<\/div>\n\t\t\t\t<div class=\"elementor-element elementor-element-240f42f elementor-widget elementor-widget-image\" data-id=\"240f42f\" data-element_type=\"widget\" data-e-type=\"widget\" data-widget_type=\"image.default\">\n\t\t\t\t<div class=\"elementor-widget-container\">\n\t\t\t\t\t\t\t\t\t\t\t\t\t\t\t<img fetchpriority=\"high\" decoding=\"async\" width=\"800\" height=\"600\" src=\"https:\/\/valencia-international-airport.com\/wp-content\/uploads\/2025\/03\/layover-valencia-airport-1024x768.jpg\" class=\"attachment-large size-large wp-image-439\" alt=\"escala aeropuerto de valencia\" srcset=\"https:\/\/valencia-international-airport.com\/wp-content\/uploads\/2025\/03\/layover-valencia-airport-1024x768.jpg 1024w, https:\/\/valencia-international-airport.com\/wp-content\/uploads\/2025\/03\/layover-valencia-airport-300x225.jpg 300w, https:\/\/valencia-international-airport.com\/wp-content\/uploads\/2025\/03\/layover-valencia-airport-768x576.jpg 768w, https:\/\/valencia-international-airport.com\/wp-content\/uploads\/2025\/03\/layover-valencia-airport.jpg 1360w\" sizes=\"(max-width: 800px) 100vw, 800px\" \/>\t\t\t\t\t\t\t\t\t\t\t\t\t\t\t<\/div>\n\t\t\t\t<\/div>\n\t\t\t\t<div class=\"elementor-element elementor-element-9b81026 elementor-widget elementor-widget-heading\" data-id=\"9b81026\" data-element_type=\"widget\" data-e-type=\"widget\" data-widget_type=\"heading.default\">\n\t\t\t\t<div class=\"elementor-widget-container\">\n\t\t\t\t\t<h2 class=\"elementor-heading-title elementor-size-default\">Qu\u00e9 hacer en el aeropuerto de Valencia\n<\/h2>\t\t\t\t<\/div>\n\t\t\t\t<\/div>\n\t\t\t\t<div class=\"elementor-element elementor-element-5f532f7 elementor-widget elementor-widget-text-editor\" data-id=\"5f532f7\" data-element_type=\"widget\" data-e-type=\"widget\" data-widget_type=\"text-editor.default\">\n\t\t\t\t<div class=\"elementor-widget-container\">\n\t\t\t\t\t\t\t\t\t<p class=\"\" data-start=\"241\" data-end=\"565\">Puede que el Aeropuerto de VLC no sea tan grande como algunos de los mega-aeropuertos espa\u00f1oles, pero ofrece un entorno moderno y acogedor con muchas formas de hacer que su escala sea c\u00f3moda, productiva o incluso divertida. Tanto si est\u00e1 de paso como si se enfrenta a una larga espera, a continuaci\u00f3n le indicamos c\u00f3mo aprovechar al m\u00e1ximo su tiempo en el aeropuerto:<\/p>\n<hr class=\"\" data-start=\"567\" data-end=\"570\" \/>\n<h3 class=\"\" data-start=\"572\" data-end=\"607\">\ud83d\udecd\ufe0f Compre con inteligencia (o simplemente navegue)<\/h3>\n<p class=\"\" data-start=\"608\" data-end=\"932\">Aunque m\u00e1s peque\u00f1o que los grandes centros europeos, el aeropuerto de Valencia cuenta con una selecci\u00f3n de tiendas libres de impuestos, tiendas de recuerdos y marcas conocidas. Compre regalos de \u00faltima hora, art\u00edculos de viaje b\u00e1sicos o dese un capricho. \u00bfViaja ligero de equipaje o con poco presupuesto? Mirar escaparates sigue siendo una buena forma de pasar el tiempo.<\/p>\n<hr class=\"\" data-start=\"934\" data-end=\"937\" \/>\n<h3 class=\"\" data-start=\"939\" data-end=\"984\">\ud83c\udf7d\ufe0f Comer, beber y disfrutar de los sabores espa\u00f1oles<\/h3>\n<p class=\"\" data-start=\"985\" data-end=\"1298\">Reg\u00e1lese una comida relajante o un tentempi\u00e9 r\u00e1pido antes de su pr\u00f3ximo vuelo. El aeropuerto de Valencia ofrece una mezcla de cafeter\u00edas, bares y restaurantes de cocina internacional y espa\u00f1ola. \u00bfLe apetece algo local? Pruebe una copa de vino o una cerveza fr\u00eda con unas aut\u00e9nticas tapas valencianas, \u00a1al fin y al cabo est\u00e1 en Espa\u00f1a!<\/p>\n<hr class=\"\" data-start=\"1300\" data-end=\"1303\" \/>\n<h3 class=\"\" data-start=\"1305\" data-end=\"1341\">\ud83d\udcbb Mantente conectado y productivo<\/h3>\n<p class=\"\" data-start=\"1342\" data-end=\"1613\">Aproveche la conexi\u00f3n Wi-Fi gratuita en todo el aeropuerto. P\u00f3ngase al d\u00eda con el correo electr\u00f3nico, organice su itinerario de viaje, termine ese proyecto de \u00faltima hora o simplemente rel\u00e1jese con su serie favorita en streaming. Es el momento perfecto para hacer todas esas tareas online que has estado posponiendo.<\/p>\n<hr class=\"\" data-start=\"1615\" data-end=\"1618\" \/>\n<h3 class=\"\" data-start=\"1620\" data-end=\"1644\">\u2708\ufe0f Rel\u00e1jese y refr\u00e9squese<\/h3>\n<p class=\"\" data-start=\"1645\" data-end=\"1949\">\u00bfQuiere sentirse fresco y recargado para su pr\u00f3ximo vuelo? Aunque el aeropuerto de Valencia no cuenta con un spa completo, puede relajarse en la comodidad de la sala VIP del aeropuerto, disponible para todos los viajeros por una tarifa o con una suscripci\u00f3n. Disfrute de aperitivos, bebidas, espacios tranquilos y, a veces, incluso duchas.<\/p>\n<hr class=\"\" data-start=\"1951\" data-end=\"1954\" \/>\n<h3 class=\"\" data-start=\"1956\" data-end=\"1980\">\ud83d\ude4f Un momento de paz<\/h3>\n<p class=\"\" data-start=\"1981\" data-end=\"2163\">\u00bfNecesita un lugar tranquilo para reflexionar o rezar? El aeropuerto de Valencia dispone de una sala de oraci\u00f3n multiconfesional a disposici\u00f3n de los pasajeros, que ofrece un espacio de paz alejado del ajetreado entorno de la terminal.<\/p>\n<hr class=\"\" data-start=\"2165\" data-end=\"2168\" \/>\n<h3 class=\"\" data-start=\"2170\" data-end=\"2197\">\ud83e\uddf8 En familia<\/h3>\n<p class=\"\" data-start=\"2198\" data-end=\"2386\">\u00bfViaja con ni\u00f1os? Las zonas de juegos infantiles de la terminal pueden ayudarle a quemar energ\u00edas y mantener entretenidos a los m\u00e1s peque\u00f1os durante las largas escalas. Usted se relaja, ellos juegan. Todos salen ganando.<\/p>\n<hr class=\"\" data-start=\"2388\" data-end=\"2391\" \/>\n<h3 class=\"\" data-start=\"2393\" data-end=\"2415\">\ud83d\ude34 Descansa un poco<\/h3>\n<p class=\"\" data-start=\"2416\" data-end=\"2733\">\u00bfTiene una escala larga o un vuelo a primera hora de la ma\u00f1ana? Aunque el aeropuerto de Valencia no cuenta con un hotel de tr\u00e1nsito, hay c\u00f3modos sillones en zonas m\u00e1s tranquilas de la terminal donde podr\u00e1 echar una cabezadita. Si prefiere una cama de hotel, hay varios hoteles situados a pocos minutos en coche del aeropuerto que ofrecen servicios de transporte.<\/p>\n<hr class=\"\" data-start=\"2735\" data-end=\"2738\" \/>\n<p class=\"\" data-start=\"2740\" data-end=\"2989\"><strong data-start=\"2740\" data-end=\"2754\">Consejo final:<\/strong> Con el centro de la ciudad a s\u00f3lo 20-25 minutos de distancia, una escala m\u00e1s larga podr\u00eda ser su oportunidad para explorar las playas de Valencia, el casco antiguo o la Ciudad de las Artes y las Ciencias, s\u00f3lo aseg\u00farese de que dispone de tiempo suficiente para volver a pasar el control de seguridad.<\/p>\t\t\t\t\t\t\t\t<\/div>\n\t\t\t\t<\/div>\n\t\t\t\t<div class=\"elementor-element elementor-element-8fe7900 elementor-widget elementor-widget-heading\" data-id=\"8fe7900\" data-element_type=\"widget\" data-e-type=\"widget\" data-widget_type=\"heading.default\">\n\t\t\t\t<div class=\"elementor-widget-container\">\n\t\t\t\t\t<h2 class=\"elementor-heading-title elementor-size-default\">\u00a1Las escalas largas le permiten conocer Valencia !\n<\/h2>\t\t\t\t<\/div>\n\t\t\t\t<\/div>\n\t\t\t\t<div class=\"elementor-element elementor-element-2a2a784 elementor-widget elementor-widget-text-editor\" data-id=\"2a2a784\" data-element_type=\"widget\" data-e-type=\"widget\" data-widget_type=\"text-editor.default\">\n\t\t\t\t<div class=\"elementor-widget-container\">\n\t\t\t\t\t\t\t\t\t<p class=\"\" data-start=\"222\" data-end=\"647\">\u00bfSe pregunta si tiene tiempo suficiente para salir del aeropuerto de Valencia y explorar la ciudad? Como regla general, necesitar\u00e1 al menos una escala de 6 a 7 horas para aprovechar al m\u00e1ximo una escapada r\u00e1pida a la ciudad. Aunque el aeropuerto de Valencia est\u00e1 a s\u00f3lo 20-25 minutos del centro de la ciudad en taxi o metro, no olvide tener en cuenta los controles de seguridad y los tiempos de embarque. Es esencial llegar al aeropuerto al menos 2 horas antes de su pr\u00f3ximo vuelo.<\/p>\n<p class=\"\" data-start=\"649\" data-end=\"820\">As\u00ed que, si su escala es lo suficientemente larga, guarde su equipaje en el aeropuerto, s\u00fabase al Metro (l\u00edneas 3 \u00f3 5) o coja un taxi, \u00a1y empiece a descubrir el encanto de Valencia!<\/p>\n<hr class=\"\" data-start=\"822\" data-end=\"825\" \/>\n<h3 class=\"\" data-start=\"827\" data-end=\"854\"><strong data-start=\"831\" data-end=\"854\">1. Reservar una visita a la ciudad<\/strong><\/h3>\n<p class=\"\" data-start=\"855\" data-end=\"1179\">La forma m\u00e1s eficaz de explorar los lugares m\u00e1s destacados de Valencia en poco tiempo es reservar una visita guiada. Encontrar\u00e1 diversas opciones -tours privados y en grupo- con salida directa desde la ciudad o cerca del aeropuerto. Desde autobuses tur\u00edsticos hasta rutas a pie por el casco antiguo, hay algo para cada viajero.<\/p>\n<p class=\"\" data-start=\"1181\" data-end=\"1329\">Consejo profesional: \u00bfQuiere algo diferente? Una ruta de tapas y cata de vinos es la introducci\u00f3n perfecta a la escena culinaria mediterr\u00e1nea de Valencia.<\/p>\n<hr class=\"\" data-start=\"1331\" data-end=\"1334\" \/>\n<h3 class=\"\" data-start=\"1336\" data-end=\"1396\"><strong data-start=\"1340\" data-end=\"1396\">2. Descubra la Plaza del Ayuntamiento y el Mercado Central<\/strong><\/h3>\n<p class=\"\" data-start=\"1397\" data-end=\"1740\">Comience su propio recorrido a pie en la Plaza del Ayuntamiento, la gran plaza de la ciudad flanqueada por elegantes edificios. A continuaci\u00f3n, pasee hasta el famoso Mercado Central, uno de los mercados de abastos m\u00e1s grandes y bellos de Europa. En su interior encontrar\u00e1 de todo, desde jam\u00f3n ib\u00e9rico y aceitunas hasta marisco fresco y productos artesanales, perfectos para un bocado r\u00e1pido.<\/p>\n<hr class=\"\" data-start=\"1742\" data-end=\"1745\" \/>\n<h3 class=\"\" data-start=\"1747\" data-end=\"1786\"><strong data-start=\"1751\" data-end=\"1786\">3. Sum\u00e9rjase en el arte y la arquitectura<\/strong><\/h3>\n<p class=\"\" data-start=\"1787\" data-end=\"2102\">Para los amantes del arte, la Ciudad de las Artes y las Ciencias de Valencia es una visita obligada. Este complejo futurista incluye el Museo de las Ciencias, el cine Hemisf\u00e8ric y el Oceanogr\u00e0fic, el mayor acuario de Europa. Si su tiempo es limitado, admire la arquitectura desde el exterior y rel\u00e1jese en los espacios abiertos que rodean el complejo.<\/p>\n<hr class=\"\" data-start=\"2104\" data-end=\"2107\" \/>\n<h3 class=\"\" data-start=\"2109\" data-end=\"2166\"><strong data-start=\"2113\" data-end=\"2166\">4. Pasear por El Carmen y ver la Lonja de la Seda<\/strong><\/h3>\n<p class=\"\" data-start=\"2167\" data-end=\"2420\">Pasee por El Carmen, el barrio m\u00e1s hist\u00f3rico de la ciudad, repleto de callejuelas, arte callejero, acogedores caf\u00e9s y monumentos antiguos. No se pierda la Lonja de la Seda, declarada Patrimonio de la Humanidad por la UNESCO y s\u00edmbolo de la \u00e9poca dorada del comercio valenciano.<\/p>\n<hr class=\"\" data-start=\"2422\" data-end=\"2425\" \/>\n<h3 class=\"\" data-start=\"2427\" data-end=\"2492\"><strong data-start=\"2431\" data-end=\"2492\">5. Rel\u00e1jate en los Jardines del Turia y admira el Palau de la M\u00fasica<\/strong><\/h3>\n<p class=\"\" data-start=\"2493\" data-end=\"2808\">Si prefiere tom\u00e1rselo con calma, dir\u00edjase al frondoso Jard\u00edn del Turia, un parque de 9 km que atraviesa la ciudad. Alquile una bicicleta o pasee hasta el Palau de la M\u00fasica, una impresionante sala de conciertos situada entre fuentes y palmeras. Este apacible entorno es ideal para estirar las piernas antes de su pr\u00f3ximo vuelo.<\/p>\n<hr class=\"\" data-start=\"2810\" data-end=\"2813\" \/>\n<h3 class=\"\" data-start=\"2815\" data-end=\"2869\"><strong data-start=\"2819\" data-end=\"2869\">6. Visita a la Catedral de Valencia y El Miguelete<\/strong><\/h3>\n<p class=\"\" data-start=\"2870\" data-end=\"3110\">Suba a la Torre del Miguelete para disfrutar de unas vistas panor\u00e1micas de la ciudad y explore la impresionante Catedral de Valencia, que mezcla estilos g\u00f3tico, barroco y rom\u00e1nico. Cuenta la leyenda que en su interior se guarda el Santo Grial, \u00bfpor qu\u00e9 no verlo con sus propios ojos?<\/p>\n<hr class=\"\" data-start=\"3112\" data-end=\"3115\" \/>\n<h3 class=\"\" data-start=\"3117\" data-end=\"3163\"><strong data-start=\"3121\" data-end=\"3163\">7. \u00bfEs aficionado al f\u00fatbol? Visita el estadio de Mestalla<\/strong><\/h3>\n<p class=\"\" data-start=\"3164\" data-end=\"3421\">Si le gusta el f\u00fatbol, aproveche su escala para visitar Mestalla, el hist\u00f3rico estadio del Valencia CF. Las visitas guiadas ofrecen acceso a los vestuarios, el t\u00fanel y el terreno de juego, lo que te permitir\u00e1 ver entre bastidores uno de los estadios de f\u00fatbol m\u00e1s antiguos de Espa\u00f1a.<\/p>\n<hr class=\"\" data-start=\"3423\" data-end=\"3426\" \/>\n<p class=\"\" data-start=\"3428\" data-end=\"3653\">Tanto si le gusta la gastronom\u00eda, la cultura, la historia o simplemente pasear, una escala en Valencia puede convertirse f\u00e1cilmente en una mini aventura. S\u00f3lo tienes que acordarte de controlar el tiempo y volver al aeropuerto con tiempo suficiente para facturar.<\/p>\t\t\t\t\t\t\t\t<\/div>\n\t\t\t\t<\/div>\n\t\t\t\t\t<\/div>\n\t\t<\/div>\n\t\t\t\t<div class=\"elementor-column elementor-col-50 elementor-top-column elementor-element elementor-element-4b56e3a9\" data-id=\"4b56e3a9\" data-element_type=\"column\" data-e-type=\"column\" data-settings=\"{&quot;background_background&quot;:&quot;classic&quot;}\">\n\t\t\t<div class=\"elementor-widget-wrap\">\n\t\t\t\t\t\t\t<\/div>\n\t\t<\/div>\n\t\t\t\t\t<\/div>\n\t\t<\/section>\n\t\t\t\t<\/div>","protected":false},"excerpt":{"rendered":"<p>Layover at Valencia Airport Things to Do and Useful Tips for your Layover at Valencia Airport Valencia international Airport (VLC) &gt; Guide &gt; \u00a0Layover at the Airport Valnecia Airport Layover Time isn\u2019t Lost Time Let\u2019s be honest no one looks forward to a layover. Waiting for your next flight can feel like wasted time. But [&hellip;]<\/p>\n","protected":false},"author":1,"featured_media":0,"parent":148,"menu_order":0,"comment_status":"closed","ping_status":"closed","template":"","meta":{"footnotes":""},"class_list":["post-165","page","type-page","status-publish","hentry"],"_links":{"self":[{"href":"https:\/\/valencia-international-airport.com\/es\/wp-json\/wp\/v2\/pages\/165","targetHints":{"allow":["GET"]}}],"collection":[{"href":"https:\/\/valencia-international-airport.com\/es\/wp-json\/wp\/v2\/pages"}],"about":[{"href":"https:\/\/valencia-international-airport.com\/es\/wp-json\/wp\/v2\/types\/page"}],"author":[{"embeddable":true,"href":"https:\/\/valencia-international-airport.com\/es\/wp-json\/wp\/v2\/users\/1"}],"replies":[{"embeddable":true,"href":"https:\/\/valencia-international-airport.com\/es\/wp-json\/wp\/v2\/comments?post=165"}],"version-history":[{"count":14,"href":"https:\/\/valencia-international-airport.com\/es\/wp-json\/wp\/v2\/pages\/165\/revisions"}],"predecessor-version":[{"id":546,"href":"https:\/\/valencia-international-airport.com\/es\/wp-json\/wp\/v2\/pages\/165\/revisions\/546"}],"up":[{"embeddable":true,"href":"https:\/\/valencia-international-airport.com\/es\/wp-json\/wp\/v2\/pages\/148"}],"wp:attachment":[{"href":"https:\/\/valencia-international-airport.com\/es\/wp-json\/wp\/v2\/media?parent=165"}],"curies":[{"name":"wp","href":"https:\/\/api.w.org\/{rel}","templated":true}]}}