{"id":182,"date":"2024-09-19T12:03:14","date_gmt":"2024-09-19T12:03:14","guid":{"rendered":"https:\/\/valencia-international-airport.com\/?page_id=182"},"modified":"2025-04-03T12:00:59","modified_gmt":"2025-04-03T12:00:59","slug":"hoteles-de-aeropuerto","status":"publish","type":"page","link":"https:\/\/valencia-international-airport.com\/es\/guide\/airport-hotels\/","title":{"rendered":"Hoteles del aeropuerto de Valencia"},"content":{"rendered":"<div data-elementor-type=\"wp-page\" data-elementor-id=\"182\" class=\"elementor elementor-182\" data-elementor-post-type=\"page\">\n\t\t\t\t\t\t<section class=\"elementor-section elementor-top-section elementor-element elementor-element-560def9f elementor-section-height-min-height elementor-section-boxed elementor-section-height-default elementor-section-items-middle\" data-id=\"560def9f\" data-element_type=\"section\" data-e-type=\"section\" data-settings=\"{&quot;background_background&quot;:&quot;classic&quot;}\">\n\t\t\t\t\t\t\t<div class=\"elementor-background-overlay\"><\/div>\n\t\t\t\t\t\t\t<div class=\"elementor-container elementor-column-gap-default\">\n\t\t\t\t\t<div class=\"elementor-column elementor-col-100 elementor-top-column elementor-element elementor-element-65c5d5e8\" data-id=\"65c5d5e8\" data-element_type=\"column\" data-e-type=\"column\">\n\t\t\t<div class=\"elementor-widget-wrap elementor-element-populated\">\n\t\t\t\t\t\t<div class=\"elementor-element elementor-element-58428f33 elementor-widget elementor-widget-heading\" data-id=\"58428f33\" data-element_type=\"widget\" data-e-type=\"widget\" data-widget_type=\"heading.default\">\n\t\t\t\t<div class=\"elementor-widget-container\">\n\t\t\t\t\t<h1 class=\"elementor-heading-title elementor-size-default\">Hoteles cerca del aeropuerto de Valencia\n<\/h1>\t\t\t\t<\/div>\n\t\t\t\t<\/div>\n\t\t\t\t<div class=\"elementor-element elementor-element-4e9a4b5f elementor-widget elementor-widget-heading\" data-id=\"4e9a4b5f\" data-element_type=\"widget\" data-e-type=\"widget\" data-widget_type=\"heading.default\">\n\t\t\t\t<div class=\"elementor-widget-container\">\n\t\t\t\t\t<p class=\"elementor-heading-title elementor-size-default\">Descubra los mejores hoteles cerca del aeropuerto y en el centro de Valencia<\/p>\t\t\t\t<\/div>\n\t\t\t\t<\/div>\n\t\t\t\t<div class=\"elementor-element elementor-element-3ea0628 elementor-view-default elementor-invisible elementor-widget elementor-widget-icon\" data-id=\"3ea0628\" data-element_type=\"widget\" data-e-type=\"widget\" data-settings=\"{&quot;_animation&quot;:&quot;fadeInDown&quot;,&quot;_animation_delay&quot;:500}\" data-widget_type=\"icon.default\">\n\t\t\t\t<div class=\"elementor-widget-container\">\n\t\t\t\t\t\t\t<div class=\"elementor-icon-wrapper\">\n\t\t\t<div class=\"elementor-icon\">\n\t\t\t<svg aria-hidden=\"true\" class=\"e-font-icon-svg e-fas-chevron-down\" viewbox=\"0 0 448 512\" xmlns=\"http:\/\/www.w3.org\/2000\/svg\"><path d=\"M207.029 381.476L12.686 187.132c-9.373-9.373-9.373-24.569 0-33.941l22.667-22.667c9.357-9.357 24.522-9.375 33.901-.04L224 284.505l154.745-154.021c9.379-9.335 24.544-9.317 33.901.04l22.667 22.667c9.373 9.373 9.373 24.569 0 33.941L240.971 381.476c-9.373 9.372-24.569 9.372-33.942 0z\"><\/path><\/svg>\t\t\t<\/div>\n\t\t<\/div>\n\t\t\t\t\t\t<\/div>\n\t\t\t\t<\/div>\n\t\t\t\t\t<\/div>\n\t\t<\/div>\n\t\t\t\t\t<\/div>\n\t\t<\/section>\n\t\t\t\t<section class=\"elementor-section elementor-top-section elementor-element elementor-element-5a5eef55 elementor-section-content-middle elementor-section-boxed elementor-section-height-default elementor-section-height-default\" data-id=\"5a5eef55\" data-element_type=\"section\" data-e-type=\"section\">\n\t\t\t\t\t\t<div class=\"elementor-container elementor-column-gap-default\">\n\t\t\t\t\t<div class=\"elementor-column elementor-col-50 elementor-top-column elementor-element elementor-element-d687afe\" data-id=\"d687afe\" data-element_type=\"column\" data-e-type=\"column\">\n\t\t\t<div class=\"elementor-widget-wrap elementor-element-populated\">\n\t\t\t\t\t\t<div class=\"elementor-element elementor-element-5f384c6 elementor-widget elementor-widget-text-editor\" data-id=\"5f384c6\" data-element_type=\"widget\" data-e-type=\"widget\" data-widget_type=\"text-editor.default\">\n\t\t\t\t<div class=\"elementor-widget-container\">\n\t\t\t\t\t\t\t\t\t<p><strong><a href=\"https:\/\/valencia-international-airport.com\/\">Aeropuerto Internacional de Valencia (VLC)<\/a><\/strong> &gt; <strong><a href=\"https:\/\/valencia-international-airport.com\/guide\/\">Gu\u00eda<\/a> &gt; \u00a0<span class=\"breadcrumb_last\" aria-current=\"page\">Hoteles del aeropuerto<\/span><\/strong><\/p>\t\t\t\t\t\t\t\t<\/div>\n\t\t\t\t<\/div>\n\t\t\t\t<div class=\"elementor-element elementor-element-9a5997e elementor-widget elementor-widget-heading\" data-id=\"9a5997e\" data-element_type=\"widget\" data-e-type=\"widget\" data-widget_type=\"heading.default\">\n\t\t\t\t<div class=\"elementor-widget-container\">\n\t\t\t\t\t<h2 class=\"elementor-heading-title elementor-size-default\">Los 5 mejores hoteles cerca del aeropuerto de Valencia <\/h2>\t\t\t\t<\/div>\n\t\t\t\t<\/div>\n\t\t\t\t<div class=\"elementor-element elementor-element-53c71dc elementor-widget elementor-widget-text-editor\" data-id=\"53c71dc\" data-element_type=\"widget\" data-e-type=\"widget\" data-widget_type=\"text-editor.default\">\n\t\t\t\t<div class=\"elementor-widget-container\">\n\t\t\t\t\t\t\t\t\t<p class=\"\" data-start=\"286\" data-end=\"683\">Si su tiempo en Valencia es limitado o tiene que coger un vuelo temprano, reservar un hotel en el centro de la ciudad puede no ser la opci\u00f3n m\u00e1s pr\u00e1ctica. Afortunadamente, a pocos minutos del aeropuerto de Valencia (VLC) hay varias opciones de alojamiento que ofrecen servicio de transporte gratuito, habitaciones confortables y una excelente relaci\u00f3n calidad-precio. He aqu\u00ed los 5 mejores hoteles cerca del aeropuerto de Valencia:<\/p><h3 data-start=\"690\" data-end=\"742\"><strong data-start=\"695\" data-end=\"742\">1. Travelodge Valencia Aeropuerto - Manises<\/strong><\/h3><p class=\"\" data-start=\"743\" data-end=\"1100\">Situado a s\u00f3lo 5 minutos a pie de la terminal del aeropuerto, en la localidad de Manises, el Travelodge Valencia Aeropuerto es una de las opciones de alojamiento m\u00e1s cercanas. Este hotel econ\u00f3mico ofrece habitaciones modernas con insonorizaci\u00f3n, aire acondicionado y servicio de desayuno opcional. Es perfecto para los viajeros que buscan comodidad sin arruinarse.<\/p><p class=\"\" data-start=\"1102\" data-end=\"1232\"><strong data-start=\"1102\" data-end=\"1114\">Nuestro consejo:<\/strong> Est\u00e1 bien comunicada por la l\u00ednea 3 de metro, lo que la convierte en una opci\u00f3n inteligente tanto para acceder al aeropuerto como para desplazarse r\u00e1pidamente a la ciudad.<\/p><h3 data-start=\"1239\" data-end=\"1292\"><strong data-start=\"1244\" data-end=\"1292\">2. Ibis Budget Valencia Aeropuerto - Manises<\/strong><\/h3><p class=\"\" data-start=\"1293\" data-end=\"1586\">A s\u00f3lo 400 metros del aeropuerto, Ibis Budget es otra opci\u00f3n popular para estancias cortas y vuelos tempranos. El hotel ofrece habitaciones minimalistas pero c\u00f3modas, cuarto de ba\u00f1o privado y recepci\u00f3n 24 horas. Se sirve un desayuno buf\u00e9 por un peque\u00f1o suplemento y hay aparcamiento.<\/p><p class=\"\" data-start=\"1588\" data-end=\"1682\"><strong data-start=\"1588\" data-end=\"1598\">Bonificaci\u00f3n:<\/strong> Tambi\u00e9n est\u00e1 junto a la estaci\u00f3n de metro de Rosas, que ofrece acceso directo al centro de Valencia.<\/p><h3 data-start=\"1689\" data-end=\"1714\"><strong data-start=\"1694\" data-end=\"1714\">3. Hotel Manises<\/strong><\/h3><p class=\"\" data-start=\"1715\" data-end=\"2007\">Situado a 10 minutos a pie de la terminal, el Hotel Manises ofrece alojamiento limpio y b\u00e1sico, ideal para una escala corta o un viaje de negocios. Las habitaciones tienen aire acondicionado y conexi\u00f3n Wi-Fi gratuita. Aunque es m\u00e1s modesto que algunas cadenas internacionales, ofrece valor y proximidad.<\/p><p class=\"\" data-start=\"2009\" data-end=\"2111\"><strong data-start=\"2009\" data-end=\"2021\">Consejo profesional:<\/strong> Ideal para viajeros en solitario o para quienes busquen una sencillez asequible cerca del aeropuerto.<\/p><h3 data-start=\"2118\" data-end=\"2161\"><strong data-start=\"2123\" data-end=\"2161\">4. Puerto Azafata Valencia - Manises<\/strong><\/h3><p class=\"\" data-start=\"2162\" data-end=\"2472\">El Port Azafata Valencia, hotel de 4 estrellas situado a 1,5 km del aeropuerto de Valencia, ofrece elegantes habitaciones insonorizadas, un restaurante de cocina mediterr\u00e1nea e incluso una piscina al aire libre. Dispone de servicio de transporte gratuito desde y hacia el aeropuerto, lo que lo convierte en una de las mejores opciones de lujo de la zona.<\/p><p class=\"\" data-start=\"2474\" data-end=\"2569\"><strong data-start=\"2474\" data-end=\"2483\">Ventaja:<\/strong> El hotel tambi\u00e9n ofrece salas de reuniones, lo que lo convierte en una gran opci\u00f3n para los viajeros de negocios.<\/p><h3 data-start=\"2576\" data-end=\"2618\"><strong data-start=\"2581\" data-end=\"2618\">5. Hotel T\u00e1ctica by C&amp;R - Paterna<\/strong><\/h3><p class=\"\" data-start=\"2619\" data-end=\"2966\">Situado a unos 3,5 km del aeropuerto, el Hotel T\u00e1ctica es un moderno hotel de 4 estrellas que dispone de amplias habitaciones, piscina cubierta, gimnasio y un elegante restaurante. Se ofrece un servicio gratuito de enlace con el aeropuerto bajo petici\u00f3n. Aunque est\u00e1 un poco m\u00e1s lejos, sigue siendo una opci\u00f3n pr\u00e1ctica para los viajeros que buscan comodidad y servicios adicionales.<\/p><p class=\"\" data-start=\"2968\" data-end=\"3060\"><strong data-start=\"2968\" data-end=\"2982\">Lo m\u00e1s destacado:<\/strong> Gran equilibrio entre la proximidad al aeropuerto y una experiencia hotelera m\u00e1s completa.<\/p>\t\t\t\t\t\t\t\t<\/div>\n\t\t\t\t<\/div>\n\t\t\t\t<div class=\"elementor-element elementor-element-241ab16 elementor-widget elementor-widget-heading\" data-id=\"241ab16\" data-element_type=\"widget\" data-e-type=\"widget\" data-widget_type=\"heading.default\">\n\t\t\t\t<div class=\"elementor-widget-container\">\n\t\t\t\t\t<h2 class=\"elementor-heading-title elementor-size-default\">Los 5 mejores hoteles del centro de Valencia<\/h2>\t\t\t\t<\/div>\n\t\t\t\t<\/div>\n\t\t\t\t<div class=\"elementor-element elementor-element-1299d76 elementor-widget elementor-widget-text-editor\" data-id=\"1299d76\" data-element_type=\"widget\" data-e-type=\"widget\" data-widget_type=\"text-editor.default\">\n\t\t\t\t<div class=\"elementor-widget-container\">\n\t\t\t\t\t\t\t\t\t<p class=\"\" data-start=\"278\" data-end=\"580\">El vibrante centro de Valencia ofrece una gran variedad de opciones de alojamiento, desde elegantes hoteles de 5 estrellas hasta encantadoras y asequibles pensiones. Tanto si viaja por negocios como por placer, estas <strong data-start=\"469\" data-end=\"503\">top 5 hoteles c\u00e9ntricos<\/strong> en Valencia ofrecen comodidad, estilo y una base ideal para explorar la ciudad.<\/p><h3 data-start=\"587\" data-end=\"640\"><strong data-start=\"592\" data-end=\"640\">1. Caro Hotel - Lujo en un entorno hist\u00f3rico<\/strong><\/h3><p class=\"\" data-start=\"641\" data-end=\"1095\">Disfrute de la refinada elegancia del Caro Hotel, un hotel de 5 estrellas \u00fanico en el coraz\u00f3n de Valencia. Ubicado en un palacio del siglo XIX, el hotel combina la arquitectura hist\u00f3rica con el dise\u00f1o contempor\u00e1neo. Cuenta con 26 lujosas habitaciones, una terraza en la azotea con piscina y un restaurante con estrella Michelin, Sents. A pocos pasos de la Catedral de Valencia y los Jardines del Turia, es ideal para los amantes del lujo y la cultura.<\/p><h3 data-start=\"1102\" data-end=\"1136\"><strong data-start=\"1107\" data-end=\"1136\">2. Hospes Palau de la Mar<\/strong><\/h3><p class=\"\" data-start=\"1137\" data-end=\"1539\">Situado cerca de la elegante calle Col\u00f3n, el Hospes Palau de la Mar es un impresionante hotel boutique de 5 estrellas que combina la arquitectura cl\u00e1sica valenciana con un dise\u00f1o minimalista. Ofrece 66 elegantes habitaciones, un spa de bienestar, un gimnasio y el restaurante gourmet Ampar, conocido por su moderna cocina mediterr\u00e1nea. Es una gran opci\u00f3n para parejas o viajeros en solitario que buscan comodidad y sofisticaci\u00f3n.<\/p><h3 data-start=\"1546\" data-end=\"1581\"><strong data-start=\"1551\" data-end=\"1581\">3. Only YOU Hotel Valencia<\/strong><\/h3><p class=\"\" data-start=\"1582\" data-end=\"1939\">Situado en un lugar privilegiado cerca de la Plaza del Ayuntamiento, el Only YOU Hotel Valencia es un hotel lujoso y vibrante con interiores de estilo urbano, un famoso restaurante y bar de c\u00f3cteles en la azotea y un elegante sal\u00f3n. Con 191 habitaciones, gimnasio y salas de reuniones, este hotel de 5 estrellas es perfecto para viajes de negocios o escapadas a la moda.<\/p><h3 data-start=\"1946\" data-end=\"1982\"><strong data-start=\"1951\" data-end=\"1982\">4. Hotel Boutique Balandret<\/strong><\/h3><p class=\"\" data-start=\"1983\" data-end=\"2354\">El Hotel Boutique Balandret, situado frente al mar y bien comunicado con el centro de la ciudad en metro o autob\u00fas, ofrece una estancia refrescante frente al mar con una decoraci\u00f3n mediterr\u00e1nea cl\u00e1sica y comodidades modernas. Dispone de 21 habitaciones bien equipadas, un restaurante local y un ambiente relajante. Una opci\u00f3n encantadora para quienes deseen combinar la exploraci\u00f3n de la ciudad con la tranquilidad junto al mar.<\/p><h3 data-start=\"2361\" data-end=\"2387\"><strong data-start=\"2366\" data-end=\"2387\">5. Hostal Venecia<\/strong><\/h3><p class=\"\" data-start=\"2388\" data-end=\"2768\">Para los viajeros que buscan comodidad a buen precio, el Hostal Venecia es una de las estancias con mejor relaci\u00f3n calidad-precio del centro de Valencia. Con vistas a la Plaza del Ayuntamiento, ofrece habitaciones limpias y elegantes con toques modernos a precios asequibles. Los hu\u00e9spedes pueden disfrutar de un desayuno buffet y f\u00e1cil acceso a tiendas, restaurantes y transporte p\u00fablico, perfecto para explorar el casco antiguo a pie.<\/p>\t\t\t\t\t\t\t\t<\/div>\n\t\t\t\t<\/div>\n\t\t\t\t\t<\/div>\n\t\t<\/div>\n\t\t\t\t<div class=\"elementor-column elementor-col-50 elementor-top-column elementor-element elementor-element-4b56e3a9\" data-id=\"4b56e3a9\" data-element_type=\"column\" data-e-type=\"column\" data-settings=\"{&quot;background_background&quot;:&quot;classic&quot;}\">\n\t\t\t<div class=\"elementor-widget-wrap\">\n\t\t\t\t\t\t\t<\/div>\n\t\t<\/div>\n\t\t\t\t\t<\/div>\n\t\t<\/section>\n\t\t\t\t<\/div>","protected":false},"excerpt":{"rendered":"<p>Hotels near Valencia Airport Discover the Top Hotels near Valencia Airport and in Valencia City Center Valencia International Airport (VLC) &gt; Guide &gt; \u00a0Airport Hotels The Top 5 Hotels near Valencia Airport If your time in Valencia is limited or you&#8217;re catching an early flight, booking a hotel in the city center may not be [&hellip;]<\/p>\n","protected":false},"author":1,"featured_media":0,"parent":148,"menu_order":0,"comment_status":"closed","ping_status":"closed","template":"","meta":{"footnotes":""},"class_list":["post-182","page","type-page","status-publish","hentry"],"_links":{"self":[{"href":"https:\/\/valencia-international-airport.com\/es\/wp-json\/wp\/v2\/pages\/182","targetHints":{"allow":["GET"]}}],"collection":[{"href":"https:\/\/valencia-international-airport.com\/es\/wp-json\/wp\/v2\/pages"}],"about":[{"href":"https:\/\/valencia-international-airport.com\/es\/wp-json\/wp\/v2\/types\/page"}],"author":[{"embeddable":true,"href":"https:\/\/valencia-international-airport.com\/es\/wp-json\/wp\/v2\/users\/1"}],"replies":[{"embeddable":true,"href":"https:\/\/valencia-international-airport.com\/es\/wp-json\/wp\/v2\/comments?post=182"}],"version-history":[{"count":14,"href":"https:\/\/valencia-international-airport.com\/es\/wp-json\/wp\/v2\/pages\/182\/revisions"}],"predecessor-version":[{"id":578,"href":"https:\/\/valencia-international-airport.com\/es\/wp-json\/wp\/v2\/pages\/182\/revisions\/578"}],"up":[{"embeddable":true,"href":"https:\/\/valencia-international-airport.com\/es\/wp-json\/wp\/v2\/pages\/148"}],"wp:attachment":[{"href":"https:\/\/valencia-international-airport.com\/es\/wp-json\/wp\/v2\/media?parent=182"}],"curies":[{"name":"wp","href":"https:\/\/api.w.org\/{rel}","templated":true}]}}