{"id":208,"date":"2024-09-20T11:56:04","date_gmt":"2024-09-20T11:56:04","guid":{"rendered":"https:\/\/valencia-international-airport.com\/?page_id=208"},"modified":"2025-10-20T13:46:43","modified_gmt":"2025-10-20T13:46:43","slug":"traslados-aeropuerto","status":"publish","type":"page","link":"https:\/\/valencia-international-airport.com\/es\/transportation\/airport-transfers\/","title":{"rendered":"Traslados al aeropuerto"},"content":{"rendered":"<div data-elementor-type=\"wp-page\" data-elementor-id=\"208\" class=\"elementor elementor-208\" data-elementor-post-type=\"page\">\n\t\t\t\t\t\t<section class=\"elementor-section elementor-top-section elementor-element elementor-element-560def9f elementor-section-height-min-height elementor-section-boxed elementor-section-height-default elementor-section-items-middle\" data-id=\"560def9f\" data-element_type=\"section\" data-e-type=\"section\" data-settings=\"{&quot;background_background&quot;:&quot;classic&quot;}\">\n\t\t\t\t\t\t\t<div class=\"elementor-background-overlay\"><\/div>\n\t\t\t\t\t\t\t<div class=\"elementor-container elementor-column-gap-default\">\n\t\t\t\t\t<div class=\"elementor-column elementor-col-100 elementor-top-column elementor-element elementor-element-65c5d5e8\" data-id=\"65c5d5e8\" data-element_type=\"column\" data-e-type=\"column\">\n\t\t\t<div class=\"elementor-widget-wrap elementor-element-populated\">\n\t\t\t\t\t\t<div class=\"elementor-element elementor-element-58428f33 elementor-widget elementor-widget-heading\" data-id=\"58428f33\" data-element_type=\"widget\" data-e-type=\"widget\" data-widget_type=\"heading.default\">\n\t\t\t\t<div class=\"elementor-widget-container\">\n\t\t\t\t\t<h1 class=\"elementor-heading-title elementor-size-default\">Traslados Aeropuerto Valencia<\/h1>\t\t\t\t<\/div>\n\t\t\t\t<\/div>\n\t\t\t\t<div class=\"elementor-element elementor-element-4e9a4b5f elementor-widget elementor-widget-heading\" data-id=\"4e9a4b5f\" data-element_type=\"widget\" data-e-type=\"widget\" data-widget_type=\"heading.default\">\n\t\t\t\t<div class=\"elementor-widget-container\">\n\t\t\t\t\t<p class=\"elementor-heading-title elementor-size-default\">Mejore su experiencia de viaje con un traslado privado desde el aeropuerto\n<\/p>\t\t\t\t<\/div>\n\t\t\t\t<\/div>\n\t\t\t\t<div class=\"elementor-element elementor-element-31eb631 elementor-align-center elementor-widget elementor-widget-button\" data-id=\"31eb631\" data-element_type=\"widget\" data-e-type=\"widget\" data-widget_type=\"button.default\">\n\t\t\t\t<div class=\"elementor-widget-container\">\n\t\t\t\t\t\t\t\t\t<div class=\"elementor-button-wrapper\">\n\t\t\t\t\t<a class=\"elementor-button elementor-button-link elementor-size-sm\" href=\"#Book\">\n\t\t\t\t\t\t<span class=\"elementor-button-content-wrapper\">\n\t\t\t\t\t\t\t\t\t<span class=\"elementor-button-text\">Reserve sus traslados con antelaci\u00f3n<\/span>\n\t\t\t\t\t<\/span>\n\t\t\t\t\t<\/a>\n\t\t\t\t<\/div>\n\t\t\t\t\t\t\t\t<\/div>\n\t\t\t\t<\/div>\n\t\t\t\t<div class=\"elementor-element elementor-element-3ea0628 elementor-view-default elementor-invisible elementor-widget elementor-widget-icon\" data-id=\"3ea0628\" data-element_type=\"widget\" data-e-type=\"widget\" data-settings=\"{&quot;_animation&quot;:&quot;fadeInDown&quot;,&quot;_animation_delay&quot;:500}\" data-widget_type=\"icon.default\">\n\t\t\t\t<div class=\"elementor-widget-container\">\n\t\t\t\t\t\t\t<div class=\"elementor-icon-wrapper\">\n\t\t\t<div class=\"elementor-icon\">\n\t\t\t<svg aria-hidden=\"true\" class=\"e-font-icon-svg e-fas-chevron-down\" viewbox=\"0 0 448 512\" xmlns=\"http:\/\/www.w3.org\/2000\/svg\"><path d=\"M207.029 381.476L12.686 187.132c-9.373-9.373-9.373-24.569 0-33.941l22.667-22.667c9.357-9.357 24.522-9.375 33.901-.04L224 284.505l154.745-154.021c9.379-9.335 24.544-9.317 33.901.04l22.667 22.667c9.373 9.373 9.373 24.569 0 33.941L240.971 381.476c-9.373 9.372-24.569 9.372-33.942 0z\"><\/path><\/svg>\t\t\t<\/div>\n\t\t<\/div>\n\t\t\t\t\t\t<\/div>\n\t\t\t\t<\/div>\n\t\t\t\t\t<\/div>\n\t\t<\/div>\n\t\t\t\t\t<\/div>\n\t\t<\/section>\n\t\t\t\t<section class=\"elementor-section elementor-top-section elementor-element elementor-element-5a5eef55 elementor-section-content-middle elementor-section-boxed elementor-section-height-default elementor-section-height-default\" data-id=\"5a5eef55\" data-element_type=\"section\" data-e-type=\"section\">\n\t\t\t\t\t\t<div class=\"elementor-container elementor-column-gap-default\">\n\t\t\t\t\t<div class=\"elementor-column elementor-col-50 elementor-top-column elementor-element elementor-element-d687afe\" data-id=\"d687afe\" data-element_type=\"column\" data-e-type=\"column\">\n\t\t\t<div class=\"elementor-widget-wrap elementor-element-populated\">\n\t\t\t\t\t\t<div class=\"elementor-element elementor-element-5f384c6 elementor-widget elementor-widget-text-editor\" data-id=\"5f384c6\" data-element_type=\"widget\" data-e-type=\"widget\" data-widget_type=\"text-editor.default\">\n\t\t\t\t<div class=\"elementor-widget-container\">\n\t\t\t\t\t\t\t\t\t<p><strong><a href=\"https:\/\/valencia-international-airport.com\/\">Aeropuerto Internacional de Valencia (VLC)<\/a><\/strong>&gt;<a href=\"https:\/\/valencia-international-airport.com\/transportation\/\"> Transporte<\/a>\u00a0 \u00a0&gt; <strong>Traslados al aeropuerto<\/strong><\/p>\t\t\t\t\t\t\t\t<\/div>\n\t\t\t\t<\/div>\n\t\t\t\t<div class=\"elementor-element elementor-element-9a5997e elementor-widget elementor-widget-heading\" data-id=\"9a5997e\" data-element_type=\"widget\" data-e-type=\"widget\" data-widget_type=\"heading.default\">\n\t\t\t\t<div class=\"elementor-widget-container\">\n\t\t\t\t\t<h2 class=\"elementor-heading-title elementor-size-default\">Traslados privados desde el aeropuerto de Valencia\n<\/h2>\t\t\t\t<\/div>\n\t\t\t\t<\/div>\n\t\t\t\t<div class=\"elementor-element elementor-element-53c71dc elementor-widget elementor-widget-text-editor\" data-id=\"53c71dc\" data-element_type=\"widget\" data-e-type=\"widget\" data-widget_type=\"text-editor.default\">\n\t\t\t\t<div class=\"elementor-widget-container\">\n\t\t\t\t\t\t\t\t\t<p class=\"\" data-start=\"138\" data-end=\"559\">Por muy bien comunicado que est\u00e9 el Aeropuerto de Valencia, nada supera la comodidad de tener un veh\u00edculo privado de traslado esper\u00e1ndole justo a la salida de la terminal. Las opciones de transporte p\u00fablico como los autobuses de la EMT o las l\u00edneas de Metrob\u00fas pueden ser econ\u00f3micas y relativamente eficientes, pero implican tiempos de espera, cargar con su equipaje y navegar por la ciudad desde su punto de bajada hasta su destino final.<\/p>\n<p class=\"\" data-start=\"561\" data-end=\"971\">Adem\u00e1s, los autobuses p\u00fablicos pueden estar abarrotados, sobre todo en horas punta o durante eventos locales, lo que puede resultar agobiante si viaja con ni\u00f1os o equipaje pesado. Los taxis tambi\u00e9n est\u00e1n disponibles en el aeropuerto de Valencia, pero tendr\u00e1 que hacer cola y la tarifa final puede variar en funci\u00f3n del tr\u00e1fico, la hora del d\u00eda o los recargos, ya que los taxis no ofrecen tarifas fijas para la mayor\u00eda de los destinos.<\/p>\n<p class=\"\" data-start=\"973\" data-end=\"1370\">Por todas estas razones, reservar un traslado privado es la opci\u00f3n ideal si busca una llegada a Valencia tranquila, c\u00f3moda y sin estr\u00e9s. Varias empresas de confianza ofrecen servicios de traslado privado en el aeropuerto de Valencia, por lo que merece la pena investigar un poco antes para comparar precios y opiniones, y reservar tu traslado para estar tranquilo y comenzar tu visita sin contratiempos.<\/p>\t\t\t\t\t\t\t\t<\/div>\n\t\t\t\t<\/div>\n\t\t\t\t<div class=\"elementor-element elementor-element-c0e638c elementor-widget elementor-widget-image\" data-id=\"c0e638c\" data-element_type=\"widget\" data-e-type=\"widget\" data-widget_type=\"image.default\">\n\t\t\t\t<div class=\"elementor-widget-container\">\n\t\t\t\t\t\t\t\t\t\t\t\t\t\t\t<img fetchpriority=\"high\" decoding=\"async\" width=\"720\" height=\"480\" src=\"https:\/\/valencia-international-airport.com\/wp-content\/uploads\/2024\/09\/transfer-aeroport-marrakech.jpg\" class=\"attachment-large size-large wp-image-240\" alt=\"Traslados Aeropuerto Valencia\" srcset=\"https:\/\/valencia-international-airport.com\/wp-content\/uploads\/2024\/09\/transfer-aeroport-marrakech.jpg 720w, https:\/\/valencia-international-airport.com\/wp-content\/uploads\/2024\/09\/transfer-aeroport-marrakech-300x200.jpg 300w\" sizes=\"(max-width: 720px) 100vw, 720px\" \/>\t\t\t\t\t\t\t\t\t\t\t\t\t\t\t<\/div>\n\t\t\t\t<\/div>\n\t\t\t\t<div class=\"elementor-element elementor-element-9b81026 elementor-widget elementor-widget-heading\" data-id=\"9b81026\" data-element_type=\"widget\" data-e-type=\"widget\" data-widget_type=\"heading.default\">\n\t\t\t\t<div class=\"elementor-widget-container\">\n\t\t\t\t\t<h2 class=\"elementor-heading-title elementor-size-default\">\u00bfPor qu\u00e9 elegir un traslado privado al aeropuerto de Valencia?<\/h2>\t\t\t\t<\/div>\n\t\t\t\t<\/div>\n\t\t\t\t<div class=\"elementor-element elementor-element-5f532f7 elementor-widget elementor-widget-text-editor\" data-id=\"5f532f7\" data-element_type=\"widget\" data-e-type=\"widget\" data-widget_type=\"text-editor.default\">\n\t\t\t\t<div class=\"elementor-widget-container\">\n\t\t\t\t\t\t\t\t\t<p class=\"\" data-start=\"225\" data-end=\"415\">Si la comodidad, la fiabilidad y el servicio de alta gama no son lo suficientemente convincentes, aqu\u00ed tiene exactamente por qu\u00e9 elegir un traslado privado desde el Aeropuerto de Valencia podr\u00eda ser la mejor decisi\u00f3n para su viaje:<\/p>\n<ul data-start=\"417\" data-end=\"1859\">\n<li class=\"\" data-start=\"417\" data-end=\"581\">\n<p class=\"\" data-start=\"419\" data-end=\"581\">Los traslados privados ofrecen un servicio de puerta a puerta, lo que significa que no tendr\u00e1 que averiguar direcciones ni recorrer calles desconocidas para llegar a su alojamiento.<\/p>\n<\/li>\n<li class=\"\" data-start=\"582\" data-end=\"744\">\n<p class=\"\" data-start=\"584\" data-end=\"744\">Despu\u00e9s de un vuelo largo o agotador, un conductor profesional le recoger\u00e1 en la terminal de llegadas y le acompa\u00f1ar\u00e1 directamente a su veh\u00edculo.<\/p>\n<\/li>\n<li class=\"\" data-start=\"745\" data-end=\"960\">\n<p class=\"\" data-start=\"747\" data-end=\"960\">El transporte p\u00fablico desde el aeropuerto de Valencia, como las l\u00edneas de EMT y Metrob\u00fas, no le deja directamente en su hotel. Es probable que tenga que caminar o hacer transbordo a otras l\u00edneas para llegar a su destino final.<\/p>\n<\/li>\n<li class=\"\" data-start=\"961\" data-end=\"1171\">\n<p class=\"\" data-start=\"963\" data-end=\"1171\">Los autobuses a la ciudad pueden estar abarrotados y ser menos c\u00f3modos, sobre todo si lleva equipaje o viaja con ni\u00f1os, y la parada de autob\u00fas m\u00e1s cercana a su alojamiento puede estar a una caminata de distancia.<\/p>\n<\/li>\n<li class=\"\" data-start=\"1172\" data-end=\"1298\">\n<p class=\"\" data-start=\"1174\" data-end=\"1298\">Aunque los taxis de Valencia ofrecen un buen servicio, no alcanzan la calidad personalizada y superior de un traslado privado.<\/p>\n<\/li>\n<li class=\"\" data-start=\"1299\" data-end=\"1532\">\n<p class=\"\" data-start=\"1301\" data-end=\"1532\">Cuando reserve con antelaci\u00f3n un traslado privado, su conductor le estar\u00e1 esperando en el vest\u00edbulo de llegadas, listo para ayudarle con su equipaje y posiblemente compartir consejos \u00fatiles sobre Valencia, desde atracciones locales hasta lugares para comer.<\/p>\n<\/li>\n<li class=\"\" data-start=\"1533\" data-end=\"1713\">\n<p class=\"\" data-start=\"1535\" data-end=\"1713\">\u00bfNecesita algo espec\u00edfico, como un sed\u00e1n de lujo, un monovolumen o un veh\u00edculo adaptado para sillas de ruedas? Con un traslado privado, puede seleccionar el tipo de veh\u00edculo que prefiera con antelaci\u00f3n.<\/p>\n<\/li>\n<li class=\"\" data-start=\"1714\" data-end=\"1859\">\n<p class=\"\" data-start=\"1716\" data-end=\"1859\">Por \u00faltimo, disfrutar\u00e1 de precios transparentes: sin sorpresas, cargos ocultos ni recargos repentinos. Conocer\u00e1 el coste de su viaje desde el principio.<\/p>\n<\/li>\n<\/ul>\n<p class=\"\" data-start=\"1861\" data-end=\"1991\">Haga que su llegada a Valencia sea lo m\u00e1s tranquila y libre de estr\u00e9s posible reservando un traslado privado y viaje con total tranquilidad.<\/p>\t\t\t\t\t\t\t\t<\/div>\n\t\t\t\t<\/div>\n\t\t\t\t<div class=\"elementor-element elementor-element-91d42cd elementor-widget elementor-widget-heading\" data-id=\"91d42cd\" data-element_type=\"widget\" data-e-type=\"widget\" data-widget_type=\"heading.default\">\n\t\t\t\t<div class=\"elementor-widget-container\">\n\t\t\t\t\t<h2 class=\"elementor-heading-title elementor-size-default\">Tarifas y precios de los traslados al aeropuerto de Valencia\n<\/h2>\t\t\t\t<\/div>\n\t\t\t\t<\/div>\n\t\t\t\t<div class=\"elementor-element elementor-element-3ad0058 elementor-widget elementor-widget-text-editor\" data-id=\"3ad0058\" data-element_type=\"widget\" data-e-type=\"widget\" data-widget_type=\"text-editor.default\">\n\t\t\t\t<div class=\"elementor-widget-container\">\n\t\t\t\t\t\t\t\t\t<p class=\"\" data-start=\"129\" data-end=\"428\">Los taxis del aeropuerto de VLC suelen ser un poco m\u00e1s asequibles que los traslados privados. De hecho, un trayecto en taxi desde el aeropuerto de Valencia hasta el centro de la ciudad suele costar unos 20-25\u20ac (20$-25$), mientras que un traslado privado reservado con antelaci\u00f3n suele tener un precio aproximado de 35-45\u20ac (35$-45$).<\/p>\n<p class=\"\" data-start=\"430\" data-end=\"650\">Sin embargo, los taxis de Valencia tienen tax\u00edmetro, por lo que la tarifa final puede variar en funci\u00f3n de las condiciones del tr\u00e1fico, la hora del d\u00eda y los recargos aplicables. Las tarifas tambi\u00e9n aumentan ligeramente por la noche, los fines de semana y los festivos.<\/p>\n<p class=\"\" data-start=\"652\" data-end=\"871\">Por otro lado, los traslados privados desde el Aeropuerto de Valencia ofrecen un precio fijo. Sabr\u00e1s el coste exacto de tu viaje en el momento de la reserva y no pagar\u00e1s nada extra, independientemente de los retrasos o el tr\u00e1fico denso.<\/p>\n<p class=\"\" data-start=\"873\" data-end=\"1105\">As\u00ed, durante las horas punta o en caso de congesti\u00f3n de las carreteras, la diferencia de precio entre los taxis y los traslados privados suele reducirse, lo que convierte a los traslados privados en una alternativa c\u00f3moda y fiable sin cargos sorpresa.<\/p>\t\t\t\t\t\t\t\t<\/div>\n\t\t\t\t<\/div>\n\t\t\t\t<div class=\"elementor-element elementor-element-2b22d9c elementor-widget elementor-widget-heading\" data-id=\"2b22d9c\" data-element_type=\"widget\" data-e-type=\"widget\" data-widget_type=\"heading.default\">\n\t\t\t\t<div class=\"elementor-widget-container\">\n\t\t\t\t\t<h2 class=\"elementor-heading-title elementor-size-default\">C\u00f3mo reservar su traslado al aeropuerto de Valencia<\/h2>\t\t\t\t<\/div>\n\t\t\t\t<\/div>\n\t\t\t\t<div class=\"elementor-element elementor-element-50738bc elementor-widget elementor-widget-text-editor\" data-id=\"50738bc\" data-element_type=\"widget\" data-e-type=\"widget\" data-widget_type=\"text-editor.default\">\n\t\t\t\t<div class=\"elementor-widget-container\">\n\t\t\t\t\t\t\t\t\t<p class=\"\" data-start=\"109\" data-end=\"391\">Si ha decidido reservar un traslado al aeropuerto de Valencia y ya ha encontrado la mejor opci\u00f3n en relaci\u00f3n calidad-precio, el proceso de reserva es r\u00e1pido y sencillo. Todo lo que tiene que hacer es rellenar un formulario de reserva, siguiendo las instrucciones proporcionadas por la empresa de traslados.<\/p>\n<p class=\"\" data-start=\"393\" data-end=\"589\">Se le pedir\u00e1 que introduzca sus datos personales junto con la informaci\u00f3n esencial sobre su traslado desde el aeropuerto de Valencia, como el n\u00famero de vuelo, la direcci\u00f3n de destino y la hora de llegada.<\/p>\n<p class=\"\" data-start=\"591\" data-end=\"880\">El \u00faltimo paso es el pago del viaje, tras lo cual recibir\u00e1 un correo electr\u00f3nico de confirmaci\u00f3n. Este correo suele hacer las veces de comprobante de la reserva, as\u00ed que aseg\u00farate de leerlo detenidamente y de volver a comprobar todos los detalles del traslado para asegurarte de que todo es correcto antes de tu llegada.<\/p>\t\t\t\t\t\t\t\t<\/div>\n\t\t\t\t<\/div>\n\t\t\t\t<div class=\"elementor-element elementor-element-ad7a310 elementor-widget elementor-widget-heading\" data-id=\"ad7a310\" data-element_type=\"widget\" data-e-type=\"widget\" data-widget_type=\"heading.default\">\n\t\t\t\t<div class=\"elementor-widget-container\">\n\t\t\t\t\t<h2 class=\"elementor-heading-title elementor-size-default\">Traslados del aeropuerto al hotel en Valencia<\/h2>\t\t\t\t<\/div>\n\t\t\t\t<\/div>\n\t\t\t\t<div class=\"elementor-element elementor-element-082a4f4 elementor-widget elementor-widget-text-editor\" data-id=\"082a4f4\" data-element_type=\"widget\" data-e-type=\"widget\" data-widget_type=\"text-editor.default\">\n\t\t\t\t<div class=\"elementor-widget-container\">\n\t\t\t\t\t\t\t\t\t<p class=\"\" data-start=\"119\" data-end=\"514\">Est\u00e1 claro que los traslados del aeropuerto de Valencia ofrecen una de las maneras m\u00e1s c\u00f3modas y sin complicaciones para llegar desde el aeropuerto de Valencia a su hotel. Adem\u00e1s de la bienvenida personalizada, la comodidad puerta a puerta y los altos niveles de confort y seguridad, los traslados privados a menudo vienen con una serie de servicios adicionales, lo que le permite disfrutar de una experiencia de viaje totalmente personalizada.<\/p>\n<p class=\"\" data-start=\"516\" data-end=\"788\">Dicho esto, siempre es una buena idea consultar con su hotel de antemano, ya que muchos alojamientos en Valencia pueden ofrecer servicios gratuitos de enlace con el aeropuerto. Confirmarlo con antelaci\u00f3n podr\u00eda ayudarte a evitar gastos innecesarios antes de reservar un traslado privado.<\/p>\t\t\t\t\t\t\t\t<\/div>\n\t\t\t\t<\/div>\n\t\t\t\t<div class=\"elementor-element elementor-element-a9429c6 elementor-widget elementor-widget-heading\" data-id=\"a9429c6\" data-element_type=\"widget\" data-e-type=\"widget\" data-widget_type=\"heading.default\">\n\t\t\t\t<div class=\"elementor-widget-container\">\n\t\t\t\t\t<h2 class=\"elementor-heading-title elementor-size-default\">PREGUNTAS FRECUENTES <\/h2>\t\t\t\t<\/div>\n\t\t\t\t<\/div>\n\t\t\t\t<div class=\"elementor-element elementor-element-c754e31 elementor-widget elementor-widget-heading\" data-id=\"c754e31\" data-element_type=\"widget\" data-e-type=\"widget\" data-widget_type=\"heading.default\">\n\t\t\t\t<div class=\"elementor-widget-container\">\n\t\t\t\t\t<h3 class=\"elementor-heading-title elementor-size-default\">\u00bfQu\u00e9 es un traslado privado desde el aeropuerto?\n<\/h3>\t\t\t\t<\/div>\n\t\t\t\t<\/div>\n\t\t\t\t<div class=\"elementor-element elementor-element-5027b02 elementor-widget elementor-widget-text-editor\" data-id=\"5027b02\" data-element_type=\"widget\" data-e-type=\"widget\" data-widget_type=\"text-editor.default\">\n\t\t\t\t<div class=\"elementor-widget-container\">\n\t\t\t\t\t\t\t\t\t<p>Los traslados privados desde el Aeropuerto de Valencia son viajes programados, reservados y pagados con antelaci\u00f3n que llevan a los pasajeros directamente desde el aeropuerto al destino elegido. Estos traslados suelen incluir servicio de recogida en la zona de llegadas, un viaje directo a su alojamiento o direcci\u00f3n, y tambi\u00e9n pueden ofrecer servicios adicionales como asistencia con el equipaje y orientaci\u00f3n local o consejos del conductor.<\/p>\t\t\t\t\t\t\t\t<\/div>\n\t\t\t\t<\/div>\n\t\t\t\t<div class=\"elementor-element elementor-element-235dc49 elementor-widget elementor-widget-heading\" data-id=\"235dc49\" data-element_type=\"widget\" data-e-type=\"widget\" data-widget_type=\"heading.default\">\n\t\t\t\t<div class=\"elementor-widget-container\">\n\t\t\t\t\t<h3 class=\"elementor-heading-title elementor-size-default\">\u00bfC\u00f3mo reservo un traslado desde el aeropuerto?<\/h3>\t\t\t\t<\/div>\n\t\t\t\t<\/div>\n\t\t\t\t<div class=\"elementor-element elementor-element-d9d1d5b elementor-widget elementor-widget-text-editor\" data-id=\"d9d1d5b\" data-element_type=\"widget\" data-e-type=\"widget\" data-widget_type=\"text-editor.default\">\n\t\t\t\t<div class=\"elementor-widget-container\">\n\t\t\t\t\t\t\t\t\t<p>En el aeropuerto de Valencia operan numerosas empresas privadas de traslados. Para conseguir la mejor oferta, t\u00f3mese su tiempo para comparar las opciones disponibles, identifique el servicio m\u00e1s rentable y visite el sitio web oficial de la empresa. A partir de ah\u00ed, s\u00f3lo tiene que seguir las instrucciones proporcionadas, rellenar el formulario de reserva y completar su reserva en unos pocos pasos.<\/p>\t\t\t\t\t\t\t\t<\/div>\n\t\t\t\t<\/div>\n\t\t\t\t\t<\/div>\n\t\t<\/div>\n\t\t\t\t<div class=\"elementor-column elementor-col-50 elementor-top-column elementor-element elementor-element-4b56e3a9\" data-id=\"4b56e3a9\" data-element_type=\"column\" data-e-type=\"column\" data-settings=\"{&quot;background_background&quot;:&quot;classic&quot;}\">\n\t\t\t<div class=\"elementor-widget-wrap elementor-element-populated\">\n\t\t\t\t\t\t<div class=\"elementor-element elementor-element-6b98109 elementor-widget elementor-widget-menu-anchor\" data-id=\"6b98109\" data-element_type=\"widget\" data-e-type=\"widget\" data-widget_type=\"menu-anchor.default\">\n\t\t\t\t<div class=\"elementor-widget-container\">\n\t\t\t\t\t\t\t<div class=\"elementor-menu-anchor\" id=\"Book\"><\/div>\n\t\t\t\t\t\t<\/div>\n\t\t\t\t<\/div>\n\t\t\t\t<div class=\"elementor-element elementor-element-271a58d elementor-widget elementor-widget-html\" data-id=\"271a58d\" data-element_type=\"widget\" data-e-type=\"widget\" data-widget_type=\"html.default\">\n\t\t\t\t<div class=\"elementor-widget-container\">\n\t\t\t\t\t<div id=\"welcomepickups\">\r\n\r\n<script type=\"text\/props\">\r\n\r\n{\r\n\r\n\"city_name\":\"Valencia\",\r\n\r\n\"partner_id\":\"63468\",\r\n\r\n\"locale\":\"en\",\r\n\r\n\"\":\"\"\r\n\r\n}\r\n\r\n\r\n<\/script>\r\n\r\n<\/div>\r\n\r\n<script src=\" https:\/\/cdn.b2b.welcomepickups.com\/widget\/bundle.js\"><\/script>\t\t\t\t<\/div>\n\t\t\t\t<\/div>\n\t\t\t\t\t<\/div>\n\t\t<\/div>\n\t\t\t\t\t<\/div>\n\t\t<\/section>\n\t\t\t\t<\/div>","protected":false},"excerpt":{"rendered":"<p>Valencia Airport Transfers Elevate your Traveling Experience with a Private Airport Transfer Book Your Transfers in Advance Valencia International Airport (VLC)&gt; Transportation\u00a0 \u00a0&gt; Airport Transfers Private Airport Transfers from Valencia Airport As well-connected as Valencia Airport is, nothing beats the convenience of having a private transfer vehicle waiting for you just outside the terminal exit. [&hellip;]<\/p>\n","protected":false},"author":1,"featured_media":0,"parent":113,"menu_order":0,"comment_status":"closed","ping_status":"closed","template":"","meta":{"footnotes":""},"class_list":["post-208","page","type-page","status-publish","hentry"],"_links":{"self":[{"href":"https:\/\/valencia-international-airport.com\/es\/wp-json\/wp\/v2\/pages\/208","targetHints":{"allow":["GET"]}}],"collection":[{"href":"https:\/\/valencia-international-airport.com\/es\/wp-json\/wp\/v2\/pages"}],"about":[{"href":"https:\/\/valencia-international-airport.com\/es\/wp-json\/wp\/v2\/types\/page"}],"author":[{"embeddable":true,"href":"https:\/\/valencia-international-airport.com\/es\/wp-json\/wp\/v2\/users\/1"}],"replies":[{"embeddable":true,"href":"https:\/\/valencia-international-airport.com\/es\/wp-json\/wp\/v2\/comments?post=208"}],"version-history":[{"count":17,"href":"https:\/\/valencia-international-airport.com\/es\/wp-json\/wp\/v2\/pages\/208\/revisions"}],"predecessor-version":[{"id":726,"href":"https:\/\/valencia-international-airport.com\/es\/wp-json\/wp\/v2\/pages\/208\/revisions\/726"}],"up":[{"embeddable":true,"href":"https:\/\/valencia-international-airport.com\/es\/wp-json\/wp\/v2\/pages\/113"}],"wp:attachment":[{"href":"https:\/\/valencia-international-airport.com\/es\/wp-json\/wp\/v2\/media?parent=208"}],"curies":[{"name":"wp","href":"https:\/\/api.w.org\/{rel}","templated":true}]}}