{"id":218,"date":"2024-09-20T12:14:04","date_gmt":"2024-09-20T12:14:04","guid":{"rendered":"https:\/\/valencia-international-airport.com\/?page_id=218"},"modified":"2025-04-03T12:14:28","modified_gmt":"2025-04-03T12:14:28","slug":"llegadas","status":"publish","type":"page","link":"https:\/\/valencia-international-airport.com\/es\/flights\/arrivals\/","title":{"rendered":"Llegadas"},"content":{"rendered":"<div data-elementor-type=\"wp-page\" data-elementor-id=\"218\" class=\"elementor elementor-218\" data-elementor-post-type=\"page\">\n\t\t\t\t\t\t<section class=\"elementor-section elementor-top-section elementor-element elementor-element-560def9f elementor-section-height-min-height elementor-section-boxed elementor-section-height-default elementor-section-items-middle\" data-id=\"560def9f\" data-element_type=\"section\" data-e-type=\"section\" data-settings=\"{&quot;background_background&quot;:&quot;classic&quot;}\">\n\t\t\t\t\t\t\t<div class=\"elementor-background-overlay\"><\/div>\n\t\t\t\t\t\t\t<div class=\"elementor-container elementor-column-gap-default\">\n\t\t\t\t\t<div class=\"elementor-column elementor-col-100 elementor-top-column elementor-element elementor-element-65c5d5e8\" data-id=\"65c5d5e8\" data-element_type=\"column\" data-e-type=\"column\">\n\t\t\t<div class=\"elementor-widget-wrap elementor-element-populated\">\n\t\t\t\t\t\t<div class=\"elementor-element elementor-element-58428f33 elementor-widget elementor-widget-heading\" data-id=\"58428f33\" data-element_type=\"widget\" data-e-type=\"widget\" data-widget_type=\"heading.default\">\n\t\t\t\t<div class=\"elementor-widget-container\">\n\t\t\t\t\t<h1 class=\"elementor-heading-title elementor-size-default\">Llegadas al aeropuerto de Valencia<\/h1>\t\t\t\t<\/div>\n\t\t\t\t<\/div>\n\t\t\t\t<div class=\"elementor-element elementor-element-4e9a4b5f elementor-widget elementor-widget-heading\" data-id=\"4e9a4b5f\" data-element_type=\"widget\" data-e-type=\"widget\" data-widget_type=\"heading.default\">\n\t\t\t\t<div class=\"elementor-widget-container\">\n\t\t\t\t\t<p class=\"elementor-heading-title elementor-size-default\">Mant\u00e9ngase al d\u00eda con la informaci\u00f3n sobre llegadas en tiempo real\n<\/p>\t\t\t\t<\/div>\n\t\t\t\t<\/div>\n\t\t\t\t<div class=\"elementor-element elementor-element-3ea0628 elementor-view-default elementor-invisible elementor-widget elementor-widget-icon\" data-id=\"3ea0628\" data-element_type=\"widget\" data-e-type=\"widget\" data-settings=\"{&quot;_animation&quot;:&quot;fadeInDown&quot;,&quot;_animation_delay&quot;:500}\" data-widget_type=\"icon.default\">\n\t\t\t\t<div class=\"elementor-widget-container\">\n\t\t\t\t\t\t\t<div class=\"elementor-icon-wrapper\">\n\t\t\t<div class=\"elementor-icon\">\n\t\t\t<svg aria-hidden=\"true\" class=\"e-font-icon-svg e-fas-chevron-down\" viewbox=\"0 0 448 512\" xmlns=\"http:\/\/www.w3.org\/2000\/svg\"><path d=\"M207.029 381.476L12.686 187.132c-9.373-9.373-9.373-24.569 0-33.941l22.667-22.667c9.357-9.357 24.522-9.375 33.901-.04L224 284.505l154.745-154.021c9.379-9.335 24.544-9.317 33.901.04l22.667 22.667c9.373 9.373 9.373 24.569 0 33.941L240.971 381.476c-9.373 9.372-24.569 9.372-33.942 0z\"><\/path><\/svg>\t\t\t<\/div>\n\t\t<\/div>\n\t\t\t\t\t\t<\/div>\n\t\t\t\t<\/div>\n\t\t\t\t\t<\/div>\n\t\t<\/div>\n\t\t\t\t\t<\/div>\n\t\t<\/section>\n\t\t\t\t<section class=\"elementor-section elementor-top-section elementor-element elementor-element-5a5eef55 elementor-section-content-middle elementor-section-boxed elementor-section-height-default elementor-section-height-default\" data-id=\"5a5eef55\" data-element_type=\"section\" data-e-type=\"section\">\n\t\t\t\t\t\t<div class=\"elementor-container elementor-column-gap-default\">\n\t\t\t\t\t<div class=\"elementor-column elementor-col-50 elementor-top-column elementor-element elementor-element-d687afe\" data-id=\"d687afe\" data-element_type=\"column\" data-e-type=\"column\">\n\t\t\t<div class=\"elementor-widget-wrap elementor-element-populated\">\n\t\t\t\t\t\t<div class=\"elementor-element elementor-element-5f384c6 elementor-widget elementor-widget-text-editor\" data-id=\"5f384c6\" data-element_type=\"widget\" data-e-type=\"widget\" data-widget_type=\"text-editor.default\">\n\t\t\t\t<div class=\"elementor-widget-container\">\n\t\t\t\t\t\t\t\t\t<p><a href=\"https:\/\/valencia-international-airport.com\/\">Aeropuerto internacional de Valencia (VLC)\u00a0<\/a> &gt; <a href=\"https:\/\/valencia-international-airport.com\/flights\/\">Vuelo<\/a> &gt;<strong> Llegadas<\/strong><\/p>\t\t\t\t\t\t\t\t<\/div>\n\t\t\t\t<\/div>\n\t\t\t\t<div class=\"elementor-element elementor-element-9a5997e elementor-widget elementor-widget-heading\" data-id=\"9a5997e\" data-element_type=\"widget\" data-e-type=\"widget\" data-widget_type=\"heading.default\">\n\t\t\t\t<div class=\"elementor-widget-container\">\n\t\t\t\t\t<h2 class=\"elementor-heading-title elementor-size-default\">Llegadas de vuelos en directo al aeropuerto de Valencia\n<\/h2>\t\t\t\t<\/div>\n\t\t\t\t<\/div>\n\t\t\t\t<div class=\"elementor-element elementor-element-720be6f elementor-widget elementor-widget-html\" data-id=\"720be6f\" data-element_type=\"widget\" data-e-type=\"widget\" data-widget_type=\"html.default\">\n\t\t\t\t<div class=\"elementor-widget-container\">\n\t\t\t\t\t<h4>Tabla de llegadas del Aeropuerto de Valencia (VLC)<\/h4>\r\n<p><strong>Salidas<\/strong> | <strong>Llegadas<\/strong><br>\r\nHora local: 16:54:38<\/p>\r\n\r\n<table border=\"1\" cellpadding=\"5\" cellspacing=\"0\">\r\n  <thead>\r\n    <tr>\r\n      <th>Tiempo<\/th>\r\n      <th>Fecha<\/th>\r\n      <th>IATA<\/th>\r\n      <th>Origen<\/th>\r\n      <th>Vuelo<\/th>\r\n      <th>L\u00ednea a\u00e9rea<\/th>\r\n      <th>Estado<\/th>\r\n    <\/tr>\r\n  <\/thead>\r\n  <tbody>\r\n    <tr>\r\n      <td>16:00<\/td>\r\n      <td>28 mar<\/td>\r\n      <td>PMI<\/td>\r\n      <td>Palma de Mallorca<\/td>\r\n      <td>I21664<\/td>\r\n      <td>Iberia Express<\/td>\r\n      <td>Aterrizaje 15:35<\/td>\r\n    <\/tr>\r\n    <tr>\r\n      <td>16:00<\/td>\r\n      <td>28 mar<\/td>\r\n      <td>PMI<\/td>\r\n      <td>Palma de Mallorca<\/td>\r\n      <td>IB1664<\/td>\r\n      <td>Aerol\u00edneas Iberia<\/td>\r\n      <td>Aterrizaje 15:40<\/td>\r\n    <\/tr>\r\n    <tr>\r\n      <td>16:05<\/td>\r\n      <td>28 mar<\/td>\r\n      <td>IBZ<\/td>\r\n      <td>Ibiza<\/td>\r\n      <td>FR2085<\/td>\r\n      <td>Ryanair<\/td>\r\n      <td>Aterrizaje 15:46<\/td>\r\n    <\/tr>\r\n    <tr>\r\n      <td>16:10<\/td>\r\n      <td>28 mar<\/td>\r\n      <td>PSA<\/td>\r\n      <td>Pisa<\/td>\r\n      <td>FR9471<\/td>\r\n      <td>Ryanair<\/td>\r\n      <td>Aterrizaje 15:42<\/td>\r\n    <\/tr>\r\n    <tr>\r\n      <td>16:10<\/td>\r\n      <td>28 mar<\/td>\r\n      <td>LPA<\/td>\r\n      <td>Gran Canaria<\/td>\r\n      <td>I21606<\/td>\r\n      <td>Iberia Express<\/td>\r\n      <td>Aterrizaje 15:51<\/td>\r\n    <\/tr>\r\n    <tr>\r\n      <td>16:10<\/td>\r\n      <td>28 mar<\/td>\r\n      <td>LPA<\/td>\r\n      <td>Gran Canaria<\/td>\r\n      <td>IB1606<\/td>\r\n      <td>Aerol\u00edneas Iberia<\/td>\r\n      <td>Aterrizaje 15:56<\/td>\r\n    <\/tr>\r\n    <tr>\r\n      <td>16:15<\/td>\r\n      <td>28 mar<\/td>\r\n      <td>IBZ<\/td>\r\n      <td>Ibiza<\/td>\r\n      <td>UX6024<\/td>\r\n      <td>Air Europa<\/td>\r\n      <td>Aterrizaje 16:00<\/td>\r\n    <\/tr>\r\n    <tr>\r\n      <td>16:25<\/td>\r\n      <td>28 mar<\/td>\r\n      <td>RAK<\/td>\r\n      <td>Marrakech<\/td>\r\n      <td>I21852<\/td>\r\n      <td>Iberia Express<\/td>\r\n      <td>Aterriz\u00f3 a las 16:08<\/td>\r\n    <\/tr>\r\n    <tr>\r\n      <td>16:25<\/td>\r\n      <td>28 mar<\/td>\r\n      <td>RAK<\/td>\r\n      <td>Marrakech<\/td>\r\n      <td>IB1852<\/td>\r\n      <td>Aerol\u00edneas Iberia<\/td>\r\n      <td>Aterrizaje 16:10<\/td>\r\n    <\/tr>\r\n    <tr>\r\n      <td>16:30<\/td>\r\n      <td>28 mar<\/td>\r\n      <td>ORY<\/td>\r\n      <td>Par\u00eds<\/td>\r\n      <td>IB574<\/td>\r\n      <td>Aerol\u00edneas Iberia<\/td>\r\n      <td>Aterriz\u00f3 a las 16:11<\/td>\r\n    <\/tr>\r\n    <tr>\r\n      <td>16:35<\/td>\r\n      <td>28 mar<\/td>\r\n      <td>ACE<\/td>\r\n      <td>Lanzarote<\/td>\r\n      <td>FR2018<\/td>\r\n      <td>Ryanair<\/td>\r\n      <td>Aterrizaje 16:32<\/td>\r\n    <\/tr>\r\n    <tr>\r\n      <td>16:35<\/td>\r\n      <td>28 mar<\/td>\r\n      <td>NCE<\/td>\r\n      <td>Bonito<\/td>\r\n      <td>U21703<\/td>\r\n      <td>easyJet Reino Unido<\/td>\r\n      <td>Estimaci\u00f3n 16:23<\/td>\r\n    <\/tr>\r\n    <tr>\r\n      <td>16:40<\/td>\r\n      <td>28 mar<\/td>\r\n      <td>BCN<\/td>\r\n      <td>Barcelona<\/td>\r\n      <td>IB414<\/td>\r\n      <td>Aerol\u00edneas Iberia<\/td>\r\n      <td>Aterriz\u00f3 a las 16:23<\/td>\r\n    <\/tr>\r\n  <\/tbody>\r\n<\/table>\r\n\t\t\t\t<\/div>\n\t\t\t\t<\/div>\n\t\t\t\t\t<\/div>\n\t\t<\/div>\n\t\t\t\t<div class=\"elementor-column elementor-col-50 elementor-top-column elementor-element elementor-element-4b56e3a9\" data-id=\"4b56e3a9\" data-element_type=\"column\" data-e-type=\"column\" data-settings=\"{&quot;background_background&quot;:&quot;classic&quot;}\">\n\t\t\t<div class=\"elementor-widget-wrap\">\n\t\t\t\t\t\t\t<\/div>\n\t\t<\/div>\n\t\t\t\t\t<\/div>\n\t\t<\/section>\n\t\t\t\t<\/div>","protected":false},"excerpt":{"rendered":"<p>Valencia Airport Arrivals Stay Updated with Real-Time Arrivals Information Valencia international airport (VLC)\u00a0 &gt; Flight &gt; Arrivals Live Flight Arrivals at Valencia Airport Valencia Airport (VLC) Arrivals Board Departures | Arrivals Local time: 16:54:38 Time Date IATA Origin Flight Airline Status 16:00 28 Mar PMI Palma de Mallorca I21664 Iberia Express Landed 15:35 16:00 28 [&hellip;]<\/p>\n","protected":false},"author":1,"featured_media":0,"parent":153,"menu_order":0,"comment_status":"closed","ping_status":"closed","template":"","meta":{"footnotes":""},"class_list":["post-218","page","type-page","status-publish","hentry"],"_links":{"self":[{"href":"https:\/\/valencia-international-airport.com\/es\/wp-json\/wp\/v2\/pages\/218","targetHints":{"allow":["GET"]}}],"collection":[{"href":"https:\/\/valencia-international-airport.com\/es\/wp-json\/wp\/v2\/pages"}],"about":[{"href":"https:\/\/valencia-international-airport.com\/es\/wp-json\/wp\/v2\/types\/page"}],"author":[{"embeddable":true,"href":"https:\/\/valencia-international-airport.com\/es\/wp-json\/wp\/v2\/users\/1"}],"replies":[{"embeddable":true,"href":"https:\/\/valencia-international-airport.com\/es\/wp-json\/wp\/v2\/comments?post=218"}],"version-history":[{"count":14,"href":"https:\/\/valencia-international-airport.com\/es\/wp-json\/wp\/v2\/pages\/218\/revisions"}],"predecessor-version":[{"id":669,"href":"https:\/\/valencia-international-airport.com\/es\/wp-json\/wp\/v2\/pages\/218\/revisions\/669"}],"up":[{"embeddable":true,"href":"https:\/\/valencia-international-airport.com\/es\/wp-json\/wp\/v2\/pages\/153"}],"wp:attachment":[{"href":"https:\/\/valencia-international-airport.com\/es\/wp-json\/wp\/v2\/media?parent=218"}],"curies":[{"name":"wp","href":"https:\/\/api.w.org\/{rel}","templated":true}]}}