{"id":263,"date":"2024-09-20T19:10:18","date_gmt":"2024-09-20T19:10:18","guid":{"rendered":"https:\/\/valencia-international-airport.com\/?page_id=263"},"modified":"2025-04-03T12:04:19","modified_gmt":"2025-04-03T12:04:19","slug":"alquiler-de-coches-en-el-aeropuerto","status":"publish","type":"page","link":"https:\/\/valencia-international-airport.com\/es\/transportation\/airport-car-rentals\/","title":{"rendered":"Airport Car Rentals"},"content":{"rendered":"<div data-elementor-type=\"wp-page\" data-elementor-id=\"263\" class=\"elementor elementor-263\" data-elementor-post-type=\"page\">\n\t\t\t\t\t\t<section class=\"elementor-section elementor-top-section elementor-element elementor-element-560def9f elementor-section-height-min-height elementor-section-boxed elementor-section-height-default elementor-section-items-middle\" data-id=\"560def9f\" data-element_type=\"section\" data-e-type=\"section\" data-settings=\"{&quot;background_background&quot;:&quot;classic&quot;}\">\n\t\t\t\t\t\t\t<div class=\"elementor-background-overlay\"><\/div>\n\t\t\t\t\t\t\t<div class=\"elementor-container elementor-column-gap-default\">\n\t\t\t\t\t<div class=\"elementor-column elementor-col-100 elementor-top-column elementor-element elementor-element-65c5d5e8\" data-id=\"65c5d5e8\" data-element_type=\"column\" data-e-type=\"column\">\n\t\t\t<div class=\"elementor-widget-wrap elementor-element-populated\">\n\t\t\t\t\t\t<div class=\"elementor-element elementor-element-58428f33 elementor-widget elementor-widget-heading\" data-id=\"58428f33\" data-element_type=\"widget\" data-e-type=\"widget\" data-widget_type=\"heading.default\">\n\t\t\t\t<div class=\"elementor-widget-container\">\n\t\t\t\t\t<h1 class=\"elementor-heading-title elementor-size-default\">Alquiler de coches en el aeropuerto de Valencia\n<\/h1>\t\t\t\t<\/div>\n\t\t\t\t<\/div>\n\t\t\t\t<div class=\"elementor-element elementor-element-4e9a4b5f elementor-widget elementor-widget-heading\" data-id=\"4e9a4b5f\" data-element_type=\"widget\" data-e-type=\"widget\" data-widget_type=\"heading.default\">\n\t\t\t\t<div class=\"elementor-widget-container\">\n\t\t\t\t\t<p class=\"elementor-heading-title elementor-size-default\">Consulte las opciones de alquiler de coches en el aeropuerto de VLC y encuentre las mejores ofertas.\n<\/p>\t\t\t\t<\/div>\n\t\t\t\t<\/div>\n\t\t\t\t<div class=\"elementor-element elementor-element-3ea0628 elementor-view-default elementor-invisible elementor-widget elementor-widget-icon\" data-id=\"3ea0628\" data-element_type=\"widget\" data-e-type=\"widget\" data-settings=\"{&quot;_animation&quot;:&quot;fadeInDown&quot;,&quot;_animation_delay&quot;:500}\" data-widget_type=\"icon.default\">\n\t\t\t\t<div class=\"elementor-widget-container\">\n\t\t\t\t\t\t\t<div class=\"elementor-icon-wrapper\">\n\t\t\t<div class=\"elementor-icon\">\n\t\t\t<svg aria-hidden=\"true\" class=\"e-font-icon-svg e-fas-chevron-down\" viewbox=\"0 0 448 512\" xmlns=\"http:\/\/www.w3.org\/2000\/svg\"><path d=\"M207.029 381.476L12.686 187.132c-9.373-9.373-9.373-24.569 0-33.941l22.667-22.667c9.357-9.357 24.522-9.375 33.901-.04L224 284.505l154.745-154.021c9.379-9.335 24.544-9.317 33.901.04l22.667 22.667c9.373 9.373 9.373 24.569 0 33.941L240.971 381.476c-9.373 9.372-24.569 9.372-33.942 0z\"><\/path><\/svg>\t\t\t<\/div>\n\t\t<\/div>\n\t\t\t\t\t\t<\/div>\n\t\t\t\t<\/div>\n\t\t\t\t\t<\/div>\n\t\t<\/div>\n\t\t\t\t\t<\/div>\n\t\t<\/section>\n\t\t\t\t<section class=\"elementor-section elementor-top-section elementor-element elementor-element-5a5eef55 elementor-section-content-middle elementor-section-boxed elementor-section-height-default elementor-section-height-default\" data-id=\"5a5eef55\" data-element_type=\"section\" data-e-type=\"section\">\n\t\t\t\t\t\t<div class=\"elementor-container elementor-column-gap-default\">\n\t\t\t\t\t<div class=\"elementor-column elementor-col-50 elementor-top-column elementor-element elementor-element-d687afe\" data-id=\"d687afe\" data-element_type=\"column\" data-e-type=\"column\">\n\t\t\t<div class=\"elementor-widget-wrap elementor-element-populated\">\n\t\t\t\t\t\t<div class=\"elementor-element elementor-element-5f384c6 elementor-widget elementor-widget-text-editor\" data-id=\"5f384c6\" data-element_type=\"widget\" data-e-type=\"widget\" data-widget_type=\"text-editor.default\">\n\t\t\t\t<div class=\"elementor-widget-container\">\n\t\t\t\t\t\t\t\t\t<p><strong><a href=\"https:\/\/valencia-international-airport.com\/\">Aeropuerto Internacional de Valencia (VLC)<\/a><\/strong> &gt;<a href=\"https:\/\/valencia-international-airport.com\/transportation\/\"> Transporte<\/a>\u00a0 \u00a0&gt; <strong>Alquiler de coches en el aeropuerto<\/strong><\/p>\t\t\t\t\t\t\t\t<\/div>\n\t\t\t\t<\/div>\n\t\t\t\t<div class=\"elementor-element elementor-element-9a5997e elementor-widget elementor-widget-heading\" data-id=\"9a5997e\" data-element_type=\"widget\" data-e-type=\"widget\" data-widget_type=\"heading.default\">\n\t\t\t\t<div class=\"elementor-widget-container\">\n\t\t\t\t\t<h2 class=\"elementor-heading-title elementor-size-default\">Alquiler de coches Valencia Aeropuerto<\/h2>\t\t\t\t<\/div>\n\t\t\t\t<\/div>\n\t\t\t\t<div class=\"elementor-element elementor-element-53c71dc elementor-widget elementor-widget-text-editor\" data-id=\"53c71dc\" data-element_type=\"widget\" data-e-type=\"widget\" data-widget_type=\"text-editor.default\">\n\t\t\t\t<div class=\"elementor-widget-container\">\n\t\t\t\t\t\t\t\t\t<p class=\"\" data-start=\"150\" data-end=\"594\">Valencia tiene muchas cosas que ver. Aunque su sistema de transporte p\u00fablico se considera eficiente y el centro hist\u00f3rico est\u00e1 repleto de monumentos y atracciones de visita obligada, muchos lugares de inter\u00e9s se encuentran m\u00e1s all\u00e1 del coraz\u00f3n de la ciudad. Es mucho m\u00e1s f\u00e1cil llegar a estos destinos en coche. Por eso, alquilar un coche en el Aeropuerto de Valencia es siempre una gran idea, no s\u00f3lo para descubrir la ciudad a su propio ritmo, sino tambi\u00e9n para explorar la Comunidad Valenciana en general.<\/p><p class=\"\" data-start=\"596\" data-end=\"1088\">Todas las principales empresas de alquiler de coches operan en el aeropuerto de Valencia. Adem\u00e1s de las marcas internacionales, muchos proveedores locales ofrecen servicios de alquiler de coches asequibles y fiables. As\u00ed que, si decide alquilar un coche para sus traslados en Valencia, tendr\u00e1 muchas opciones entre las que elegir. Una vez que aterrice en el Aeropuerto de Valencia, encontrar\u00e1 los mostradores de alquiler de coches convenientemente situados en el vest\u00edbulo de Llegadas, y la mayor\u00eda de los veh\u00edculos est\u00e1n aparcados en la zona de aparcamiento adyacente, a pocos pasos de la terminal.<\/p><p class=\"\" data-start=\"1090\" data-end=\"1520\">\u00bfHa pensado ya qu\u00e9 tipo de veh\u00edculo prefiere? En el Aeropuerto de Valencia puede encontrar casi todas las categor\u00edas de coches. Desde coches compactos y econ\u00f3micos hasta descapotables, todoterrenos y 7 plazas, hay algo para cada viajero. S\u00f3lo tiene que establecer sus prioridades, ya sea el n\u00famero de pasajeros, el espacio para el equipaje, la comodidad, el presupuesto o la facilidad de aparcamiento, y elegir el alquiler que mejor se adapte a sus necesidades.<\/p>\t\t\t\t\t\t\t\t<\/div>\n\t\t\t\t<\/div>\n\t\t\t\t<div class=\"elementor-element elementor-element-9b81026 elementor-widget elementor-widget-heading\" data-id=\"9b81026\" data-element_type=\"widget\" data-e-type=\"widget\" data-widget_type=\"heading.default\">\n\t\t\t\t<div class=\"elementor-widget-container\">\n\t\t\t\t\t<h2 class=\"elementor-heading-title elementor-size-default\">Empresas de alquiler de coches en el aeropuerto de Valencia<\/h2>\t\t\t\t<\/div>\n\t\t\t\t<\/div>\n\t\t\t\t<div class=\"elementor-element elementor-element-5f532f7 elementor-widget elementor-widget-text-editor\" data-id=\"5f532f7\" data-element_type=\"widget\" data-e-type=\"widget\" data-widget_type=\"text-editor.default\">\n\t\t\t\t<div class=\"elementor-widget-container\">\n\t\t\t\t\t\t\t\t\t<p class=\"\" data-start=\"135\" data-end=\"422\">En el Aeropuerto de Valencia operan varios proveedores internacionales y locales de alquiler de coches, por lo que es f\u00e1cil encontrar un veh\u00edculo que se adapte a sus necesidades. Sin embargo, para asegurarse la mejor relaci\u00f3n calidad-precio y conseguir la oferta m\u00e1s competitiva, es aconsejable comparar ofertas y reservar con antelaci\u00f3n.<\/p><h3 class=\"\" data-start=\"424\" data-end=\"475\">\ud83d\ude97 <strong data-start=\"431\" data-end=\"475\">Empresas de alquiler de coches en el aeropuerto de Valencia<\/strong><\/h3><p class=\"\" data-start=\"477\" data-end=\"682\">Tanto si llega para una escapada urbana como si planea explorar la Comunidad Valenciana, encontrar\u00e1 una amplia gama de empresas de alquiler de confianza en la terminal principal del aeropuerto de Valencia:<\/p><ul data-start=\"684\" data-end=\"875\"><li class=\"\" data-start=\"684\" data-end=\"705\"><p class=\"\" data-start=\"686\" data-end=\"705\"><strong data-start=\"686\" data-end=\"703\">Avis - Presupuesto<\/strong><\/p><\/li><li class=\"\" data-start=\"706\" data-end=\"735\"><p class=\"\" data-start=\"708\" data-end=\"735\"><strong data-start=\"708\" data-end=\"733\">Enterprise Rent-A-Car<\/strong><\/p><\/li><li class=\"\" data-start=\"736\" data-end=\"752\"><p class=\"\" data-start=\"738\" data-end=\"752\"><strong data-start=\"738\" data-end=\"750\">Europcar<\/strong><\/p><\/li><li class=\"\" data-start=\"753\" data-end=\"768\"><p class=\"\" data-start=\"755\" data-end=\"768\"><strong data-start=\"755\" data-end=\"766\">Goldcar<\/strong><\/p><\/li><li class=\"\" data-start=\"769\" data-end=\"792\"><p class=\"\" data-start=\"771\" data-end=\"792\"><strong data-start=\"771\" data-end=\"790\">Hertz - Thrifty<\/strong><\/p><\/li><li class=\"\" data-start=\"793\" data-end=\"805\"><p class=\"\" data-start=\"795\" data-end=\"805\"><strong data-start=\"795\" data-end=\"803\">Sixt<\/strong><\/p><\/li><li class=\"\" data-start=\"806\" data-end=\"825\"><p class=\"\" data-start=\"808\" data-end=\"825\"><strong data-start=\"808\" data-end=\"823\">OK Movilidad<\/strong><\/p><\/li><li class=\"\" data-start=\"826\" data-end=\"843\"><p class=\"\" data-start=\"828\" data-end=\"843\"><strong data-start=\"828\" data-end=\"841\">Record go<\/strong><\/p><\/li><li class=\"\" data-start=\"844\" data-end=\"863\"><p class=\"\" data-start=\"846\" data-end=\"863\"><strong data-start=\"846\" data-end=\"861\">Alquiler de Leasys<\/strong><\/p><\/li><li class=\"\" data-start=\"864\" data-end=\"875\"><p class=\"\" data-start=\"866\" data-end=\"875\"><strong data-start=\"866\" data-end=\"875\">\u00c1lamo<\/strong><\/p><\/li><\/ul><p class=\"\" data-start=\"877\" data-end=\"1070\">Estos proveedores tienen mostradores de alquiler situados en el vest\u00edbulo de llegadas, y la zona de recogida est\u00e1 a un corto paseo de la terminal, lo que hace que el proceso sea f\u00e1cil y c\u00f3modo para todos los pasajeros.<\/p>\t\t\t\t\t\t\t\t<\/div>\n\t\t\t\t<\/div>\n\t\t\t\t<div class=\"elementor-element elementor-element-91d42cd elementor-widget elementor-widget-heading\" data-id=\"91d42cd\" data-element_type=\"widget\" data-e-type=\"widget\" data-widget_type=\"heading.default\">\n\t\t\t\t<div class=\"elementor-widget-container\">\n\t\t\t\t\t<h2 class=\"elementor-heading-title elementor-size-default\">Gu\u00eda \u00fatil de alquiler de coches en VLC Aeropuerto<\/h2>\t\t\t\t<\/div>\n\t\t\t\t<\/div>\n\t\t\t\t<div class=\"elementor-element elementor-element-312a76f elementor-widget elementor-widget-html\" data-id=\"312a76f\" data-element_type=\"widget\" data-e-type=\"widget\" data-widget_type=\"html.default\">\n\t\t\t\t<div class=\"elementor-widget-container\">\n\t\t\t\t\t\r\n<ul>\r\n  <li>Las empresas de alquiler ofrecen servicios adicionales como <strong>asientos para ni\u00f1os, GPS, Bluetooth<\/strong>, y mucho m\u00e1s. Si tiene necesidades espec\u00edficas, confirme la disponibilidad con antelaci\u00f3n.<\/li>\r\n  <li>Para acceder al <strong>los mejores precios y una mayor selecci\u00f3n de veh\u00edculos<\/strong>, se recomienda <strong>reserve online con antelaci\u00f3n<\/strong>.<\/li>\r\n  <li>En <strong>antes de reservar su coche<\/strong>, mejores ser\u00e1n las ofertas y la disponibilidad que encontrar\u00e1.<\/li>\r\n  <li>Debe tener un <strong>tarjeta de cr\u00e9dito<\/strong> y un <strong>pasaporte o documento de identidad en vigor<\/strong> para alquilar un coche en Espa\u00f1a.<\/li>\r\n  <li>A <strong>carnet de conducir en vigor con una antig\u00fcedad m\u00ednima de un a\u00f1o<\/strong> es obligatorio para el alquiler de coches.<\/li>\r\n  <li>Si su licencia no est\u00e1 en caracteres romanos o no es aceptada por las autoridades espa\u00f1olas, un <strong>Permiso internacional de conducci\u00f3n (PIC)<\/strong> puede ser necesario.<\/li>\r\n  <li>Compruebe siempre el <strong>requisitos de admisibilidad<\/strong> de cada empresa. Algunas pueden tener restricciones de edad o imponer <strong>tasas para j\u00f3venes conductores<\/strong>.<\/li>\r\n  <li>Elegir el <strong>opci\u00f3n de seguro a todo riesgo<\/strong> es la forma m\u00e1s segura de evitar costes inesperados por da\u00f1os o accidentes.<\/li>\r\n  <li><strong>Haz fotos del veh\u00edculo<\/strong> antes de abandonar el lote para registrar cualquier da\u00f1o existente.<\/li>\r\n  <li>En <strong>pol\u00edtica de combustible a combustible<\/strong> puede ahorrarle dinero, ya que las empresas de alquiler cobran m\u00e1s que las estaciones de servicio locales por repostar.<\/li>\r\n  <li>A\u00f1adir un <strong>conductor adicional<\/strong> suele conllevar un coste adicional.<\/li>\r\n  <li><strong>Respete todas las leyes de tr\u00e1fico espa\u00f1olas<\/strong>. Si recibe una multa, la agencia se la enviar\u00e1 junto con los gastos de tramitaci\u00f3n.<\/li>\r\n  <li><strong>Devolver el coche antes del plazo de 24 horas<\/strong> para evitar que le cobren un d\u00eda extra completo.<\/li>\r\n  <li><strong>Opciones de alquiler con ch\u00f3fer<\/strong> tambi\u00e9n est\u00e1n disponibles en algunos proveedores del aeropuerto de Valencia.<\/li>\r\n<\/ul>\r\n\t\t\t\t<\/div>\n\t\t\t\t<\/div>\n\t\t\t\t<div class=\"elementor-element elementor-element-a9429c6 elementor-widget elementor-widget-heading\" data-id=\"a9429c6\" data-element_type=\"widget\" data-e-type=\"widget\" data-widget_type=\"heading.default\">\n\t\t\t\t<div class=\"elementor-widget-container\">\n\t\t\t\t\t<h2 class=\"elementor-heading-title elementor-size-default\">PREGUNTAS FRECUENTES <\/h2>\t\t\t\t<\/div>\n\t\t\t\t<\/div>\n\t\t\t\t<div class=\"elementor-element elementor-element-c754e31 elementor-widget elementor-widget-heading\" data-id=\"c754e31\" data-element_type=\"widget\" data-e-type=\"widget\" data-widget_type=\"heading.default\">\n\t\t\t\t<div class=\"elementor-widget-container\">\n\t\t\t\t\t<h3 class=\"elementor-heading-title elementor-size-default\">\u00bfD\u00f3nde se encuentra la oficina de alquiler de coches de Firefly en el Aeropuerto VLC?\n<\/h3>\t\t\t\t<\/div>\n\t\t\t\t<\/div>\n\t\t\t\t<div class=\"elementor-element elementor-element-5027b02 elementor-widget elementor-widget-text-editor\" data-id=\"5027b02\" data-element_type=\"widget\" data-e-type=\"widget\" data-widget_type=\"text-editor.default\">\n\t\t\t\t<div class=\"elementor-widget-container\">\n\t\t\t\t\t\t\t\t\t<p class=\"\" data-start=\"141\" data-end=\"417\">En el Aeropuerto de Valencia, el mostrador de alquiler de coches de Firefly est\u00e1 convenientemente situado en la zona de Llegadas de la terminal principal, en la planta baja. El punto de recogida de veh\u00edculos suele estar situado justo fuera, en el aparcamiento adyacente, lo que hace que el proceso de alquiler sea r\u00e1pido y sencillo.<\/p><p class=\"\" data-start=\"419\" data-end=\"753\">Como el aeropuerto de Valencia tiene una sola terminal, no hay necesidad de traslados entre terminales ni de autobuses lanzadera. Todos los pasajeros, independientemente de la compa\u00f1\u00eda a\u00e9rea de llegada, pueden acceder al mostrador de Firefly directamente despu\u00e9s de recoger su equipaje. S\u00f3lo tiene que seguir las indicaciones de \u201cAlquiler de coches\u201d al salir de la zona de recogida de equipajes.<\/p>\t\t\t\t\t\t\t\t<\/div>\n\t\t\t\t<\/div>\n\t\t\t\t<div class=\"elementor-element elementor-element-235dc49 elementor-widget elementor-widget-heading\" data-id=\"235dc49\" data-element_type=\"widget\" data-e-type=\"widget\" data-widget_type=\"heading.default\">\n\t\t\t\t<div class=\"elementor-widget-container\">\n\t\t\t\t\t<h3 class=\"elementor-heading-title elementor-size-default\">\u00bfNecesita un seguro adicional para alquilar un coche?\n<\/h3>\t\t\t\t<\/div>\n\t\t\t\t<\/div>\n\t\t\t\t<div class=\"elementor-element elementor-element-d9d1d5b elementor-widget elementor-widget-text-editor\" data-id=\"d9d1d5b\" data-element_type=\"widget\" data-e-type=\"widget\" data-widget_type=\"text-editor.default\">\n\t\t\t\t<div class=\"elementor-widget-container\">\n\t\t\t\t\t\t\t\t\t<p class=\"\" data-start=\"119\" data-end=\"385\">Antes de contratar un seguro adicional para su coche de alquiler en el Aeropuerto de Valencia, \u00a1investige primero! Empiece por comprobar si su p\u00f3liza de seguro de coche personal incluye cobertura para veh\u00edculos de alquiler, o si su tarjeta de cr\u00e9dito ofrece protecci\u00f3n para coches de alquiler.<\/p><p class=\"\" data-start=\"387\" data-end=\"559\">Si cualquiera de las dos opciones ya cubre los da\u00f1os o el robo, contratar un seguro adicional con la compa\u00f1\u00eda de alquiler puede ser innecesario, lo que le ahorrar\u00e1 dinero sin comprometer su tranquilidad.<\/p>\t\t\t\t\t\t\t\t<\/div>\n\t\t\t\t<\/div>\n\t\t\t\t\t<\/div>\n\t\t<\/div>\n\t\t\t\t<div class=\"elementor-column elementor-col-50 elementor-top-column elementor-element elementor-element-4b56e3a9\" data-id=\"4b56e3a9\" data-element_type=\"column\" data-e-type=\"column\" data-settings=\"{&quot;background_background&quot;:&quot;classic&quot;}\">\n\t\t\t<div class=\"elementor-widget-wrap\">\n\t\t\t\t\t\t\t<\/div>\n\t\t<\/div>\n\t\t\t\t\t<\/div>\n\t\t<\/section>\n\t\t\t\t<\/div>","protected":false},"excerpt":{"rendered":"<p>Rent a Car at Valencia Airport Check the VLC Airport Car Rental Options and FInd the Top Car Hire Deals AValencia International Airport (VLC) &gt; Transportation\u00a0 \u00a0&gt; Airport car rental Valencia Airport Car Hire Valencia has so many things to see! Although its public transportation system is considered efficient and the historic center is packed [&hellip;]<\/p>\n","protected":false},"author":1,"featured_media":0,"parent":113,"menu_order":0,"comment_status":"closed","ping_status":"closed","template":"","meta":{"footnotes":""},"class_list":["post-263","page","type-page","status-publish","hentry"],"_links":{"self":[{"href":"https:\/\/valencia-international-airport.com\/es\/wp-json\/wp\/v2\/pages\/263","targetHints":{"allow":["GET"]}}],"collection":[{"href":"https:\/\/valencia-international-airport.com\/es\/wp-json\/wp\/v2\/pages"}],"about":[{"href":"https:\/\/valencia-international-airport.com\/es\/wp-json\/wp\/v2\/types\/page"}],"author":[{"embeddable":true,"href":"https:\/\/valencia-international-airport.com\/es\/wp-json\/wp\/v2\/users\/1"}],"replies":[{"embeddable":true,"href":"https:\/\/valencia-international-airport.com\/es\/wp-json\/wp\/v2\/comments?post=263"}],"version-history":[{"count":26,"href":"https:\/\/valencia-international-airport.com\/es\/wp-json\/wp\/v2\/pages\/263\/revisions"}],"predecessor-version":[{"id":593,"href":"https:\/\/valencia-international-airport.com\/es\/wp-json\/wp\/v2\/pages\/263\/revisions\/593"}],"up":[{"embeddable":true,"href":"https:\/\/valencia-international-airport.com\/es\/wp-json\/wp\/v2\/pages\/113"}],"wp:attachment":[{"href":"https:\/\/valencia-international-airport.com\/es\/wp-json\/wp\/v2\/media?parent=263"}],"curies":[{"name":"wp","href":"https:\/\/api.w.org\/{rel}","templated":true}]}}