{"id":99,"date":"2024-09-17T12:01:53","date_gmt":"2024-09-17T12:01:53","guid":{"rendered":"https:\/\/valencia-international-airport.com\/?page_id=99"},"modified":"2025-03-28T14:04:06","modified_gmt":"2025-03-28T14:04:06","slug":"politica-de-privacidad","status":"publish","type":"page","link":"https:\/\/valencia-international-airport.com\/es\/privacy-policy\/","title":{"rendered":"Pol\u00edtica de privacidad"},"content":{"rendered":"<div data-elementor-type=\"wp-page\" data-elementor-id=\"99\" class=\"elementor elementor-99\" data-elementor-post-type=\"page\">\n\t\t\t\t\t\t<section class=\"elementor-section elementor-top-section elementor-element elementor-element-560def9f elementor-section-height-min-height elementor-section-boxed elementor-section-height-default elementor-section-items-middle\" data-id=\"560def9f\" data-element_type=\"section\" data-e-type=\"section\" data-settings=\"{&quot;background_background&quot;:&quot;classic&quot;}\">\n\t\t\t\t\t\t\t<div class=\"elementor-background-overlay\"><\/div>\n\t\t\t\t\t\t\t<div class=\"elementor-container elementor-column-gap-default\">\n\t\t\t\t\t<div class=\"elementor-column elementor-col-100 elementor-top-column elementor-element elementor-element-65c5d5e8\" data-id=\"65c5d5e8\" data-element_type=\"column\" data-e-type=\"column\">\n\t\t\t<div class=\"elementor-widget-wrap elementor-element-populated\">\n\t\t\t\t\t\t<div class=\"elementor-element elementor-element-58428f33 elementor-widget elementor-widget-heading\" data-id=\"58428f33\" data-element_type=\"widget\" data-e-type=\"widget\" data-widget_type=\"heading.default\">\n\t\t\t\t<div class=\"elementor-widget-container\">\n\t\t\t\t\t<h1 class=\"elementor-heading-title elementor-size-default\">Pol\u00edtica de privacidad<\/h1>\t\t\t\t<\/div>\n\t\t\t\t<\/div>\n\t\t\t\t<div class=\"elementor-element elementor-element-b3d6019 elementor-icon-list--layout-inline elementor-align-center elementor-mobile-align-start elementor-list-item-link-full_width elementor-widget elementor-widget-icon-list\" data-id=\"b3d6019\" data-element_type=\"widget\" data-e-type=\"widget\" data-widget_type=\"icon-list.default\">\n\t\t\t\t<div class=\"elementor-widget-container\">\n\t\t\t\t\t\t\t<ul class=\"elementor-icon-list-items elementor-inline-items\">\n\t\t\t\t\t\t\t<li class=\"elementor-icon-list-item elementor-inline-item\">\n\t\t\t\t\t\t\t\t\t\t\t<span class=\"elementor-icon-list-icon\">\n\t\t\t\t\t\t\t<svg aria-hidden=\"true\" class=\"e-font-icon-svg e-far-calendar-alt\" viewbox=\"0 0 448 512\" xmlns=\"http:\/\/www.w3.org\/2000\/svg\"><path d=\"M148 288h-40c-6.6 0-12-5.4-12-12v-40c0-6.6 5.4-12 12-12h40c6.6 0 12 5.4 12 12v40c0 6.6-5.4 12-12 12zm108-12v-40c0-6.6-5.4-12-12-12h-40c-6.6 0-12 5.4-12 12v40c0 6.6 5.4 12 12 12h40c6.6 0 12-5.4 12-12zm96 0v-40c0-6.6-5.4-12-12-12h-40c-6.6 0-12 5.4-12 12v40c0 6.6 5.4 12 12 12h40c6.6 0 12-5.4 12-12zm-96 96v-40c0-6.6-5.4-12-12-12h-40c-6.6 0-12 5.4-12 12v40c0 6.6 5.4 12 12 12h40c6.6 0 12-5.4 12-12zm-96 0v-40c0-6.6-5.4-12-12-12h-40c-6.6 0-12 5.4-12 12v40c0 6.6 5.4 12 12 12h40c6.6 0 12-5.4 12-12zm192 0v-40c0-6.6-5.4-12-12-12h-40c-6.6 0-12 5.4-12 12v40c0 6.6 5.4 12 12 12h40c6.6 0 12-5.4 12-12zm96-260v352c0 26.5-21.5 48-48 48H48c-26.5 0-48-21.5-48-48V112c0-26.5 21.5-48 48-48h48V12c0-6.6 5.4-12 12-12h40c6.6 0 12 5.4 12 12v52h128V12c0-6.6 5.4-12 12-12h40c6.6 0 12 5.4 12 12v52h48c26.5 0 48 21.5 48 48zm-48 346V160H48v298c0 3.3 2.7 6 6 6h340c3.3 0 6-2.7 6-6z\"><\/path><\/svg>\t\t\t\t\t\t<\/span>\n\t\t\t\t\t\t\t\t\t\t<span class=\"elementor-icon-list-text\">Fecha de entrada en vigor: 17 de septiembre de 2024<\/span>\n\t\t\t\t\t\t\t\t\t<\/li>\n\t\t\t\t\t\t\t\t<li class=\"elementor-icon-list-item elementor-inline-item\">\n\t\t\t\t\t\t\t\t\t\t\t<span class=\"elementor-icon-list-icon\">\n\t\t\t\t\t\t\t<svg aria-hidden=\"true\" class=\"e-font-icon-svg e-fas-clock\" viewbox=\"0 0 512 512\" xmlns=\"http:\/\/www.w3.org\/2000\/svg\"><path d=\"M256,8C119,8,8,119,8,256S119,504,256,504,504,393,504,256,393,8,256,8Zm92.49,313h0l-20,25a16,16,0,0,1-22.49,2.5h0l-67-49.72a40,40,0,0,1-15-31.23V112a16,16,0,0,1,16-16h32a16,16,0,0,1,16,16V256l58,42.5A16,16,0,0,1,348.49,321Z\"><\/path><\/svg>\t\t\t\t\t\t<\/span>\n\t\t\t\t\t\t\t\t\t\t<span class=\"elementor-icon-list-text\">01:00 pm<\/span>\n\t\t\t\t\t\t\t\t\t<\/li>\n\t\t\t\t\t\t<\/ul>\n\t\t\t\t\t\t<\/div>\n\t\t\t\t<\/div>\n\t\t\t\t<div class=\"elementor-element elementor-element-3ea0628 elementor-view-default elementor-invisible elementor-widget elementor-widget-icon\" data-id=\"3ea0628\" data-element_type=\"widget\" data-e-type=\"widget\" data-settings=\"{&quot;_animation&quot;:&quot;fadeInDown&quot;,&quot;_animation_delay&quot;:500}\" data-widget_type=\"icon.default\">\n\t\t\t\t<div class=\"elementor-widget-container\">\n\t\t\t\t\t\t\t<div class=\"elementor-icon-wrapper\">\n\t\t\t<div class=\"elementor-icon\">\n\t\t\t<svg aria-hidden=\"true\" class=\"e-font-icon-svg e-fas-chevron-down\" viewbox=\"0 0 448 512\" xmlns=\"http:\/\/www.w3.org\/2000\/svg\"><path d=\"M207.029 381.476L12.686 187.132c-9.373-9.373-9.373-24.569 0-33.941l22.667-22.667c9.357-9.357 24.522-9.375 33.901-.04L224 284.505l154.745-154.021c9.379-9.335 24.544-9.317 33.901.04l22.667 22.667c9.373 9.373 9.373 24.569 0 33.941L240.971 381.476c-9.373 9.372-24.569 9.372-33.942 0z\"><\/path><\/svg>\t\t\t<\/div>\n\t\t<\/div>\n\t\t\t\t\t\t<\/div>\n\t\t\t\t<\/div>\n\t\t\t\t\t<\/div>\n\t\t<\/div>\n\t\t\t\t\t<\/div>\n\t\t<\/section>\n\t\t\t\t<section class=\"elementor-section elementor-top-section elementor-element elementor-element-5a5eef55 elementor-section-content-middle elementor-section-boxed elementor-section-height-default elementor-section-height-default\" data-id=\"5a5eef55\" data-element_type=\"section\" data-e-type=\"section\">\n\t\t\t\t\t\t<div class=\"elementor-container elementor-column-gap-default\">\n\t\t\t\t\t<div class=\"elementor-column elementor-col-50 elementor-top-column elementor-element elementor-element-d687afe\" data-id=\"d687afe\" data-element_type=\"column\" data-e-type=\"column\">\n\t\t\t<div class=\"elementor-widget-wrap elementor-element-populated\">\n\t\t\t\t\t\t<div class=\"elementor-element elementor-element-5f384c6 elementor-widget elementor-widget-text-editor\" data-id=\"5f384c6\" data-element_type=\"widget\" data-e-type=\"widget\" data-widget_type=\"text-editor.default\">\n\t\t\t\t<div class=\"elementor-widget-container\">\n\t\t\t\t\t\t\t\t\t<p><a href=\"https:\/\/valencia-international-airport.com\/\"><b>Aeropuerto internacional de Valencia (VLC)<\/b><\/a>&gt; <strong>Pol\u00edtica de privacidad<\/strong><\/p>\t\t\t\t\t\t\t\t<\/div>\n\t\t\t\t<\/div>\n\t\t\t\t<div class=\"elementor-element elementor-element-9a5997e elementor-widget elementor-widget-heading\" data-id=\"9a5997e\" data-element_type=\"widget\" data-e-type=\"widget\" data-widget_type=\"heading.default\">\n\t\t\t\t<div class=\"elementor-widget-container\">\n\t\t\t\t\t<h2 class=\"elementor-heading-title elementor-size-default\">Pol\u00edtica de privacidad<\/h2>\t\t\t\t<\/div>\n\t\t\t\t<\/div>\n\t\t\t\t<div class=\"elementor-element elementor-element-53c71dc elementor-widget elementor-widget-text-editor\" data-id=\"53c71dc\" data-element_type=\"widget\" data-e-type=\"widget\" data-widget_type=\"text-editor.default\">\n\t\t\t\t<div class=\"elementor-widget-container\">\n\t\t\t\t\t\t\t\t\t<p class=\"\" data-start=\"170\" data-end=\"468\"><strong data-start=\"170\" data-end=\"271\">Bienvenido al sitio web no oficial del Aeropuerto de Valencia (<a class=\"\" href=\"https:\/\/valencia-international-airport.com\/\" target=\"_new\" rel=\"noopener\" data-start=\"225\" data-end=\"268\">https:\/\/valencia-international-airport.com\/<\/a>)<\/strong><br data-start=\"271\" data-end=\"274\" \/>Nos comprometemos a proteger la privacidad y la seguridad de la informaci\u00f3n de nuestros usuarios. Esta pol\u00edtica de privacidad explica c\u00f3mo recopilamos, utilizamos, divulgamos y protegemos sus datos cuando visita nuestro sitio web.<\/p><p class=\"\" data-start=\"470\" data-end=\"686\">Este aviso de privacidad para <strong data-start=\"494\" data-end=\"514\">Aeropuerto de Valencia<\/strong> (\u201cnosotros\u201d, \u201cnos\u201d o \u201cnuestro\u201d) describe c\u00f3mo y por qu\u00e9 podemos recopilar, almacenar, utilizar y\/o compartir (\u201cprocesar\u201d) su informaci\u00f3n cuando usted utiliza nuestros servicios (\u201cServicios\u201d), por ejemplo cuando usted:<\/p><ul data-start=\"688\" data-end=\"807\"><li class=\"\" data-start=\"688\" data-end=\"758\"><p class=\"\" data-start=\"690\" data-end=\"758\">Acceda a informaci\u00f3n sobre vuelos, servicios e instalaciones aeroportuarias<\/p><\/li><li class=\"\" data-start=\"759\" data-end=\"807\"><p class=\"\" data-start=\"761\" data-end=\"807\">Utilizar las herramientas y funciones de nuestro sitio web<\/p><\/li><\/ul><hr class=\"\" data-start=\"809\" data-end=\"812\" \/><h3 class=\"\" data-start=\"814\" data-end=\"840\">\u00bfPreguntas o dudas?<\/h3><p class=\"\" data-start=\"842\" data-end=\"1020\">La lectura de este aviso de privacidad le ayudar\u00e1 a comprender sus derechos y opciones en materia de privacidad. Si no est\u00e1 de acuerdo con nuestras pol\u00edticas y pr\u00e1cticas, abst\u00e9ngase de utilizar nuestros Servicios.<\/p><hr class=\"\" data-start=\"1022\" data-end=\"1025\" \/><h3 class=\"\" data-start=\"1027\" data-end=\"1053\">Informaci\u00f3n que recopilamos<\/h3><p class=\"\" data-start=\"1055\" data-end=\"1331\">Recopilamos la informaci\u00f3n que usted nos proporciona voluntariamente cuando interact\u00faa con nuestros Servicios, incluido su nombre, direcci\u00f3n de correo electr\u00f3nico y n\u00famero de tel\u00e9fono. Tambi\u00e9n podemos recopilar ciertos datos autom\u00e1ticamente, como su direcci\u00f3n IP, tipo de navegador y horas de acceso, para mejorar la experiencia del usuario.<\/p><hr class=\"\" data-start=\"1333\" data-end=\"1336\" \/><h3 class=\"\" data-start=\"1338\" data-end=\"1369\">C\u00f3mo utilizamos su informaci\u00f3n<\/h3><p class=\"\" data-start=\"1371\" data-end=\"1408\">Utilizamos la informaci\u00f3n que recopilamos para:<\/p><ul data-start=\"1410\" data-end=\"1692\"><li class=\"\" data-start=\"1410\" data-end=\"1456\"><p class=\"\" data-start=\"1412\" data-end=\"1456\">Operar, mantener y mejorar nuestro sitio web<\/p><\/li><li class=\"\" data-start=\"1457\" data-end=\"1496\"><p class=\"\" data-start=\"1459\" data-end=\"1496\">Personalizar y ampliar nuestros servicios<\/p><\/li><li class=\"\" data-start=\"1497\" data-end=\"1544\"><p class=\"\" data-start=\"1499\" data-end=\"1544\">Analizar c\u00f3mo interact\u00faan los usuarios con nuestro sitio web<\/p><\/li><li class=\"\" data-start=\"1545\" data-end=\"1582\"><p class=\"\" data-start=\"1547\" data-end=\"1582\">Desarrollar nuevas funciones y servicios<\/p><\/li><li class=\"\" data-start=\"1583\" data-end=\"1692\"><p class=\"\" data-start=\"1585\" data-end=\"1692\">Comunicarnos con usted directamente o a trav\u00e9s de nuestros socios, con fines de atenci\u00f3n al cliente, actualizaciones y marketing.<\/p><\/li><\/ul><hr class=\"\" data-start=\"1694\" data-end=\"1697\" \/><h3 class=\"\" data-start=\"1699\" data-end=\"1732\">C\u00f3mo compartimos su informaci\u00f3n<\/h3><p class=\"\" data-start=\"1734\" data-end=\"1791\">Podemos compartir su informaci\u00f3n de varias maneras, entre ellas:<\/p><ul data-start=\"1793\" data-end=\"2018\"><li class=\"\" data-start=\"1793\" data-end=\"1888\"><p class=\"\" data-start=\"1795\" data-end=\"1888\">Con proveedores de servicios que desempe\u00f1en funciones en nuestro nombre, en virtud de acuerdos de confidencialidad.<\/p><\/li><li class=\"\" data-start=\"1889\" data-end=\"1950\"><p class=\"\" data-start=\"1891\" data-end=\"1950\">Con entidades afiliadas para fines comerciales leg\u00edtimos<\/p><\/li><li class=\"\" data-start=\"1951\" data-end=\"2018\"><p class=\"\" data-start=\"1953\" data-end=\"2018\">Con otros usuarios cuando usted interact\u00faa en \u00e1reas p\u00fablicas del sitio web<\/p><\/li><\/ul><hr class=\"\" data-start=\"2020\" data-end=\"2023\" \/><h3 class=\"\" data-start=\"2025\" data-end=\"2049\">Servicios de terceros<\/h3><p class=\"\" data-start=\"2051\" data-end=\"2261\">Nuestro sitio web puede contener enlaces a sitios web y servicios de terceros que no son operados o controlados por el Aeropuerto de Valencia. No somos responsables de las pr\u00e1cticas de privacidad o el contenido de dichos sitios web externos.<\/p><hr class=\"\" data-start=\"2263\" data-end=\"2266\" \/><h3 class=\"\" data-start=\"2268\" data-end=\"2285\">Seguridad de los datos<\/h3><p class=\"\" data-start=\"2287\" data-end=\"2445\">Aplicamos medidas t\u00e9cnicas y organizativas razonables para proteger sus datos personales contra p\u00e9rdida, robo, acceso no autorizado, divulgaci\u00f3n o destrucci\u00f3n.<\/p><hr class=\"\" data-start=\"2447\" data-end=\"2450\" \/><h3 class=\"\" data-start=\"2452\" data-end=\"2475\">Sus derechos de privacidad<\/h3><p class=\"\" data-start=\"2477\" data-end=\"2641\">Dependiendo de su ubicaci\u00f3n, usted puede tener ciertos derechos de protecci\u00f3n de datos, como el derecho a acceder, corregir o eliminar la informaci\u00f3n personal que tenemos sobre usted.<\/p><hr class=\"\" data-start=\"2643\" data-end=\"2646\" \/><h3 class=\"\" data-start=\"2648\" data-end=\"2674\">Actualizaciones de esta pol\u00edtica<\/h3><p class=\"\" data-start=\"2676\" data-end=\"2795\">Podemos actualizar esta Pol\u00edtica de Privacidad peri\u00f3dicamente. Cualquier cambio se publicar\u00e1 en esta p\u00e1gina con la fecha de revisi\u00f3n actualizada.<\/p>\t\t\t\t\t\t\t\t<\/div>\n\t\t\t\t<\/div>\n\t\t\t\t\t<\/div>\n\t\t<\/div>\n\t\t\t\t<div class=\"elementor-column elementor-col-50 elementor-top-column elementor-element elementor-element-4b56e3a9\" data-id=\"4b56e3a9\" data-element_type=\"column\" data-e-type=\"column\" data-settings=\"{&quot;background_background&quot;:&quot;classic&quot;}\">\n\t\t\t<div class=\"elementor-widget-wrap elementor-element-populated\">\n\t\t\t\t\t\t<div class=\"elementor-element elementor-element-9e9a27c elementor-alert-info elementor-widget elementor-widget-alert\" data-id=\"9e9a27c\" data-element_type=\"widget\" data-e-type=\"widget\" data-widget_type=\"alert.default\">\n\t\t\t\t<div class=\"elementor-widget-container\">\n\t\t\t\t\t\t\t<div class=\"elementor-alert\" role=\"alert\">\n\n\t\t\t\t\t\t<span class=\"elementor-alert-title\">Notas \u00fatiles<\/span>\n\t\t\t\n\t\t\t\t\t\t<span class=\"elementor-alert-description\">Este sitio web sirve como gu\u00eda no oficial del Aeropuerto de Valencia (VLC) y no tiene ninguna afiliaci\u00f3n directa o indirecta con el sitio web oficial del aeropuerto. Nuestro objetivo es ayudar a los viajeros proporcion\u00e1ndoles informaci\u00f3n \u00fatil, relevante y actualizada sobre el Aeropuerto de Valencia. Aunque nos esforzamos por asegurar la exactitud de toda la informaci\u00f3n proporcionada en este sitio, no podemos garantizar que el contenido est\u00e9 completamente libre de errores u omisiones. El sitio web no acepta ninguna responsabilidad por cualquier inexactitud o malentendido.\nvalencia-aeropuerto-internacional.com<\/span>\n\t\t\t\n\t\t\t\t\t\t<button type=\"button\" class=\"elementor-alert-dismiss\" aria-label=\"Ne pas tenir compte de cette alerte.\" data-no-translation-aria-label=\"\">\n\t\t\t\t\t\t\t\t\t<span aria-hidden=\"true\">\u00d7<\/span>\n\t\t\t\t\t\t\t<\/button>\n\t\t\t\n\t\t<\/div>\n\t\t\t\t\t\t<\/div>\n\t\t\t\t<\/div>\n\t\t\t\t\t<\/div>\n\t\t<\/div>\n\t\t\t\t\t<\/div>\n\t\t<\/section>\n\t\t\t\t<\/div>","protected":false},"excerpt":{"rendered":"<p>Privacy Policy Derni\u00e8re mise \u00e0 jour le September 17, 2024 01:00 pm Valencia international airport (VLC)&gt; Privacy Policy Privacy Policy Welcome to the unofficial Website of Valencia Airport (https:\/\/valencia-international-airport.com\/)We are committed to protecting the privacy and security of our users&#8217; information. This Privacy Policy explains how we collect, use, disclose, and safeguard your data when [&hellip;]<\/p>\n","protected":false},"author":1,"featured_media":0,"parent":0,"menu_order":0,"comment_status":"closed","ping_status":"closed","template":"","meta":{"footnotes":""},"class_list":["post-99","page","type-page","status-publish","hentry"],"_links":{"self":[{"href":"https:\/\/valencia-international-airport.com\/es\/wp-json\/wp\/v2\/pages\/99","targetHints":{"allow":["GET"]}}],"collection":[{"href":"https:\/\/valencia-international-airport.com\/es\/wp-json\/wp\/v2\/pages"}],"about":[{"href":"https:\/\/valencia-international-airport.com\/es\/wp-json\/wp\/v2\/types\/page"}],"author":[{"embeddable":true,"href":"https:\/\/valencia-international-airport.com\/es\/wp-json\/wp\/v2\/users\/1"}],"replies":[{"embeddable":true,"href":"https:\/\/valencia-international-airport.com\/es\/wp-json\/wp\/v2\/comments?post=99"}],"version-history":[{"count":11,"href":"https:\/\/valencia-international-airport.com\/es\/wp-json\/wp\/v2\/pages\/99\/revisions"}],"predecessor-version":[{"id":479,"href":"https:\/\/valencia-international-airport.com\/es\/wp-json\/wp\/v2\/pages\/99\/revisions\/479"}],"wp:attachment":[{"href":"https:\/\/valencia-international-airport.com\/es\/wp-json\/wp\/v2\/media?parent=99"}],"curies":[{"name":"wp","href":"https:\/\/api.w.org\/{rel}","templated":true}]}}