{"id":148,"date":"2024-09-18T17:49:59","date_gmt":"2024-09-18T17:49:59","guid":{"rendered":"https:\/\/valencia-international-airport.com\/?page_id=148"},"modified":"2025-04-03T12:15:15","modified_gmt":"2025-04-03T12:15:15","slug":"guide","status":"publish","type":"page","link":"https:\/\/valencia-international-airport.com\/fr\/guide\/","title":{"rendered":"Guide des a\u00e9roports"},"content":{"rendered":"<div data-elementor-type=\"wp-page\" data-elementor-id=\"148\" class=\"elementor elementor-148\" data-elementor-post-type=\"page\">\n\t\t\t\t\t\t<section class=\"elementor-section elementor-top-section elementor-element elementor-element-560def9f elementor-section-height-min-height elementor-section-boxed elementor-section-height-default elementor-section-items-middle\" data-id=\"560def9f\" data-element_type=\"section\" data-e-type=\"section\" data-settings=\"{&quot;background_background&quot;:&quot;classic&quot;}\">\n\t\t\t\t\t\t\t<div class=\"elementor-background-overlay\"><\/div>\n\t\t\t\t\t\t\t<div class=\"elementor-container elementor-column-gap-default\">\n\t\t\t\t\t<div class=\"elementor-column elementor-col-100 elementor-top-column elementor-element elementor-element-65c5d5e8\" data-id=\"65c5d5e8\" data-element_type=\"column\" data-e-type=\"column\">\n\t\t\t<div class=\"elementor-widget-wrap elementor-element-populated\">\n\t\t\t\t\t\t<div class=\"elementor-element elementor-element-58428f33 elementor-widget elementor-widget-heading\" data-id=\"58428f33\" data-element_type=\"widget\" data-e-type=\"widget\" data-widget_type=\"heading.default\">\n\t\t\t\t<div class=\"elementor-widget-container\">\n\t\t\t\t\t<h1 class=\"elementor-heading-title elementor-size-default\">Guide de l'a\u00e9roport de Valence<\/h1>\t\t\t\t<\/div>\n\t\t\t\t<\/div>\n\t\t\t\t<div class=\"elementor-element elementor-element-4e9a4b5f elementor-widget elementor-widget-heading\" data-id=\"4e9a4b5f\" data-element_type=\"widget\" data-e-type=\"widget\" data-widget_type=\"heading.default\">\n\t\t\t\t<div class=\"elementor-widget-container\">\n\t\t\t\t\t<p class=\"elementor-heading-title elementor-size-default\">Directives g\u00e9n\u00e9rales et conseils utiles concernant l'a\u00e9roport de Valence<\/p>\t\t\t\t<\/div>\n\t\t\t\t<\/div>\n\t\t\t\t<div class=\"elementor-element elementor-element-3ea0628 elementor-view-default elementor-invisible elementor-widget elementor-widget-icon\" data-id=\"3ea0628\" data-element_type=\"widget\" data-e-type=\"widget\" data-settings=\"{&quot;_animation&quot;:&quot;fadeInDown&quot;,&quot;_animation_delay&quot;:500}\" data-widget_type=\"icon.default\">\n\t\t\t\t<div class=\"elementor-widget-container\">\n\t\t\t\t\t\t\t<div class=\"elementor-icon-wrapper\">\n\t\t\t<div class=\"elementor-icon\">\n\t\t\t<svg aria-hidden=\"true\" class=\"e-font-icon-svg e-fas-chevron-down\" viewbox=\"0 0 448 512\" xmlns=\"http:\/\/www.w3.org\/2000\/svg\"><path d=\"M207.029 381.476L12.686 187.132c-9.373-9.373-9.373-24.569 0-33.941l22.667-22.667c9.357-9.357 24.522-9.375 33.901-.04L224 284.505l154.745-154.021c9.379-9.335 24.544-9.317 33.901.04l22.667 22.667c9.373 9.373 9.373 24.569 0 33.941L240.971 381.476c-9.373 9.372-24.569 9.372-33.942 0z\"><\/path><\/svg>\t\t\t<\/div>\n\t\t<\/div>\n\t\t\t\t\t\t<\/div>\n\t\t\t\t<\/div>\n\t\t\t\t\t<\/div>\n\t\t<\/div>\n\t\t\t\t\t<\/div>\n\t\t<\/section>\n\t\t\t\t<section class=\"elementor-section elementor-top-section elementor-element elementor-element-5a5eef55 elementor-section-content-middle elementor-section-boxed elementor-section-height-default elementor-section-height-default\" data-id=\"5a5eef55\" data-element_type=\"section\" data-e-type=\"section\">\n\t\t\t\t\t\t<div class=\"elementor-container elementor-column-gap-default\">\n\t\t\t\t\t<div class=\"elementor-column elementor-col-50 elementor-top-column elementor-element elementor-element-d687afe\" data-id=\"d687afe\" data-element_type=\"column\" data-e-type=\"column\">\n\t\t\t<div class=\"elementor-widget-wrap elementor-element-populated\">\n\t\t\t\t\t\t<div class=\"elementor-element elementor-element-5f384c6 elementor-widget elementor-widget-text-editor\" data-id=\"5f384c6\" data-element_type=\"widget\" data-e-type=\"widget\" data-widget_type=\"text-editor.default\">\n\t\t\t\t<div class=\"elementor-widget-container\">\n\t\t\t\t\t\t\t\t\t<p><a href=\"https:\/\/valencia-international-airport.com\/\">A\u00e9roport international de Valence (VLC)<\/a> &gt; <strong>Guide<\/strong><\/p>\t\t\t\t\t\t\t\t<\/div>\n\t\t\t\t<\/div>\n\t\t\t\t<div class=\"elementor-element elementor-element-9a5997e elementor-widget elementor-widget-heading\" data-id=\"9a5997e\" data-element_type=\"widget\" data-e-type=\"widget\" data-widget_type=\"heading.default\">\n\t\t\t\t<div class=\"elementor-widget-container\">\n\t\t\t\t\t<h2 class=\"elementor-heading-title elementor-size-default\">Informations g\u00e9n\u00e9rales sur l'a\u00e9roport<\/h2>\t\t\t\t<\/div>\n\t\t\t\t<\/div>\n\t\t\t\t<div class=\"elementor-element elementor-element-53c71dc elementor-widget elementor-widget-text-editor\" data-id=\"53c71dc\" data-element_type=\"widget\" data-e-type=\"widget\" data-widget_type=\"text-editor.default\">\n\t\t\t\t<div class=\"elementor-widget-container\">\n\t\t\t\t\t\t\t\t\t<p data-pm-slice=\"1 1 []\">Bienvenue \u00e0 l'a\u00e9roport de Valence (VLC), la principale porte d'entr\u00e9e de Valence et l'un des a\u00e9roports les plus fr\u00e9quent\u00e9s d'Espagne. Situ\u00e9 \u00e0 proximit\u00e9 du centre-ville de Valence, l'a\u00e9roport relie la r\u00e9gion \u00e0 de nombreuses destinations nationales et internationales. L'a\u00e9roport de Valence accueille les principales compagnies a\u00e9riennes du monde entier et propose des liaisons vers plus de 100 destinations.<\/p><p>R\u00e9put\u00e9 pour son c\u00f4t\u00e9 pratique et son infrastructure moderne, l'a\u00e9roport de Valence dispose d'un terminal unique et efficace qui accueille les vols nationaux et internationaux. Les passagers peuvent profiter d'une grande vari\u00e9t\u00e9 de commodit\u00e9s, y compris des boutiques, des restaurants, des caf\u00e9s et des zones d'achats hors taxes proposant des produits de haute qualit\u00e9 et de luxe.<\/p><p>En outre, l'a\u00e9roport de Valence est reconnu pour son environnement favorable aux passagers, garantissant aux voyageurs commodit\u00e9, confort et facilit\u00e9 pendant leur transit. Qu'ils voyagent avec des transporteurs conventionnels ou des compagnies a\u00e9riennes \u00e0 bas prix, les visiteurs peuvent compter sur l'a\u00e9roport de Valence pour leur offrir une exp\u00e9rience de voyage agr\u00e9able et transparente.<\/p>\t\t\t\t\t\t\t\t<\/div>\n\t\t\t\t<\/div>\n\t\t\t\t<div class=\"elementor-element elementor-element-9b81026 elementor-widget elementor-widget-heading\" data-id=\"9b81026\" data-element_type=\"widget\" data-e-type=\"widget\" data-widget_type=\"heading.default\">\n\t\t\t\t<div class=\"elementor-widget-container\">\n\t\t\t\t\t<h2 class=\"elementor-heading-title elementor-size-default\">Terminaux<\/h2>\t\t\t\t<\/div>\n\t\t\t\t<\/div>\n\t\t\t\t<div class=\"elementor-element elementor-element-5f532f7 elementor-widget elementor-widget-text-editor\" data-id=\"5f532f7\" data-element_type=\"widget\" data-e-type=\"widget\" data-widget_type=\"text-editor.default\">\n\t\t\t\t<div class=\"elementor-widget-container\">\n\t\t\t\t\t\t\t\t\t<p class=\"\" data-start=\"11\" data-end=\"334\">L'a\u00e9roport VLC dispose d'un <a href=\"https:\/\/valencia-international-airport.com\/guide\/terminaux\/\">terminal unique <\/a>con\u00e7u pour accueillir efficacement les vols nationaux et internationaux. Compact et facile \u00e0 parcourir, le terminal offre une disposition conviviale, permettant aux voyageurs d'acc\u00e9der \u00e0 tous les services essentiels \u00e0 une courte distance de marche.<\/p><p class=\"\" data-start=\"336\" data-end=\"672\">Le terminal de l'a\u00e9roport est \u00e9quip\u00e9 de panneaux clairement identifi\u00e9s pour guider les passagers dans les zones d'enregistrement, de s\u00e9curit\u00e9 et d'embarquement. En l'absence de terminaux suppl\u00e9mentaires ou de b\u00e2timents satellites, les voyageurs peuvent se d\u00e9placer confortablement sans avoir recours \u00e0 des navettes ou \u00e0 des syst\u00e8mes de transport internes, ce qui garantit une exp\u00e9rience a\u00e9roportuaire sans tracas.<\/p><p class=\"\" data-start=\"674\" data-end=\"900\">Cette configuration rationalis\u00e9e permet des transitions rapides et sans stress entre les portes d'embarquement, la r\u00e9cup\u00e9ration des bagages, les locations de voitures et les installations de transport public, ce qui r\u00e9pond parfaitement au trafic de passagers et \u00e0 l'efficacit\u00e9 op\u00e9rationnelle de l'a\u00e9roport.<\/p>\t\t\t\t\t\t\t\t<\/div>\n\t\t\t\t<\/div>\n\t\t\t\t<div class=\"elementor-element elementor-element-91d42cd elementor-widget elementor-widget-heading\" data-id=\"91d42cd\" data-element_type=\"widget\" data-e-type=\"widget\" data-widget_type=\"heading.default\">\n\t\t\t\t<div class=\"elementor-widget-container\">\n\t\t\t\t\t<h2 class=\"elementor-heading-title elementor-size-default\">H\u00f4tels<\/h2>\t\t\t\t<\/div>\n\t\t\t\t<\/div>\n\t\t\t\t<div class=\"elementor-element elementor-element-3ad0058 elementor-widget elementor-widget-text-editor\" data-id=\"3ad0058\" data-element_type=\"widget\" data-e-type=\"widget\" data-widget_type=\"text-editor.default\">\n\t\t\t\t<div class=\"elementor-widget-container\">\n\t\t\t\t\t\t\t\t\t<p class=\"\" data-start=\"8\" data-end=\"413\">Recherche de confort<a href=\"https:\/\/valencia-international-airport.com\/guide\/airport-hotels\/\"> h\u00f4tel pr\u00e8s de l'a\u00e9roport de Valence<\/a>? Que vous pr\u00e9f\u00e9riez rester \u00e0 proximit\u00e9 de votre vol ou vous aventurer dans le centre ville anim\u00e9 de Valence, vous trouverez d'excellentes options h\u00f4teli\u00e8res pour satisfaire les go\u00fbts de tous les voyageurs. Des h\u00f4tels haut de gamme offrant un confort raffin\u00e9 aux charmants \u00e9tablissements de charme et aux maisons d'h\u00f4tes accueillantes, la sc\u00e8ne h\u00f4teli\u00e8re de Valence refl\u00e8te la chaleur et le caract\u00e8re de la ville.<\/p><p class=\"\" data-start=\"415\" data-end=\"760\">Plusieurs h\u00f4tels situ\u00e9s \u00e0 une courte distance en voiture de l'a\u00e9roport de Valence offrent commodit\u00e9 et facilit\u00e9, ce qui est id\u00e9al pour les arriv\u00e9es tardives ou les d\u00e9parts pr\u00e9coces. Par ailleurs, si vous recherchez l'atmosph\u00e8re anim\u00e9e et les riches exp\u00e9riences culturelles du centre historique de Valence, de nombreux h\u00e9bergements vous attendent, vous assurant un s\u00e9jour \u00e0 la fois agr\u00e9able et m\u00e9morable. .<\/p><div class=\"et_pb_module et_pb_text et_pb_text_4 et_pb_text_align_left et_pb_bg_layout_light\"><div class=\"et_pb_text_inner\">\u00a0<\/div><\/div>\t\t\t\t\t\t\t\t<\/div>\n\t\t\t\t<\/div>\n\t\t\t\t<div class=\"elementor-element elementor-element-2b22d9c elementor-widget elementor-widget-heading\" data-id=\"2b22d9c\" data-element_type=\"widget\" data-e-type=\"widget\" data-widget_type=\"heading.default\">\n\t\t\t\t<div class=\"elementor-widget-container\">\n\t\t\t\t\t<h2 class=\"elementor-heading-title elementor-size-default\">Parking\n<\/h2>\t\t\t\t<\/div>\n\t\t\t\t<\/div>\n\t\t\t\t<div class=\"elementor-element elementor-element-50738bc elementor-widget elementor-widget-text-editor\" data-id=\"50738bc\" data-element_type=\"widget\" data-e-type=\"widget\" data-widget_type=\"text-editor.default\">\n\t\t\t\t<div class=\"elementor-widget-container\">\n\t\t\t\t\t\t\t\t\t<p class=\"\" data-start=\"9\" data-end=\"402\">Quels que soient vos projets de voyage, l'a\u00e9roport de Valence vous propose plusieurs services pratiques. <a href=\"https:\/\/valencia-international-airport.com\/guide\/parking\/\">stationnement<\/a> Les parkings sont con\u00e7us pour r\u00e9pondre aux besoins de chaque passager. Vous trouverez des aires de stationnement de courte dur\u00e9e \u00e0 quelques pas de l'entr\u00e9e de l'a\u00e9rogare, parfaites pour les prises en charge et les d\u00e9poses rapides. Pour les voyageurs qui souhaitent prolonger leur s\u00e9jour, l'a\u00e9roport propose \u00e9galement des parkings de longue dur\u00e9e \u00e0 des tarifs comp\u00e9titifs.<\/p><p class=\"\" data-start=\"404\" data-end=\"746\">En outre, l'a\u00e9roport de Valence dispose d'une zone de stationnement express, id\u00e9ale pour les arr\u00eats de courte dur\u00e9e, l'embarquement et le d\u00e9barquement des passagers. Les motards ne sont pas en reste, puisque des places de stationnement leur sont r\u00e9serv\u00e9es. Que vous partiez ou que vous arriviez, les services de stationnement de l'a\u00e9roport de Valence vous garantissent commodit\u00e9, accessibilit\u00e9 et tranquillit\u00e9 d'esprit.<\/p>\t\t\t\t\t\t\t\t<\/div>\n\t\t\t\t<\/div>\n\t\t\t\t<div class=\"elementor-element elementor-element-ad7a310 elementor-widget elementor-widget-heading\" data-id=\"ad7a310\" data-element_type=\"widget\" data-e-type=\"widget\" data-widget_type=\"heading.default\">\n\t\t\t\t<div class=\"elementor-widget-container\">\n\t\t\t\t\t<h2 class=\"elementor-heading-title elementor-size-default\">Escale \u00e0 l'a\u00e9roport\n<\/h2>\t\t\t\t<\/div>\n\t\t\t\t<\/div>\n\t\t\t\t<div class=\"elementor-element elementor-element-082a4f4 elementor-widget elementor-widget-text-editor\" data-id=\"082a4f4\" data-element_type=\"widget\" data-e-type=\"widget\" data-widget_type=\"text-editor.default\">\n\t\t\t\t<div class=\"elementor-widget-container\">\n\t\t\t\t\t\t\t\t\t<p>Ne voyez pas votre<a href=\"https:\/\/valencia-international-airport.com\/guide\/layover\/\"> escale \u00e0 l'a\u00e9roport de Valence<\/a> que du temps d'attente, c'est l'occasion de profiter au maximum de votre voyage ! Pour les courts s\u00e9jours, explorez les installations modernes, profitez des options de restauration ou d\u00e9tendez-vous dans les salons confortables de l'a\u00e9roport. Pour les escales plus longues, saisissez l'occasion de d\u00e9couvrir le charme de Valence : le centre historique de la ville, les belles plages et les attractions culturelles vibrantes ne sont qu'\u00e0 un court trajet. Transformez votre temps de transit en une exp\u00e9rience m\u00e9morable \u00e0 Valence !<\/p>\t\t\t\t\t\t\t\t<\/div>\n\t\t\t\t<\/div>\n\t\t\t\t\t<\/div>\n\t\t<\/div>\n\t\t\t\t<div class=\"elementor-column elementor-col-50 elementor-top-column elementor-element elementor-element-4b56e3a9\" data-id=\"4b56e3a9\" data-element_type=\"column\" data-e-type=\"column\" data-settings=\"{&quot;background_background&quot;:&quot;classic&quot;}\">\n\t\t\t<div class=\"elementor-widget-wrap\">\n\t\t\t\t\t\t\t<\/div>\n\t\t<\/div>\n\t\t\t\t\t<\/div>\n\t\t<\/section>\n\t\t\t\t<\/div>","protected":false},"excerpt":{"rendered":"<p>Valencia Airport Guide General Guidelines and Useful Tips about Valencia Airport Valencia International Airport (VLC) &gt; Guide General Airport Information Welcome to Valencia Airport (VLC), the primary gateway serving Valencia and one of Spain\u2019s busiest airports. Located conveniently close to Valencia\u2019s city center, the airport connects the region to numerous domestic and international destinations. Valencia [&hellip;]<\/p>\n","protected":false},"author":1,"featured_media":0,"parent":0,"menu_order":0,"comment_status":"closed","ping_status":"closed","template":"","meta":{"footnotes":""},"class_list":["post-148","page","type-page","status-publish","hentry"],"_links":{"self":[{"href":"https:\/\/valencia-international-airport.com\/fr\/wp-json\/wp\/v2\/pages\/148","targetHints":{"allow":["GET"]}}],"collection":[{"href":"https:\/\/valencia-international-airport.com\/fr\/wp-json\/wp\/v2\/pages"}],"about":[{"href":"https:\/\/valencia-international-airport.com\/fr\/wp-json\/wp\/v2\/types\/page"}],"author":[{"embeddable":true,"href":"https:\/\/valencia-international-airport.com\/fr\/wp-json\/wp\/v2\/users\/1"}],"replies":[{"embeddable":true,"href":"https:\/\/valencia-international-airport.com\/fr\/wp-json\/wp\/v2\/comments?post=148"}],"version-history":[{"count":21,"href":"https:\/\/valencia-international-airport.com\/fr\/wp-json\/wp\/v2\/pages\/148\/revisions"}],"predecessor-version":[{"id":672,"href":"https:\/\/valencia-international-airport.com\/fr\/wp-json\/wp\/v2\/pages\/148\/revisions\/672"}],"wp:attachment":[{"href":"https:\/\/valencia-international-airport.com\/fr\/wp-json\/wp\/v2\/media?parent=148"}],"curies":[{"name":"wp","href":"https:\/\/api.w.org\/{rel}","templated":true}]}}