{"id":153,"date":"2024-09-18T18:15:55","date_gmt":"2024-09-18T18:15:55","guid":{"rendered":"https:\/\/valencia-international-airport.com\/?page_id=153"},"modified":"2025-04-03T12:13:27","modified_gmt":"2025-04-03T12:13:27","slug":"vols","status":"publish","type":"page","link":"https:\/\/valencia-international-airport.com\/fr\/flights\/","title":{"rendered":"Vols"},"content":{"rendered":"<div data-elementor-type=\"wp-page\" data-elementor-id=\"153\" class=\"elementor elementor-153\" data-elementor-post-type=\"page\">\n\t\t\t\t\t\t<section class=\"elementor-section elementor-top-section elementor-element elementor-element-560def9f elementor-section-height-min-height elementor-section-boxed elementor-section-height-default elementor-section-items-middle\" data-id=\"560def9f\" data-element_type=\"section\" data-e-type=\"section\" data-settings=\"{&quot;background_background&quot;:&quot;classic&quot;}\">\n\t\t\t\t\t\t\t<div class=\"elementor-background-overlay\"><\/div>\n\t\t\t\t\t\t\t<div class=\"elementor-container elementor-column-gap-default\">\n\t\t\t\t\t<div class=\"elementor-column elementor-col-100 elementor-top-column elementor-element elementor-element-65c5d5e8\" data-id=\"65c5d5e8\" data-element_type=\"column\" data-e-type=\"column\">\n\t\t\t<div class=\"elementor-widget-wrap elementor-element-populated\">\n\t\t\t\t\t\t<div class=\"elementor-element elementor-element-58428f33 elementor-widget elementor-widget-heading\" data-id=\"58428f33\" data-element_type=\"widget\" data-e-type=\"widget\" data-widget_type=\"heading.default\">\n\t\t\t\t<div class=\"elementor-widget-container\">\n\t\t\t\t\t<h1 class=\"elementor-heading-title elementor-size-default\">Vols de et vers l'a\u00e9roport de Valence<\/h1>\t\t\t\t<\/div>\n\t\t\t\t<\/div>\n\t\t\t\t<div class=\"elementor-element elementor-element-4e9a4b5f elementor-widget elementor-widget-heading\" data-id=\"4e9a4b5f\" data-element_type=\"widget\" data-e-type=\"widget\" data-widget_type=\"heading.default\">\n\t\t\t\t<div class=\"elementor-widget-container\">\n\t\t\t\t\t<p class=\"elementor-heading-title elementor-size-default\">Trouvez des billets d'avion aux meilleurs tarifs et \u00e9valuez vos options\n\n<\/p>\t\t\t\t<\/div>\n\t\t\t\t<\/div>\n\t\t\t\t<div class=\"elementor-element elementor-element-3ea0628 elementor-view-default elementor-invisible elementor-widget elementor-widget-icon\" data-id=\"3ea0628\" data-element_type=\"widget\" data-e-type=\"widget\" data-settings=\"{&quot;_animation&quot;:&quot;fadeInDown&quot;,&quot;_animation_delay&quot;:500}\" data-widget_type=\"icon.default\">\n\t\t\t\t<div class=\"elementor-widget-container\">\n\t\t\t\t\t\t\t<div class=\"elementor-icon-wrapper\">\n\t\t\t<div class=\"elementor-icon\">\n\t\t\t<svg aria-hidden=\"true\" class=\"e-font-icon-svg e-fas-chevron-down\" viewbox=\"0 0 448 512\" xmlns=\"http:\/\/www.w3.org\/2000\/svg\"><path d=\"M207.029 381.476L12.686 187.132c-9.373-9.373-9.373-24.569 0-33.941l22.667-22.667c9.357-9.357 24.522-9.375 33.901-.04L224 284.505l154.745-154.021c9.379-9.335 24.544-9.317 33.901.04l22.667 22.667c9.373 9.373 9.373 24.569 0 33.941L240.971 381.476c-9.373 9.372-24.569 9.372-33.942 0z\"><\/path><\/svg>\t\t\t<\/div>\n\t\t<\/div>\n\t\t\t\t\t\t<\/div>\n\t\t\t\t<\/div>\n\t\t\t\t\t<\/div>\n\t\t<\/div>\n\t\t\t\t\t<\/div>\n\t\t<\/section>\n\t\t\t\t<section class=\"elementor-section elementor-top-section elementor-element elementor-element-5a5eef55 elementor-section-content-middle elementor-section-boxed elementor-section-height-default elementor-section-height-default\" data-id=\"5a5eef55\" data-element_type=\"section\" data-e-type=\"section\">\n\t\t\t\t\t\t<div class=\"elementor-container elementor-column-gap-default\">\n\t\t\t\t\t<div class=\"elementor-column elementor-col-50 elementor-top-column elementor-element elementor-element-d687afe\" data-id=\"d687afe\" data-element_type=\"column\" data-e-type=\"column\">\n\t\t\t<div class=\"elementor-widget-wrap elementor-element-populated\">\n\t\t\t\t\t\t<div class=\"elementor-element elementor-element-5f384c6 elementor-widget elementor-widget-text-editor\" data-id=\"5f384c6\" data-element_type=\"widget\" data-e-type=\"widget\" data-widget_type=\"text-editor.default\">\n\t\t\t\t<div class=\"elementor-widget-container\">\n\t\t\t\t\t\t\t\t\t<p><strong><a href=\"https:\/\/valencia-international-airport.com\/\">A\u00e9roport international de Valence (VLC)<\/a><\/strong> &gt; Vols<\/p>\t\t\t\t\t\t\t\t<\/div>\n\t\t\t\t<\/div>\n\t\t\t\t<div class=\"elementor-element elementor-element-9a5997e elementor-widget elementor-widget-heading\" data-id=\"9a5997e\" data-element_type=\"widget\" data-e-type=\"widget\" data-widget_type=\"heading.default\">\n\t\t\t\t<div class=\"elementor-widget-container\">\n\t\t\t\t\t<h2 class=\"elementor-heading-title elementor-size-default\">Vols vers l'a\u00e9roport de Valence <\/h2>\t\t\t\t<\/div>\n\t\t\t\t<\/div>\n\t\t\t\t<div class=\"elementor-element elementor-element-53c71dc elementor-widget elementor-widget-text-editor\" data-id=\"53c71dc\" data-element_type=\"widget\" data-e-type=\"widget\" data-widget_type=\"text-editor.default\">\n\t\t\t\t<div class=\"elementor-widget-container\">\n\t\t\t\t\t\t\t\t\t<p class=\"\" data-start=\"115\" data-end=\"402\">Des vols en provenance de toute l'Europe et d'ailleurs arrivent quotidiennement \u00e0 l'a\u00e9roport de Valence (VLC), assur\u00e9s par un m\u00e9lange de compagnies a\u00e9riennes \u00e0 service complet et de transporteurs \u00e0 bas prix. Que vous voyagiez pour les affaires ou les loisirs, vous trouverez un large \u00e9ventail d'options de vol offrant un excellent service et des tarifs comp\u00e9titifs.<\/p><p class=\"\" data-start=\"404\" data-end=\"677\">Vous envisagez de prendre un vol pour Valence ? Parcourez les nombreuses offres des compagnies a\u00e9riennes, comparez les promotions et r\u00e9servez votre billet au meilleur prix. Des liaisons europ\u00e9ennes court-courriers aux liaisons internationales saisonni\u00e8res, l'a\u00e9roport de Valence est bien desservi et pr\u00eat \u00e0 vous accueillir.<\/p>\t\t\t\t\t\t\t\t<\/div>\n\t\t\t\t<\/div>\n\t\t\t\t<div class=\"elementor-element elementor-element-9b81026 elementor-widget elementor-widget-heading\" data-id=\"9b81026\" data-element_type=\"widget\" data-e-type=\"widget\" data-widget_type=\"heading.default\">\n\t\t\t\t<div class=\"elementor-widget-container\">\n\t\t\t\t\t<h2 class=\"elementor-heading-title elementor-size-default\">Arriv\u00e9es\n<\/h2>\t\t\t\t<\/div>\n\t\t\t\t<\/div>\n\t\t\t\t<div class=\"elementor-element elementor-element-5f532f7 elementor-widget elementor-widget-text-editor\" data-id=\"5f532f7\" data-element_type=\"widget\" data-e-type=\"widget\" data-widget_type=\"text-editor.default\">\n\t\t\t\t<div class=\"elementor-widget-container\">\n\t\t\t\t\t\t\t\t\t<p class=\"\" data-start=\"124\" data-end=\"341\">Suivre les mises \u00e0 jour des vols \u00e0 l'a\u00e9roport de Valence n'a jamais \u00e9t\u00e9 aussi facile. Avec . Les donn\u00e9es en temps r\u00e9el vous permettront d'\u00eatre inform\u00e9 de chaque changement dans l'horaire des vols de l'a\u00e9roport.\u00a0<a href=\"https:\/\/valencia-international-airport.com\/flights\/arrivals\/\">horaire d'arriv\u00e9e \u00e0 l'a\u00e9roport de Valence<\/a>.<\/p><p class=\"\" data-start=\"343\" data-end=\"663\">Il n'est pas n\u00e9cessaire d'attendre sans but au terminal pour votre prise en charge ou votre trajet. Les mises \u00e0 jour en direct vous tiennent au courant, vous assurant d'\u00eatre toujours \u00e0 l'heure et pr\u00e9par\u00e9. Que vous accueilliez quelqu'un ou que vous preniez une correspondance, les outils de suivi des vols en temps r\u00e9el de l'a\u00e9roport de Valence rendent le voyage plus fluide et plus efficace.<\/p>\t\t\t\t\t\t\t\t<\/div>\n\t\t\t\t<\/div>\n\t\t\t\t<div class=\"elementor-element elementor-element-91d42cd elementor-widget elementor-widget-heading\" data-id=\"91d42cd\" data-element_type=\"widget\" data-e-type=\"widget\" data-widget_type=\"heading.default\">\n\t\t\t\t<div class=\"elementor-widget-container\">\n\t\t\t\t\t<h2 class=\"elementor-heading-title elementor-size-default\">Vols \u00e0 partir de l'a\u00e9roport de Valence\n<\/h2>\t\t\t\t<\/div>\n\t\t\t\t<\/div>\n\t\t\t\t<div class=\"elementor-element elementor-element-3ad0058 elementor-widget elementor-widget-text-editor\" data-id=\"3ad0058\" data-element_type=\"widget\" data-e-type=\"widget\" data-widget_type=\"text-editor.default\">\n\t\t\t\t<div class=\"elementor-widget-container\">\n\t\t\t\t\t\t\t\t\t<p class=\"\" data-start=\"150\" data-end=\"431\">Quelle que soit votre destination, <strong data-start=\"181\" data-end=\"207\">A\u00e9roport de Valence (VLC)<\/strong> offre une vari\u00e9t\u00e9 d'options de vols vers des destinations nationales et internationales. Que vous planifiez une escapade rapide ou un voyage long-courrier, vous trouverez des correspondances pratiques aupr\u00e8s de compagnies a\u00e9riennes \u00e0 service complet ou \u00e0 bas prix.<\/p><p class=\"\" data-start=\"433\" data-end=\"749\">Vous cherchez \u00e0 \u00e9conomiser sur les billets d'avion ? Il vous suffit de rechercher et de comparer les billets d'avion pour profiter des derni\u00e8res offres et r\u00e9ductions. R\u00e9server votre vol \u00e0 l'avance est l'un des meilleurs moyens d'obtenir les tarifs les plus bas et d'\u00e9viter les hausses de prix de derni\u00e8re minute. Commencez \u00e0 planifier votre voyage \u00e0 partir de <strong data-start=\"705\" data-end=\"725\">A\u00e9roport de Valence<\/strong> aujourd'hui et voyagez intelligemment !<\/p>\t\t\t\t\t\t\t\t<\/div>\n\t\t\t\t<\/div>\n\t\t\t\t<div class=\"elementor-element elementor-element-2b22d9c elementor-widget elementor-widget-heading\" data-id=\"2b22d9c\" data-element_type=\"widget\" data-e-type=\"widget\" data-widget_type=\"heading.default\">\n\t\t\t\t<div class=\"elementor-widget-container\">\n\t\t\t\t\t<h2 class=\"elementor-heading-title elementor-size-default\">D\u00e9parts<\/h2>\t\t\t\t<\/div>\n\t\t\t\t<\/div>\n\t\t\t\t<div class=\"elementor-element elementor-element-ac1e830 elementor-widget elementor-widget-text-editor\" data-id=\"ac1e830\" data-element_type=\"widget\" data-e-type=\"widget\" data-widget_type=\"text-editor.default\">\n\t\t\t\t<div class=\"elementor-widget-container\">\n\t\t\t\t\t\t\t\t\t<p class=\"\" data-start=\"188\" data-end=\"394\">Restez toujours inform\u00e9 du statut de votre vol \u00e0 l'a\u00e9roport de Valence (VLC). Gr\u00e2ce \u00e0 l'information en temps r\u00e9el <a href=\"https:\/\/valencia-international-airport.com\/flights\/departures\/\">d\u00e9parts de l'a\u00e9roport de Valence<\/a>, Vous pouvez suivre les retards \u00e9ventuels, les changements de porte d'embarquement et les heures de d\u00e9part pr\u00e9vues, le tout en un seul endroit.<\/p><p class=\"\" data-start=\"396\" data-end=\"663\">La consultation des donn\u00e9es de vol en direct vous aide \u00e0 planifier votre arriv\u00e9e \u00e0 l'a\u00e9roport de mani\u00e8re plus efficace et vous garantit un enregistrement en douceur et sans stress. Que vous preniez l'avion ou que vous accompagniez quelqu'un, soyez \u00e0 l'avance gr\u00e2ce aux derni\u00e8res informations de l'a\u00e9roport de Valence.<\/p>\t\t\t\t\t\t\t\t<\/div>\n\t\t\t\t<\/div>\n\t\t\t\t<div class=\"elementor-element elementor-element-452560b elementor-widget elementor-widget-heading\" data-id=\"452560b\" data-element_type=\"widget\" data-e-type=\"widget\" data-widget_type=\"heading.default\">\n\t\t\t\t<div class=\"elementor-widget-container\">\n\t\t\t\t\t<h2 class=\"elementor-heading-title elementor-size-default\">Compagnies a\u00e9riennes<\/h2>\t\t\t\t<\/div>\n\t\t\t\t<\/div>\n\t\t\t\t<div class=\"elementor-element elementor-element-346da52 elementor-widget elementor-widget-text-editor\" data-id=\"346da52\" data-element_type=\"widget\" data-e-type=\"widget\" data-widget_type=\"text-editor.default\">\n\t\t\t\t<div class=\"elementor-widget-container\">\n\t\t\t\t\t\t\t\t\t<p class=\"\" data-start=\"163\" data-end=\"469\">L'a\u00e9roport de Valence est une plate-forme a\u00e9rienne vitale dans l'est de l'Espagne, offrant un nombre croissant de liaisons nationales et internationales. L'a\u00e9roport accueille des millions de passagers chaque ann\u00e9e et constitue un point d'entr\u00e9e strat\u00e9gique dans la dynamique Communaut\u00e9 valencienne.<\/p><p class=\"\" data-start=\"471\" data-end=\"788\">Accueil de transporteurs \u00e0 bas prix et de services complets <a href=\"https:\/\/valencia-international-airport.com\/flights\/airlines\/\">compagnies a\u00e9riennes<\/a>, L'a\u00e9roport de Valence (VLC) accueille un large \u00e9ventail de voyageurs, qu'il s'agisse de vacanciers ou de professionnels. Avec des installations efficaces, un terminal bien desservi et des options de vol de plus en plus nombreuses, l'a\u00e9roport de Valence est votre porte d'entr\u00e9e pratique vers l'Espagne, l'Europe et au-del\u00e0.<\/p>\t\t\t\t\t\t\t\t<\/div>\n\t\t\t\t<\/div>\n\t\t\t\t\t<\/div>\n\t\t<\/div>\n\t\t\t\t<div class=\"elementor-column elementor-col-50 elementor-top-column elementor-element elementor-element-4b56e3a9\" data-id=\"4b56e3a9\" data-element_type=\"column\" data-e-type=\"column\" data-settings=\"{&quot;background_background&quot;:&quot;classic&quot;}\">\n\t\t\t<div class=\"elementor-widget-wrap\">\n\t\t\t\t\t\t\t<\/div>\n\t\t<\/div>\n\t\t\t\t\t<\/div>\n\t\t<\/section>\n\t\t\t\t<\/div>","protected":false},"excerpt":{"rendered":"<p>Flights from and to Valencia Airport Find Tickets at Best Airfares and Weigh Up your Options Valencia international airport (VLC) &gt; Flights Flights to Valencia Airport Flights from across Europe and beyond arrive daily at Valencia Airport (VLC), operated by a mix of full-service airlines and low-cost carriers. Whether you&#8217;re flying for business or leisure, [&hellip;]<\/p>\n","protected":false},"author":1,"featured_media":0,"parent":0,"menu_order":0,"comment_status":"closed","ping_status":"closed","template":"","meta":{"footnotes":""},"class_list":["post-153","page","type-page","status-publish","hentry"],"_links":{"self":[{"href":"https:\/\/valencia-international-airport.com\/fr\/wp-json\/wp\/v2\/pages\/153","targetHints":{"allow":["GET"]}}],"collection":[{"href":"https:\/\/valencia-international-airport.com\/fr\/wp-json\/wp\/v2\/pages"}],"about":[{"href":"https:\/\/valencia-international-airport.com\/fr\/wp-json\/wp\/v2\/types\/page"}],"author":[{"embeddable":true,"href":"https:\/\/valencia-international-airport.com\/fr\/wp-json\/wp\/v2\/users\/1"}],"replies":[{"embeddable":true,"href":"https:\/\/valencia-international-airport.com\/fr\/wp-json\/wp\/v2\/comments?post=153"}],"version-history":[{"count":30,"href":"https:\/\/valencia-international-airport.com\/fr\/wp-json\/wp\/v2\/pages\/153\/revisions"}],"predecessor-version":[{"id":666,"href":"https:\/\/valencia-international-airport.com\/fr\/wp-json\/wp\/v2\/pages\/153\/revisions\/666"}],"wp:attachment":[{"href":"https:\/\/valencia-international-airport.com\/fr\/wp-json\/wp\/v2\/media?parent=153"}],"curies":[{"name":"wp","href":"https:\/\/api.w.org\/{rel}","templated":true}]}}