{"id":159,"date":"2024-09-19T09:49:54","date_gmt":"2024-09-19T09:49:54","guid":{"rendered":"https:\/\/valencia-international-airport.com\/?page_id=159"},"modified":"2025-03-29T14:23:12","modified_gmt":"2025-03-29T14:23:12","slug":"terminaux","status":"publish","type":"page","link":"https:\/\/valencia-international-airport.com\/fr\/guide\/terminaux\/","title":{"rendered":"Terminaux"},"content":{"rendered":"<div data-elementor-type=\"wp-page\" data-elementor-id=\"159\" class=\"elementor elementor-159\" data-elementor-post-type=\"page\">\n\t\t\t\t\t\t<section class=\"elementor-section elementor-top-section elementor-element elementor-element-560def9f elementor-section-height-min-height elementor-section-boxed elementor-section-height-default elementor-section-items-middle\" data-id=\"560def9f\" data-element_type=\"section\" data-e-type=\"section\" data-settings=\"{&quot;background_background&quot;:&quot;classic&quot;}\">\n\t\t\t\t\t\t\t<div class=\"elementor-background-overlay\"><\/div>\n\t\t\t\t\t\t\t<div class=\"elementor-container elementor-column-gap-default\">\n\t\t\t\t\t<div class=\"elementor-column elementor-col-100 elementor-top-column elementor-element elementor-element-65c5d5e8\" data-id=\"65c5d5e8\" data-element_type=\"column\" data-e-type=\"column\">\n\t\t\t<div class=\"elementor-widget-wrap elementor-element-populated\">\n\t\t\t\t\t\t<div class=\"elementor-element elementor-element-58428f33 elementor-widget elementor-widget-heading\" data-id=\"58428f33\" data-element_type=\"widget\" data-e-type=\"widget\" data-widget_type=\"heading.default\">\n\t\t\t\t<div class=\"elementor-widget-container\">\n\t\t\t\t\t<h1 class=\"elementor-heading-title elementor-size-default\">Terminaux de l'a\u00e9roport de Valence<\/h1>\t\t\t\t<\/div>\n\t\t\t\t<\/div>\n\t\t\t\t<div class=\"elementor-element elementor-element-4e9a4b5f elementor-widget elementor-widget-heading\" data-id=\"4e9a4b5f\" data-element_type=\"widget\" data-e-type=\"widget\" data-widget_type=\"heading.default\">\n\t\t\t\t<div class=\"elementor-widget-container\">\n\t\t\t\t\t<p class=\"elementor-heading-title elementor-size-default\">Le terminal unique pour passagers qui g\u00e8re efficacement le trafic de l'a\u00e9roport de Valence<\/p>\t\t\t\t<\/div>\n\t\t\t\t<\/div>\n\t\t\t\t<div class=\"elementor-element elementor-element-3ea0628 elementor-view-default elementor-invisible elementor-widget elementor-widget-icon\" data-id=\"3ea0628\" data-element_type=\"widget\" data-e-type=\"widget\" data-settings=\"{&quot;_animation&quot;:&quot;fadeInDown&quot;,&quot;_animation_delay&quot;:500}\" data-widget_type=\"icon.default\">\n\t\t\t\t<div class=\"elementor-widget-container\">\n\t\t\t\t\t\t\t<div class=\"elementor-icon-wrapper\">\n\t\t\t<div class=\"elementor-icon\">\n\t\t\t<svg aria-hidden=\"true\" class=\"e-font-icon-svg e-fas-chevron-down\" viewbox=\"0 0 448 512\" xmlns=\"http:\/\/www.w3.org\/2000\/svg\"><path d=\"M207.029 381.476L12.686 187.132c-9.373-9.373-9.373-24.569 0-33.941l22.667-22.667c9.357-9.357 24.522-9.375 33.901-.04L224 284.505l154.745-154.021c9.379-9.335 24.544-9.317 33.901.04l22.667 22.667c9.373 9.373 9.373 24.569 0 33.941L240.971 381.476c-9.373 9.372-24.569 9.372-33.942 0z\"><\/path><\/svg>\t\t\t<\/div>\n\t\t<\/div>\n\t\t\t\t\t\t<\/div>\n\t\t\t\t<\/div>\n\t\t\t\t\t<\/div>\n\t\t<\/div>\n\t\t\t\t\t<\/div>\n\t\t<\/section>\n\t\t\t\t<section class=\"elementor-section elementor-top-section elementor-element elementor-element-5a5eef55 elementor-section-content-middle elementor-section-boxed elementor-section-height-default elementor-section-height-default\" data-id=\"5a5eef55\" data-element_type=\"section\" data-e-type=\"section\">\n\t\t\t\t\t\t<div class=\"elementor-container elementor-column-gap-default\">\n\t\t\t\t\t<div class=\"elementor-column elementor-col-50 elementor-top-column elementor-element elementor-element-d687afe\" data-id=\"d687afe\" data-element_type=\"column\" data-e-type=\"column\">\n\t\t\t<div class=\"elementor-widget-wrap elementor-element-populated\">\n\t\t\t\t\t\t<div class=\"elementor-element elementor-element-5f384c6 elementor-widget elementor-widget-text-editor\" data-id=\"5f384c6\" data-element_type=\"widget\" data-e-type=\"widget\" data-widget_type=\"text-editor.default\">\n\t\t\t\t<div class=\"elementor-widget-container\">\n\t\t\t\t\t\t\t\t\t<p><strong><a href=\"https:\/\/valencia-international-airport.com\/\">A\u00e9roport international de Valence (VLC)<\/a><\/strong> &gt; <strong><a href=\"https:\/\/valencia-international-airport.com\/guide\/\">Guide<\/a><\/strong> &gt;<strong> Terminaux<\/strong><\/p>\t\t\t\t\t\t\t\t<\/div>\n\t\t\t\t<\/div>\n\t\t\t\t<div class=\"elementor-element elementor-element-9a5997e elementor-widget elementor-widget-heading\" data-id=\"9a5997e\" data-element_type=\"widget\" data-e-type=\"widget\" data-widget_type=\"heading.default\">\n\t\t\t\t<div class=\"elementor-widget-container\">\n\t\t\t\t\t<h2 class=\"elementor-heading-title elementor-size-default\">Combien de terminaux l'a\u00e9roport de Valence poss\u00e8de-t-il ?<\/h2>\t\t\t\t<\/div>\n\t\t\t\t<\/div>\n\t\t\t\t<div class=\"elementor-element elementor-element-53c71dc elementor-widget elementor-widget-text-editor\" data-id=\"53c71dc\" data-element_type=\"widget\" data-e-type=\"widget\" data-widget_type=\"text-editor.default\">\n\t\t\t\t<div class=\"elementor-widget-container\">\n\t\t\t\t\t\t\t\t\t<p class=\"\" data-start=\"82\" data-end=\"397\">L'a\u00e9roport de Valence fonctionne \u00e0 partir d'un seul terminal int\u00e9gr\u00e9, ce qui rend la navigation simple et efficace pour tous les passagers. Contrairement aux grands a\u00e9roports dot\u00e9s de plusieurs terminaux, tous les d\u00e9parts et toutes les arriv\u00e9es \u00e0 l'a\u00e9roport de Valence sont g\u00e9r\u00e9s dans un seul terminal central, compact et facile \u00e0 parcourir \u00e0 pied.<\/p><p class=\"\" data-start=\"399\" data-end=\"649\">Il existe \u00e9galement une zone distincte d\u00e9di\u00e9e aux op\u00e9rations de fret, mais l'ensemble du trafic commercial de passagers, qu'il soit national, europ\u00e9en ou international, est trait\u00e9 dans le m\u00eame complexe de terminaux, ce qui garantit une exp\u00e9rience de voyage fluide et sans stress.<\/p>\t\t\t\t\t\t\t\t<\/div>\n\t\t\t\t<\/div>\n\t\t\t\t<div class=\"elementor-element elementor-element-9b81026 elementor-widget elementor-widget-heading\" data-id=\"9b81026\" data-element_type=\"widget\" data-e-type=\"widget\" data-widget_type=\"heading.default\">\n\t\t\t\t<div class=\"elementor-widget-container\">\n\t\t\t\t\t<h2 class=\"elementor-heading-title elementor-size-default\">Le terminal unique de l'a\u00e9roport de Valence<\/h2>\t\t\t\t<\/div>\n\t\t\t\t<\/div>\n\t\t\t\t<div class=\"elementor-element elementor-element-3d0724c elementor-widget elementor-widget-image\" data-id=\"3d0724c\" data-element_type=\"widget\" data-e-type=\"widget\" data-widget_type=\"image.default\">\n\t\t\t\t<div class=\"elementor-widget-container\">\n\t\t\t\t\t\t\t\t\t\t\t\t\t\t\t<img fetchpriority=\"high\" decoding=\"async\" width=\"800\" height=\"534\" src=\"https:\/\/valencia-international-airport.com\/wp-content\/uploads\/2025\/03\/Valencia-airport-Terminal-1024x683.jpg\" class=\"attachment-large size-large wp-image-564\" alt=\"Terminal de l&#039;a\u00e9roport de Valence\" srcset=\"https:\/\/valencia-international-airport.com\/wp-content\/uploads\/2025\/03\/Valencia-airport-Terminal-1024x683.jpg 1024w, https:\/\/valencia-international-airport.com\/wp-content\/uploads\/2025\/03\/Valencia-airport-Terminal-300x200.jpg 300w, https:\/\/valencia-international-airport.com\/wp-content\/uploads\/2025\/03\/Valencia-airport-Terminal-768x512.jpg 768w, https:\/\/valencia-international-airport.com\/wp-content\/uploads\/2025\/03\/Valencia-airport-Terminal.jpg 1200w\" sizes=\"(max-width: 800px) 100vw, 800px\" \/>\t\t\t\t\t\t\t\t\t\t\t\t\t\t\t<\/div>\n\t\t\t\t<\/div>\n\t\t\t\t<div class=\"elementor-element elementor-element-5f532f7 elementor-widget elementor-widget-text-editor\" data-id=\"5f532f7\" data-element_type=\"widget\" data-e-type=\"widget\" data-widget_type=\"text-editor.default\">\n\t\t\t\t<div class=\"elementor-widget-container\">\n\t\t\t\t\t\t\t\t\t<p class=\"\" data-start=\"307\" data-end=\"614\">Contrairement aux grands a\u00e9roports dot\u00e9s de plusieurs terminaux, l'a\u00e9roport de Valence (VLC) op\u00e8re \u00e0 partir d'un seul terminal unifi\u00e9 et moderne. Cet agencement rationalis\u00e9 rend la navigation incroyablement facile et sans stress, en particulier pour les voyageurs qui cherchent \u00e0 \u00e9viter les longues marches, la signalisation confuse ou les transferts de terminal.<\/p><p class=\"\" data-start=\"616\" data-end=\"1025\">Bien qu'il n'ait pas l'envergure de plateformes comme celles de Barcelone ou de Madrid, le terminal de Valence g\u00e8re le trafic national et international, y compris les vols Schengen et non Schengen, ainsi que les compagnies a\u00e9riennes \u00e0 bas prix et les compagnies \u00e0 service complet. Tous les services aux passagers, de l'enregistrement \u00e0 la s\u00e9curit\u00e9 en passant par l'embarquement et la r\u00e9cup\u00e9ration des bagages, sont regroup\u00e9s dans le m\u00eame b\u00e2timent, ce qui garantit l'efficacit\u00e9 de l'exp\u00e9rience a\u00e9roportuaire.<\/p><p class=\"\" data-start=\"1027\" data-end=\"1530\">Le terminal est r\u00e9parti sur plusieurs niveaux, s\u00e9parant les flux d'arriv\u00e9e et de d\u00e9part afin d'optimiser les d\u00e9placements. Le rez-de-chauss\u00e9e est consacr\u00e9 aux arriv\u00e9es et \u00e0 la r\u00e9cup\u00e9ration des bagages, tandis que les d\u00e9parts sont situ\u00e9s au niveau sup\u00e9rieur, o\u00f9 se trouvent les comptoirs d'enregistrement, le contr\u00f4le de s\u00e9curit\u00e9 et les portes d'embarquement. Les voyageurs trouveront \u00e9galement dans cet espace compact mais bien con\u00e7u une s\u00e9rie de salons d'a\u00e9roport, le contr\u00f4le des passeports pour les vols non-Schengen et des zones d'embarquement pour toutes les destinations.<\/p>\t\t\t\t\t\t\t\t<\/div>\n\t\t\t\t<\/div>\n\t\t\t\t<div class=\"elementor-element elementor-element-91d42cd elementor-widget elementor-widget-heading\" data-id=\"91d42cd\" data-element_type=\"widget\" data-e-type=\"widget\" data-widget_type=\"heading.default\">\n\t\t\t\t<div class=\"elementor-widget-container\">\n\t\t\t\t\t<h2 class=\"elementor-heading-title elementor-size-default\">Autres commodit\u00e9s pour les passagers\n<\/h2>\t\t\t\t<\/div>\n\t\t\t\t<\/div>\n\t\t\t\t<div class=\"elementor-element elementor-element-3ad0058 elementor-widget elementor-widget-text-editor\" data-id=\"3ad0058\" data-element_type=\"widget\" data-e-type=\"widget\" data-widget_type=\"text-editor.default\">\n\t\t\t\t<div class=\"elementor-widget-container\">\n\t\t\t\t\t\t\t\t\t<ul data-start=\"2058\" data-end=\"2576\"><li class=\"\" data-start=\"2058\" data-end=\"2253\"><p class=\"\" data-start=\"2060\" data-end=\"2253\"><strong data-start=\"2060\" data-end=\"2077\">Zone fumeurs :<\/strong> Il existe une terrasse ext\u00e9rieure r\u00e9serv\u00e9e aux fumeurs, situ\u00e9e apr\u00e8s la s\u00e9curit\u00e9 dans la zone des d\u00e9parts. Bien que la signalisation ne soit pas tr\u00e8s visible, les voyageurs peuvent demander au personnel de l'a\u00e9roport de leur indiquer la direction \u00e0 suivre.<\/p><\/li><li class=\"\" data-start=\"2257\" data-end=\"2451\"><p class=\"\" data-start=\"2259\" data-end=\"2451\"><strong data-start=\"2259\" data-end=\"2279\">Acc\u00e8s \u00e0 la mobilit\u00e9 :<\/strong> Le terminal est enti\u00e8rement accessible, avec des services et des installations pour les passagers \u00e0 mobilit\u00e9 r\u00e9duite, notamment des ascenseurs, des toilettes adapt\u00e9es et une assistance prioritaire.<\/p><\/li><li class=\"\" data-start=\"2455\" data-end=\"2576\"><p class=\"\" data-start=\"2457\" data-end=\"2576\"><strong data-start=\"2457\" data-end=\"2487\">Chargement des v\u00e9hicules \u00e9lectriques :<\/strong> Les parkings de l'a\u00e9roport sont \u00e9quip\u00e9s de bornes de recharge pour les v\u00e9hicules \u00e9lectriques.<\/p><\/li><\/ul>\t\t\t\t\t\t\t\t<\/div>\n\t\t\t\t<\/div>\n\t\t\t\t\t<\/div>\n\t\t<\/div>\n\t\t\t\t<div class=\"elementor-column elementor-col-50 elementor-top-column elementor-element elementor-element-4b56e3a9\" data-id=\"4b56e3a9\" data-element_type=\"column\" data-e-type=\"column\" data-settings=\"{&quot;background_background&quot;:&quot;classic&quot;}\">\n\t\t\t<div class=\"elementor-widget-wrap\">\n\t\t\t\t\t\t\t<\/div>\n\t\t<\/div>\n\t\t\t\t\t<\/div>\n\t\t<\/section>\n\t\t\t\t<\/div>","protected":false},"excerpt":{"rendered":"<p>Valencia Airport Terminals The Single Passenger Terminal That Efficiently Handles Valencia Airport Traffic Valencia International Airport (VLC) &gt; Guide &gt; Terminals How many Terminals does Valencia Airport have? Valencia Airport operates through a single, integrated terminal building, making navigation simple and efficient for all passengers. Unlike larger airports with multiple terminals, all departures and arrivals [&hellip;]<\/p>\n","protected":false},"author":1,"featured_media":0,"parent":148,"menu_order":0,"comment_status":"closed","ping_status":"closed","template":"","meta":{"footnotes":""},"class_list":["post-159","page","type-page","status-publish","hentry"],"_links":{"self":[{"href":"https:\/\/valencia-international-airport.com\/fr\/wp-json\/wp\/v2\/pages\/159","targetHints":{"allow":["GET"]}}],"collection":[{"href":"https:\/\/valencia-international-airport.com\/fr\/wp-json\/wp\/v2\/pages"}],"about":[{"href":"https:\/\/valencia-international-airport.com\/fr\/wp-json\/wp\/v2\/types\/page"}],"author":[{"embeddable":true,"href":"https:\/\/valencia-international-airport.com\/fr\/wp-json\/wp\/v2\/users\/1"}],"replies":[{"embeddable":true,"href":"https:\/\/valencia-international-airport.com\/fr\/wp-json\/wp\/v2\/comments?post=159"}],"version-history":[{"count":9,"href":"https:\/\/valencia-international-airport.com\/fr\/wp-json\/wp\/v2\/pages\/159\/revisions"}],"predecessor-version":[{"id":568,"href":"https:\/\/valencia-international-airport.com\/fr\/wp-json\/wp\/v2\/pages\/159\/revisions\/568"}],"up":[{"embeddable":true,"href":"https:\/\/valencia-international-airport.com\/fr\/wp-json\/wp\/v2\/pages\/148"}],"wp:attachment":[{"href":"https:\/\/valencia-international-airport.com\/fr\/wp-json\/wp\/v2\/media?parent=159"}],"curies":[{"name":"wp","href":"https:\/\/api.w.org\/{rel}","templated":true}]}}