{"id":165,"date":"2024-09-19T10:48:48","date_gmt":"2024-09-19T10:48:48","guid":{"rendered":"https:\/\/valencia-international-airport.com\/?page_id=165"},"modified":"2025-04-03T11:57:39","modified_gmt":"2025-04-03T11:57:39","slug":"escale","status":"publish","type":"page","link":"https:\/\/valencia-international-airport.com\/fr\/guide\/layover\/","title":{"rendered":"Escale"},"content":{"rendered":"<div data-elementor-type=\"wp-page\" data-elementor-id=\"165\" class=\"elementor elementor-165\" data-elementor-post-type=\"page\">\n\t\t\t\t\t\t<section class=\"elementor-section elementor-top-section elementor-element elementor-element-560def9f elementor-section-height-min-height elementor-section-boxed elementor-section-height-default elementor-section-items-middle\" data-id=\"560def9f\" data-element_type=\"section\" data-e-type=\"section\" data-settings=\"{&quot;background_background&quot;:&quot;classic&quot;}\">\n\t\t\t\t\t\t\t<div class=\"elementor-background-overlay\"><\/div>\n\t\t\t\t\t\t\t<div class=\"elementor-container elementor-column-gap-default\">\n\t\t\t\t\t<div class=\"elementor-column elementor-col-100 elementor-top-column elementor-element elementor-element-65c5d5e8\" data-id=\"65c5d5e8\" data-element_type=\"column\" data-e-type=\"column\">\n\t\t\t<div class=\"elementor-widget-wrap elementor-element-populated\">\n\t\t\t\t\t\t<div class=\"elementor-element elementor-element-58428f33 elementor-widget elementor-widget-heading\" data-id=\"58428f33\" data-element_type=\"widget\" data-e-type=\"widget\" data-widget_type=\"heading.default\">\n\t\t\t\t<div class=\"elementor-widget-container\">\n\t\t\t\t\t<h1 class=\"elementor-heading-title elementor-size-default\">Escale \u00e0 l'a\u00e9roport de Valence\n<\/h1>\t\t\t\t<\/div>\n\t\t\t\t<\/div>\n\t\t\t\t<div class=\"elementor-element elementor-element-4e9a4b5f elementor-widget elementor-widget-heading\" data-id=\"4e9a4b5f\" data-element_type=\"widget\" data-e-type=\"widget\" data-widget_type=\"heading.default\">\n\t\t\t\t<div class=\"elementor-widget-container\">\n\t\t\t\t\t<p class=\"elementor-heading-title elementor-size-default\">Choses \u00e0 faire et conseils utiles pour votre escale \u00e0 l'a\u00e9roport de Valence\n<\/p>\t\t\t\t<\/div>\n\t\t\t\t<\/div>\n\t\t\t\t<div class=\"elementor-element elementor-element-3ea0628 elementor-view-default elementor-invisible elementor-widget elementor-widget-icon\" data-id=\"3ea0628\" data-element_type=\"widget\" data-e-type=\"widget\" data-settings=\"{&quot;_animation&quot;:&quot;fadeInDown&quot;,&quot;_animation_delay&quot;:500}\" data-widget_type=\"icon.default\">\n\t\t\t\t<div class=\"elementor-widget-container\">\n\t\t\t\t\t\t\t<div class=\"elementor-icon-wrapper\">\n\t\t\t<div class=\"elementor-icon\">\n\t\t\t<svg aria-hidden=\"true\" class=\"e-font-icon-svg e-fas-chevron-down\" viewbox=\"0 0 448 512\" xmlns=\"http:\/\/www.w3.org\/2000\/svg\"><path d=\"M207.029 381.476L12.686 187.132c-9.373-9.373-9.373-24.569 0-33.941l22.667-22.667c9.357-9.357 24.522-9.375 33.901-.04L224 284.505l154.745-154.021c9.379-9.335 24.544-9.317 33.901.04l22.667 22.667c9.373 9.373 9.373 24.569 0 33.941L240.971 381.476c-9.373 9.372-24.569 9.372-33.942 0z\"><\/path><\/svg>\t\t\t<\/div>\n\t\t<\/div>\n\t\t\t\t\t\t<\/div>\n\t\t\t\t<\/div>\n\t\t\t\t\t<\/div>\n\t\t<\/div>\n\t\t\t\t\t<\/div>\n\t\t<\/section>\n\t\t\t\t<section class=\"elementor-section elementor-top-section elementor-element elementor-element-5a5eef55 elementor-section-content-middle elementor-section-boxed elementor-section-height-default elementor-section-height-default\" data-id=\"5a5eef55\" data-element_type=\"section\" data-e-type=\"section\">\n\t\t\t\t\t\t<div class=\"elementor-container elementor-column-gap-default\">\n\t\t\t\t\t<div class=\"elementor-column elementor-col-50 elementor-top-column elementor-element elementor-element-d687afe\" data-id=\"d687afe\" data-element_type=\"column\" data-e-type=\"column\">\n\t\t\t<div class=\"elementor-widget-wrap elementor-element-populated\">\n\t\t\t\t\t\t<div class=\"elementor-element elementor-element-5f384c6 elementor-widget elementor-widget-text-editor\" data-id=\"5f384c6\" data-element_type=\"widget\" data-e-type=\"widget\" data-widget_type=\"text-editor.default\">\n\t\t\t\t<div class=\"elementor-widget-container\">\n\t\t\t\t\t\t\t\t\t<p><strong><a href=\"https:\/\/valencia-international-airport.com\/\">A\u00e9roport international de Valence (VLC)<\/a><\/strong> &gt; <strong><a href=\"https:\/\/valencia-international-airport.com\/guide\/\">Guide<\/a> &gt; \u00a0<span class=\"breadcrumb_last\" aria-current=\"page\">Escale \u00e0 l'a\u00e9roport<\/span><\/strong><\/p>\t\t\t\t\t\t\t\t<\/div>\n\t\t\t\t<\/div>\n\t\t\t\t<div class=\"elementor-element elementor-element-9a5997e elementor-widget elementor-widget-heading\" data-id=\"9a5997e\" data-element_type=\"widget\" data-e-type=\"widget\" data-widget_type=\"heading.default\">\n\t\t\t\t<div class=\"elementor-widget-container\">\n\t\t\t\t\t<h2 class=\"elementor-heading-title elementor-size-default\">Le temps d'attente \u00e0 l'a\u00e9roport de Valnecia n'est pas du temps perdu<\/h2>\t\t\t\t<\/div>\n\t\t\t\t<\/div>\n\t\t\t\t<div class=\"elementor-element elementor-element-53c71dc elementor-widget elementor-widget-text-editor\" data-id=\"53c71dc\" data-element_type=\"widget\" data-e-type=\"widget\" data-widget_type=\"text-editor.default\">\n\t\t\t\t<div class=\"elementor-widget-container\">\n\t\t\t\t\t\t\t\t\t<p class=\"\" data-start=\"197\" data-end=\"368\">Soyons honn\u00eates, personne ne se r\u00e9jouit d'une escale. Attendre son prochain vol peut donner l'impression de perdre du temps. Et si votre escale devenait un moment fort de votre voyage ?<\/p>\n<p class=\"\" data-start=\"370\" data-end=\"680\">Que vous ayez un <strong data-start=\"389\" data-end=\"409\">connexion courte<\/strong> ou un <strong data-start=\"415\" data-end=\"431\">longue escale<\/strong> avant, <strong data-start=\"439\" data-end=\"465\">A\u00e9roport de Valence (VLC)<\/strong> offre de nombreux moyens de transformer votre attente en une exp\u00e9rience agr\u00e9able et productive. Pour les arr\u00eats rapides, vous pouvez prendre un caf\u00e9 dans l'un des caf\u00e9s de l'a\u00e9roport, travailler gr\u00e2ce au Wi-Fi gratuit ou faire un tour dans les boutiques hors taxes.<\/p>\n<p class=\"\" data-start=\"682\" data-end=\"949\">Vous avez plus de temps \u00e0 perdre ? Pensez \u00e0 quitter l'a\u00e9roport et \u00e0 explorer les environs de Valence ! Le centre-ville n'\u00e9tant qu'\u00e0 20-25 minutes en m\u00e9tro ou en taxi, vous pourrez facilement d\u00e9couvrir les curiosit\u00e9s locales, savourer un repas de tapas ou vous promener le long des jardins du Turia avant de rentrer.<\/p>\n<p class=\"\" data-start=\"951\" data-end=\"1059\">Quelle que soit la dur\u00e9e de votre escale, l'a\u00e9roport de Valence vous offre de nombreuses possibilit\u00e9s de profiter au maximum de votre temps.<\/p>\t\t\t\t\t\t\t\t<\/div>\n\t\t\t\t<\/div>\n\t\t\t\t<div class=\"elementor-element elementor-element-240f42f elementor-widget elementor-widget-image\" data-id=\"240f42f\" data-element_type=\"widget\" data-e-type=\"widget\" data-widget_type=\"image.default\">\n\t\t\t\t<div class=\"elementor-widget-container\">\n\t\t\t\t\t\t\t\t\t\t\t\t\t\t\t<img fetchpriority=\"high\" decoding=\"async\" width=\"800\" height=\"600\" src=\"https:\/\/valencia-international-airport.com\/wp-content\/uploads\/2025\/03\/layover-valencia-airport-1024x768.jpg\" class=\"attachment-large size-large wp-image-439\" alt=\"Escale \u00e0 l&#039;a\u00e9roport de Valence\" srcset=\"https:\/\/valencia-international-airport.com\/wp-content\/uploads\/2025\/03\/layover-valencia-airport-1024x768.jpg 1024w, https:\/\/valencia-international-airport.com\/wp-content\/uploads\/2025\/03\/layover-valencia-airport-300x225.jpg 300w, https:\/\/valencia-international-airport.com\/wp-content\/uploads\/2025\/03\/layover-valencia-airport-768x576.jpg 768w, https:\/\/valencia-international-airport.com\/wp-content\/uploads\/2025\/03\/layover-valencia-airport.jpg 1360w\" sizes=\"(max-width: 800px) 100vw, 800px\" \/>\t\t\t\t\t\t\t\t\t\t\t\t\t\t\t<\/div>\n\t\t\t\t<\/div>\n\t\t\t\t<div class=\"elementor-element elementor-element-9b81026 elementor-widget elementor-widget-heading\" data-id=\"9b81026\" data-element_type=\"widget\" data-e-type=\"widget\" data-widget_type=\"heading.default\">\n\t\t\t\t<div class=\"elementor-widget-container\">\n\t\t\t\t\t<h2 class=\"elementor-heading-title elementor-size-default\">Choses \u00e0 faire \u00e0 l'a\u00e9roport de Valence\n<\/h2>\t\t\t\t<\/div>\n\t\t\t\t<\/div>\n\t\t\t\t<div class=\"elementor-element elementor-element-5f532f7 elementor-widget elementor-widget-text-editor\" data-id=\"5f532f7\" data-element_type=\"widget\" data-e-type=\"widget\" data-widget_type=\"text-editor.default\">\n\t\t\t\t<div class=\"elementor-widget-container\">\n\t\t\t\t\t\t\t\t\t<p class=\"\" data-start=\"241\" data-end=\"565\">L'a\u00e9roport de VLC n'est peut-\u00eatre pas aussi grand que certains m\u00e9ga-a\u00e9roports espagnols, mais il offre un environnement moderne et accueillant avec de nombreux moyens de rendre votre escale confortable, productive ou m\u00eame amusante. Que vous ne fassiez que passer ou que vous soyez confront\u00e9 \u00e0 une longue attente, voici comment tirer le meilleur parti de votre s\u00e9jour \u00e0 l'a\u00e9roport :<\/p>\n<hr class=\"\" data-start=\"567\" data-end=\"570\" \/>\n<h3 class=\"\" data-start=\"572\" data-end=\"607\">\ud83d\udecd\ufe0f Acheter intelligemment (ou simplement naviguer)<\/h3>\n<p class=\"\" data-start=\"608\" data-end=\"932\">Bien que plus petit que les principaux hubs europ\u00e9ens, l'a\u00e9roport de Valence propose une s\u00e9lection de magasins hors taxes, de boutiques de souvenirs et de marques connues. Achetez des cadeaux de derni\u00e8re minute, des articles de voyage essentiels ou laissez-vous tenter par un peu de th\u00e9rapie par le d\u00e9tail. Vous voyagez l\u00e9ger ou vous avez un budget limit\u00e9 ? Le l\u00e8che-vitrine reste un excellent moyen de passer le temps.<\/p>\n<hr class=\"\" data-start=\"934\" data-end=\"937\" \/>\n<h3 class=\"\" data-start=\"939\" data-end=\"984\">\ud83c\udf7d\ufe0f Manger, boire et d\u00e9guster des saveurs espagnoles<\/h3>\n<p class=\"\" data-start=\"985\" data-end=\"1298\">Offrez-vous un repas relaxant ou une collation rapide avant votre prochain vol. L'a\u00e9roport de Valence propose un m\u00e9lange de caf\u00e9s, de bars et de restaurants proposant une cuisine internationale et espagnole. Vous avez envie de quelque chose de local ? Essayez un verre de vin ou une bi\u00e8re fra\u00eeche avec des tapas valenciennes authentiques - vous \u00eates en Espagne, apr\u00e8s tout !<\/p>\n<hr class=\"\" data-start=\"1300\" data-end=\"1303\" \/>\n<h3 class=\"\" data-start=\"1305\" data-end=\"1341\">\ud83d\udcbb Rester connect\u00e9 et productif<\/h3>\n<p class=\"\" data-start=\"1342\" data-end=\"1613\">Profitez du Wi-Fi gratuit dans tout l'a\u00e9roport. Rattrapez vos courriels, organisez votre itin\u00e9raire de voyage, terminez ce projet de derni\u00e8re minute ou d\u00e9tendez-vous simplement en regardant votre s\u00e9rie pr\u00e9f\u00e9r\u00e9e en streaming. C'est le moment id\u00e9al pour effectuer toutes les t\u00e2ches en ligne que vous avez remises \u00e0 plus tard.<\/p>\n<hr class=\"\" data-start=\"1615\" data-end=\"1618\" \/>\n<h3 class=\"\" data-start=\"1620\" data-end=\"1644\">\u2708\ufe0f Se d\u00e9tendre et se rafra\u00eechir<\/h3>\n<p class=\"\" data-start=\"1645\" data-end=\"1949\">Vous voulez vous sentir frais et dispos avant votre prochain vol ? L'a\u00e9roport de Valence ne dispose pas d'un spa complet, mais vous pouvez vous d\u00e9tendre dans le confort du salon de l'a\u00e9roport, accessible \u00e0 tous les voyageurs moyennant une redevance ou une adh\u00e9sion. Vous y trouverez des collations et des boissons gratuites, des espaces calmes et parfois m\u00eame des douches.<\/p>\n<hr class=\"\" data-start=\"1951\" data-end=\"1954\" \/>\n<h3 class=\"\" data-start=\"1956\" data-end=\"1980\">\ud83d\ude4f Un moment de paix<\/h3>\n<p class=\"\" data-start=\"1981\" data-end=\"2163\">Besoin d'un endroit calme pour r\u00e9fl\u00e9chir ou prier ? L'a\u00e9roport de Valence met \u00e0 la disposition des passagers une salle de pri\u00e8re multiconfessionnelle, qui offre un espace paisible \u00e0 l'\u00e9cart de l'agitation de l'a\u00e9rogare.<\/p>\n<hr class=\"\" data-start=\"2165\" data-end=\"2168\" \/>\n<h3 class=\"\" data-start=\"2170\" data-end=\"2197\">\ud83e\uddf8 Le temps des familles<\/h3>\n<p class=\"\" data-start=\"2198\" data-end=\"2386\">Vous voyagez avec des enfants ? Les aires de jeux pour enfants dans l'a\u00e9rogare peuvent vous aider \u00e0 d\u00e9penser de l'\u00e9nergie et \u00e0 divertir vos petits pendant les longues escales. Vous vous d\u00e9tendez, ils jouent. Tout le monde y gagne.<\/p>\n<hr class=\"\" data-start=\"2388\" data-end=\"2391\" \/>\n<h3 class=\"\" data-start=\"2393\" data-end=\"2415\">\ud83d\ude34 Catch Some Rest<\/h3>\n<p class=\"\" data-start=\"2416\" data-end=\"2733\">Vous avez une longue escale ou un vol matinal ? L'a\u00e9roport de Valence ne dispose pas d'h\u00f4tel de transit, mais il y a des fauteuils confortables dans les parties plus calmes du terminal o\u00f9 vous pouvez faire une sieste. Si vous pr\u00e9f\u00e9rez un lit d'h\u00f4tel, plusieurs h\u00f4tels sont situ\u00e9s \u00e0 quelques minutes de route de l'a\u00e9roport et proposent des services de navette.<\/p>\n<hr class=\"\" data-start=\"2735\" data-end=\"2738\" \/>\n<p class=\"\" data-start=\"2740\" data-end=\"2989\"><strong data-start=\"2740\" data-end=\"2754\">Dernier conseil :<\/strong> Le centre-ville n'\u00e9tant qu'\u00e0 20-25 minutes, une escale plus longue peut \u00eatre l'occasion d'explorer les plages de Valence, la vieille ville ou la Cit\u00e9 des arts et des sciences, mais veillez \u00e0 pr\u00e9voir suffisamment de temps pour passer les contr\u00f4les de s\u00e9curit\u00e9.<\/p>\t\t\t\t\t\t\t\t<\/div>\n\t\t\t\t<\/div>\n\t\t\t\t<div class=\"elementor-element elementor-element-8fe7900 elementor-widget elementor-widget-heading\" data-id=\"8fe7900\" data-element_type=\"widget\" data-e-type=\"widget\" data-widget_type=\"heading.default\">\n\t\t\t\t<div class=\"elementor-widget-container\">\n\t\t\t\t\t<h2 class=\"elementor-heading-title elementor-size-default\">Les longues escales vous permettent de rencontrer Valence !\n<\/h2>\t\t\t\t<\/div>\n\t\t\t\t<\/div>\n\t\t\t\t<div class=\"elementor-element elementor-element-2a2a784 elementor-widget elementor-widget-text-editor\" data-id=\"2a2a784\" data-element_type=\"widget\" data-e-type=\"widget\" data-widget_type=\"text-editor.default\">\n\t\t\t\t<div class=\"elementor-widget-container\">\n\t\t\t\t\t\t\t\t\t<p class=\"\" data-start=\"222\" data-end=\"647\">Vous vous demandez si vous avez assez de temps pour quitter l'a\u00e9roport de Valence et explorer la ville ? En r\u00e8gle g\u00e9n\u00e9rale, vous aurez besoin d'une escale d'au moins 6 \u00e0 7 heures pour profiter au maximum d'une escapade en ville. L'a\u00e9roport de Valence n'est qu'\u00e0 20-25 minutes du centre-ville en taxi ou en m\u00e9tro, mais n'oubliez pas de tenir compte des contr\u00f4les de s\u00e9curit\u00e9 et des horaires d'embarquement. Il est essentiel d'arriver \u00e0 l'a\u00e9roport au moins deux heures avant votre prochain vol.<\/p>\n<p class=\"\" data-start=\"649\" data-end=\"820\">Alors, si votre escale est assez longue, d\u00e9posez vos bagages \u00e0 l'a\u00e9roport, montez dans le m\u00e9tro (ligne 3 ou 5) ou prenez un taxi, et commencez \u00e0 d\u00e9couvrir le charme de Valence !<\/p>\n<hr class=\"\" data-start=\"822\" data-end=\"825\" \/>\n<h3 class=\"\" data-start=\"827\" data-end=\"854\"><strong data-start=\"831\" data-end=\"854\">1. R\u00e9server une visite de la ville<\/strong><\/h3>\n<p class=\"\" data-start=\"855\" data-end=\"1179\">La fa\u00e7on la plus efficace d'explorer les points forts de Valence en peu de temps est de r\u00e9server une visite guid\u00e9e. Vous trouverez toute une gamme d'options - visites priv\u00e9es ou en groupe - au d\u00e9part de la ville ou \u00e0 proximit\u00e9 de l'a\u00e9roport. Des bus touristiques aux itin\u00e9raires \u00e0 pied dans la vieille ville, il y en a pour tous les go\u00fbts.<\/p>\n<p class=\"\" data-start=\"1181\" data-end=\"1329\">Conseil de pro : Vous voulez quelque chose de diff\u00e9rent ? Faites une d\u00e9gustation de tapas et de vins, l'introduction parfaite \u00e0 la sc\u00e8ne culinaire m\u00e9diterran\u00e9enne de Valence.<\/p>\n<hr class=\"\" data-start=\"1331\" data-end=\"1334\" \/>\n<h3 class=\"\" data-start=\"1336\" data-end=\"1396\"><strong data-start=\"1340\" data-end=\"1396\">2. D\u00e9couvrir la Plaza del Ayuntamiento et le Mercado Central<\/strong><\/h3>\n<p class=\"\" data-start=\"1397\" data-end=\"1740\">Commencez votre propre visite \u00e0 pied sur la Plaza del Ayuntamiento, la grande place de la ville bord\u00e9e d'\u00e9l\u00e9gants b\u00e2timents. Fl\u00e2nez ensuite vers le c\u00e9l\u00e8bre Mercado Central, l'un des plus grands et des plus beaux march\u00e9s alimentaires d'Europe. \u00c0 l'int\u00e9rieur, vous trouverez de tout, du jam\u00f3n ib\u00e9rico et des olives aux fruits de mer frais et aux friandises artisanales, ce qui est parfait pour un repas rapide.<\/p>\n<hr class=\"\" data-start=\"1742\" data-end=\"1745\" \/>\n<h3 class=\"\" data-start=\"1747\" data-end=\"1786\"><strong data-start=\"1751\" data-end=\"1786\">3. Plonger dans l'art et l'architecture<\/strong><\/h3>\n<p class=\"\" data-start=\"1787\" data-end=\"2102\">Pour les amateurs d'art, la Cit\u00e9 des arts et des sciences de Valence est incontournable. Ce complexe futuriste comprend le mus\u00e9e des sciences, le cin\u00e9ma Hemisf\u00e8ric et l'Oceanogr\u00e0fic, le plus grand aquarium d'Europe. Si le temps vous est compt\u00e9, admirez l'architecture depuis l'ext\u00e9rieur et d\u00e9tendez-vous dans les espaces ouverts autour du complexe.<\/p>\n<hr class=\"\" data-start=\"2104\" data-end=\"2107\" \/>\n<h3 class=\"\" data-start=\"2109\" data-end=\"2166\"><strong data-start=\"2113\" data-end=\"2166\">4. Promenade \u00e0 El Carmen et visite de la bourse de la soie<\/strong><\/h3>\n<p class=\"\" data-start=\"2167\" data-end=\"2420\">Promenez-vous dans El Carmen, le quartier le plus historique de la ville, avec ses rues \u00e9troites, son art de la rue, ses caf\u00e9s accueillants et ses monuments anciens. Ne manquez pas la Lonja de la Seda, class\u00e9e au patrimoine mondial de l'UNESCO et symbole de l'\u00e2ge d'or du commerce \u00e0 Valence.<\/p>\n<hr class=\"\" data-start=\"2422\" data-end=\"2425\" \/>\n<h3 class=\"\" data-start=\"2427\" data-end=\"2492\"><strong data-start=\"2431\" data-end=\"2492\">5. Se d\u00e9tendre dans les jardins du Turia et admirer le Palau de la M\u00fasica<\/strong><\/h3>\n<p class=\"\" data-start=\"2493\" data-end=\"2808\">Si vous pr\u00e9f\u00e9rez y aller doucement, dirigez-vous vers le luxuriant Jard\u00edn del Turia, un parc de 9 km de long qui traverse la ville. Louez un v\u00e9lo ou promenez-vous vers le Palau de la M\u00fasica, une salle de concert impressionnante nich\u00e9e au milieu des fontaines et des palmiers. Ce cadre paisible est id\u00e9al pour se d\u00e9gourdir les jambes avant le prochain vol.<\/p>\n<hr class=\"\" data-start=\"2810\" data-end=\"2813\" \/>\n<h3 class=\"\" data-start=\"2815\" data-end=\"2869\"><strong data-start=\"2819\" data-end=\"2869\">6. Visite de la cath\u00e9drale de Valence et du Miguelete<\/strong><\/h3>\n<p class=\"\" data-start=\"2870\" data-end=\"3110\">Grimpez \u00e0 la tour Miguelete pour avoir une vue panoramique de la ville et explorez l'\u00e9tonnante cath\u00e9drale de Valence, qui m\u00e9lange les styles gothique, baroque et roman. La l\u00e9gende veut que le Saint Graal soit conserv\u00e9 \u00e0 l'int\u00e9rieur, pourquoi ne pas le voir par vous-m\u00eame ?<\/p>\n<hr class=\"\" data-start=\"3112\" data-end=\"3115\" \/>\n<h3 class=\"\" data-start=\"3117\" data-end=\"3163\"><strong data-start=\"3121\" data-end=\"3163\">7. Fan de football ? Visite du stade de Mestalla<\/strong><\/h3>\n<p class=\"\" data-start=\"3164\" data-end=\"3421\">Si vous \u00eates un passionn\u00e9 de football, profitez de votre escale pour visiter Mestalla, le stade historique du Valencia CF. Des visites guid\u00e9es permettent d'acc\u00e9der aux vestiaires, au tunnel et au terrain, et de d\u00e9couvrir les coulisses de l'un des plus anciens stades de football d'Espagne.<\/p>\n<hr class=\"\" data-start=\"3423\" data-end=\"3426\" \/>\n<p class=\"\" data-start=\"3428\" data-end=\"3653\">Que vous soyez amateur de gastronomie, de culture, d'histoire ou simplement d'une promenade relaxante, une escale \u00e0 Valence peut facilement se transformer en une mini-aventure. N'oubliez pas de surveiller votre temps et de retourner \u00e0 l'a\u00e9roport avec suffisamment de temps pour l'enregistrement.<\/p>\t\t\t\t\t\t\t\t<\/div>\n\t\t\t\t<\/div>\n\t\t\t\t\t<\/div>\n\t\t<\/div>\n\t\t\t\t<div class=\"elementor-column elementor-col-50 elementor-top-column elementor-element elementor-element-4b56e3a9\" data-id=\"4b56e3a9\" data-element_type=\"column\" data-e-type=\"column\" data-settings=\"{&quot;background_background&quot;:&quot;classic&quot;}\">\n\t\t\t<div class=\"elementor-widget-wrap\">\n\t\t\t\t\t\t\t<\/div>\n\t\t<\/div>\n\t\t\t\t\t<\/div>\n\t\t<\/section>\n\t\t\t\t<\/div>","protected":false},"excerpt":{"rendered":"<p>Layover at Valencia Airport Things to Do and Useful Tips for your Layover at Valencia Airport Valencia international Airport (VLC) &gt; Guide &gt; \u00a0Layover at the Airport Valnecia Airport Layover Time isn\u2019t Lost Time Let\u2019s be honest no one looks forward to a layover. Waiting for your next flight can feel like wasted time. But [&hellip;]<\/p>\n","protected":false},"author":1,"featured_media":0,"parent":148,"menu_order":0,"comment_status":"closed","ping_status":"closed","template":"","meta":{"footnotes":""},"class_list":["post-165","page","type-page","status-publish","hentry"],"_links":{"self":[{"href":"https:\/\/valencia-international-airport.com\/fr\/wp-json\/wp\/v2\/pages\/165","targetHints":{"allow":["GET"]}}],"collection":[{"href":"https:\/\/valencia-international-airport.com\/fr\/wp-json\/wp\/v2\/pages"}],"about":[{"href":"https:\/\/valencia-international-airport.com\/fr\/wp-json\/wp\/v2\/types\/page"}],"author":[{"embeddable":true,"href":"https:\/\/valencia-international-airport.com\/fr\/wp-json\/wp\/v2\/users\/1"}],"replies":[{"embeddable":true,"href":"https:\/\/valencia-international-airport.com\/fr\/wp-json\/wp\/v2\/comments?post=165"}],"version-history":[{"count":14,"href":"https:\/\/valencia-international-airport.com\/fr\/wp-json\/wp\/v2\/pages\/165\/revisions"}],"predecessor-version":[{"id":546,"href":"https:\/\/valencia-international-airport.com\/fr\/wp-json\/wp\/v2\/pages\/165\/revisions\/546"}],"up":[{"embeddable":true,"href":"https:\/\/valencia-international-airport.com\/fr\/wp-json\/wp\/v2\/pages\/148"}],"wp:attachment":[{"href":"https:\/\/valencia-international-airport.com\/fr\/wp-json\/wp\/v2\/media?parent=165"}],"curies":[{"name":"wp","href":"https:\/\/api.w.org\/{rel}","templated":true}]}}