{"id":182,"date":"2024-09-19T12:03:14","date_gmt":"2024-09-19T12:03:14","guid":{"rendered":"https:\/\/valencia-international-airport.com\/?page_id=182"},"modified":"2025-04-03T12:00:59","modified_gmt":"2025-04-03T12:00:59","slug":"hotels-de-laeroport","status":"publish","type":"page","link":"https:\/\/valencia-international-airport.com\/fr\/guide\/airport-hotels\/","title":{"rendered":"H\u00f4tels de l'a\u00e9roport de Valence"},"content":{"rendered":"<div data-elementor-type=\"wp-page\" data-elementor-id=\"182\" class=\"elementor elementor-182\" data-elementor-post-type=\"page\">\n\t\t\t\t\t\t<section class=\"elementor-section elementor-top-section elementor-element elementor-element-560def9f elementor-section-height-min-height elementor-section-boxed elementor-section-height-default elementor-section-items-middle\" data-id=\"560def9f\" data-element_type=\"section\" data-e-type=\"section\" data-settings=\"{&quot;background_background&quot;:&quot;classic&quot;}\">\n\t\t\t\t\t\t\t<div class=\"elementor-background-overlay\"><\/div>\n\t\t\t\t\t\t\t<div class=\"elementor-container elementor-column-gap-default\">\n\t\t\t\t\t<div class=\"elementor-column elementor-col-100 elementor-top-column elementor-element elementor-element-65c5d5e8\" data-id=\"65c5d5e8\" data-element_type=\"column\" data-e-type=\"column\">\n\t\t\t<div class=\"elementor-widget-wrap elementor-element-populated\">\n\t\t\t\t\t\t<div class=\"elementor-element elementor-element-58428f33 elementor-widget elementor-widget-heading\" data-id=\"58428f33\" data-element_type=\"widget\" data-e-type=\"widget\" data-widget_type=\"heading.default\">\n\t\t\t\t<div class=\"elementor-widget-container\">\n\t\t\t\t\t<h1 class=\"elementor-heading-title elementor-size-default\">H\u00f4tels \u00e0 proximit\u00e9 de Valencia Airport\n<\/h1>\t\t\t\t<\/div>\n\t\t\t\t<\/div>\n\t\t\t\t<div class=\"elementor-element elementor-element-4e9a4b5f elementor-widget elementor-widget-heading\" data-id=\"4e9a4b5f\" data-element_type=\"widget\" data-e-type=\"widget\" data-widget_type=\"heading.default\">\n\t\t\t\t<div class=\"elementor-widget-container\">\n\t\t\t\t\t<p class=\"elementor-heading-title elementor-size-default\">D\u00e9couvrez les meilleurs h\u00f4tels pr\u00e8s de l'a\u00e9roport de Valence et dans le centre ville de Valence<\/p>\t\t\t\t<\/div>\n\t\t\t\t<\/div>\n\t\t\t\t<div class=\"elementor-element elementor-element-3ea0628 elementor-view-default elementor-invisible elementor-widget elementor-widget-icon\" data-id=\"3ea0628\" data-element_type=\"widget\" data-e-type=\"widget\" data-settings=\"{&quot;_animation&quot;:&quot;fadeInDown&quot;,&quot;_animation_delay&quot;:500}\" data-widget_type=\"icon.default\">\n\t\t\t\t<div class=\"elementor-widget-container\">\n\t\t\t\t\t\t\t<div class=\"elementor-icon-wrapper\">\n\t\t\t<div class=\"elementor-icon\">\n\t\t\t<svg aria-hidden=\"true\" class=\"e-font-icon-svg e-fas-chevron-down\" viewbox=\"0 0 448 512\" xmlns=\"http:\/\/www.w3.org\/2000\/svg\"><path d=\"M207.029 381.476L12.686 187.132c-9.373-9.373-9.373-24.569 0-33.941l22.667-22.667c9.357-9.357 24.522-9.375 33.901-.04L224 284.505l154.745-154.021c9.379-9.335 24.544-9.317 33.901.04l22.667 22.667c9.373 9.373 9.373 24.569 0 33.941L240.971 381.476c-9.373 9.372-24.569 9.372-33.942 0z\"><\/path><\/svg>\t\t\t<\/div>\n\t\t<\/div>\n\t\t\t\t\t\t<\/div>\n\t\t\t\t<\/div>\n\t\t\t\t\t<\/div>\n\t\t<\/div>\n\t\t\t\t\t<\/div>\n\t\t<\/section>\n\t\t\t\t<section class=\"elementor-section elementor-top-section elementor-element elementor-element-5a5eef55 elementor-section-content-middle elementor-section-boxed elementor-section-height-default elementor-section-height-default\" data-id=\"5a5eef55\" data-element_type=\"section\" data-e-type=\"section\">\n\t\t\t\t\t\t<div class=\"elementor-container elementor-column-gap-default\">\n\t\t\t\t\t<div class=\"elementor-column elementor-col-50 elementor-top-column elementor-element elementor-element-d687afe\" data-id=\"d687afe\" data-element_type=\"column\" data-e-type=\"column\">\n\t\t\t<div class=\"elementor-widget-wrap elementor-element-populated\">\n\t\t\t\t\t\t<div class=\"elementor-element elementor-element-5f384c6 elementor-widget elementor-widget-text-editor\" data-id=\"5f384c6\" data-element_type=\"widget\" data-e-type=\"widget\" data-widget_type=\"text-editor.default\">\n\t\t\t\t<div class=\"elementor-widget-container\">\n\t\t\t\t\t\t\t\t\t<p><strong><a href=\"https:\/\/valencia-international-airport.com\/\">A\u00e9roport international de Valence (VLC)<\/a><\/strong> &gt; <strong><a href=\"https:\/\/valencia-international-airport.com\/guide\/\">Guide<\/a> &gt; \u00a0<span class=\"breadcrumb_last\" aria-current=\"page\">H\u00f4tels de l'a\u00e9roport<\/span><\/strong><\/p>\t\t\t\t\t\t\t\t<\/div>\n\t\t\t\t<\/div>\n\t\t\t\t<div class=\"elementor-element elementor-element-9a5997e elementor-widget elementor-widget-heading\" data-id=\"9a5997e\" data-element_type=\"widget\" data-e-type=\"widget\" data-widget_type=\"heading.default\">\n\t\t\t\t<div class=\"elementor-widget-container\">\n\t\t\t\t\t<h2 class=\"elementor-heading-title elementor-size-default\">Les 5 meilleurs h\u00f4tels pr\u00e8s de l'a\u00e9roport de Valence <\/h2>\t\t\t\t<\/div>\n\t\t\t\t<\/div>\n\t\t\t\t<div class=\"elementor-element elementor-element-53c71dc elementor-widget elementor-widget-text-editor\" data-id=\"53c71dc\" data-element_type=\"widget\" data-e-type=\"widget\" data-widget_type=\"text-editor.default\">\n\t\t\t\t<div class=\"elementor-widget-container\">\n\t\t\t\t\t\t\t\t\t<p class=\"\" data-start=\"286\" data-end=\"683\">Si votre temps \u00e0 Valence est limit\u00e9 ou si vous prenez un vol t\u00f4t, r\u00e9server un h\u00f4tel dans le centre ville n'est peut-\u00eatre pas l'option la plus pratique. Heureusement, plusieurs excellents choix d'h\u00e9bergement sont situ\u00e9s \u00e0 quelques minutes de l'a\u00e9roport de Valence (VLC), beaucoup offrant un service de navette gratuit, des chambres confortables et un excellent rapport qualit\u00e9-prix. Voici un aper\u00e7u des 5 meilleurs h\u00f4tels pr\u00e8s de l'a\u00e9roport de Valence :<\/p><h3 data-start=\"690\" data-end=\"742\"><strong data-start=\"695\" data-end=\"742\">1. Travelodge Valencia Aeropuerto - Manises<\/strong><\/h3><p class=\"\" data-start=\"743\" data-end=\"1100\">Situ\u00e9 \u00e0 seulement 5 minutes de marche du terminal de l'a\u00e9roport dans la ville de Manises, le Travelodge Valencia Aeropuerto est l'une des options d'h\u00e9bergement les plus proches. Cet h\u00f4tel \u00e9conomique propose des chambres modernes insonoris\u00e9es et climatis\u00e9es, ainsi qu'un service de petit d\u00e9jeuner optionnel. Il est parfait pour les voyageurs qui recherchent la commodit\u00e9 sans se ruiner.<\/p><p class=\"\" data-start=\"1102\" data-end=\"1232\"><strong data-start=\"1102\" data-end=\"1114\">Notre conseil :<\/strong> Il est bien desservi par la ligne 3 du m\u00e9tro, ce qui en fait un choix judicieux pour acc\u00e9der \u00e0 l'a\u00e9roport et se rendre rapidement en ville.<\/p><h3 data-start=\"1239\" data-end=\"1292\"><strong data-start=\"1244\" data-end=\"1292\">2. Ibis Budget Valencia Aeropuerto - Manises<\/strong><\/h3><p class=\"\" data-start=\"1293\" data-end=\"1586\">\u00c0 400 m\u00e8tres de l'a\u00e9roport, l'Ibis Budget est une autre option populaire pour les courts s\u00e9jours et les vols pr\u00e9coces. L'h\u00f4tel propose des chambres minimalistes mais confortables, des salles de bains priv\u00e9es et une r\u00e9ception ouverte 24 heures sur 24. Un petit d\u00e9jeuner buffet est disponible moyennant un petit suppl\u00e9ment et un parking est \u00e9galement disponible sur place.<\/p><p class=\"\" data-start=\"1588\" data-end=\"1682\"><strong data-start=\"1588\" data-end=\"1598\">Bonus :<\/strong> Il se trouve \u00e9galement \u00e0 proximit\u00e9 de la station de m\u00e9tro Rosas, qui offre un acc\u00e8s direct au centre-ville de Valence.<\/p><h3 data-start=\"1689\" data-end=\"1714\"><strong data-start=\"1694\" data-end=\"1714\">3. H\u00f4tel Manises<\/strong><\/h3><p class=\"\" data-start=\"1715\" data-end=\"2007\">Situ\u00e9 \u00e0 10 minutes de marche de l'a\u00e9rogare, l'h\u00f4tel Manises propose un h\u00e9bergement propre et basique, id\u00e9al pour une courte escale ou un voyage d'affaires. Les chambres sont climatis\u00e9es et \u00e9quip\u00e9es d'une connexion Wi-Fi gratuite. Bien qu'il soit plus modeste que certaines cha\u00eenes internationales, il offre un bon rapport qualit\u00e9-prix et la proximit\u00e9.<\/p><p class=\"\" data-start=\"2009\" data-end=\"2111\"><strong data-start=\"2009\" data-end=\"2021\">Conseil de pro :<\/strong> Id\u00e9al pour les voyageurs en solo ou ceux qui recherchent une simplicit\u00e9 abordable \u00e0 proximit\u00e9 de l'a\u00e9roport.<\/p><h3 data-start=\"2118\" data-end=\"2161\"><strong data-start=\"2123\" data-end=\"2161\">4. Port Azafata Valence - Manises<\/strong><\/h3><p class=\"\" data-start=\"2162\" data-end=\"2472\">H\u00f4tel 4 \u00e9toiles situ\u00e9 \u00e0 seulement 1,5 km de l'a\u00e9roport de Valence, le Port Azafata Valencia propose des chambres \u00e9l\u00e9gantes et insonoris\u00e9es, un restaurant servant une cuisine m\u00e9diterran\u00e9enne et m\u00eame une piscine ext\u00e9rieure. Un service de navette gratuit depuis et vers l'a\u00e9roport est disponible, ce qui en fait l'un des meilleurs choix haut de gamme de la r\u00e9gion.<\/p><p class=\"\" data-start=\"2474\" data-end=\"2569\"><strong data-start=\"2474\" data-end=\"2483\">Avantage :<\/strong> L'h\u00f4tel dispose \u00e9galement de salles de r\u00e9union, ce qui en fait un choix id\u00e9al pour les voyageurs d'affaires.<\/p><h3 data-start=\"2576\" data-end=\"2618\"><strong data-start=\"2581\" data-end=\"2618\">5. H\u00f4tel T\u00e1ctica de C&amp;R - Paterna<\/strong><\/h3><p class=\"\" data-start=\"2619\" data-end=\"2966\">Situ\u00e9 \u00e0 environ 3,5 km de l'a\u00e9roport, l'Hotel T\u00e1ctica est un \u00e9tablissement 4 \u00e9toiles moderne proposant des chambres spacieuses, une piscine int\u00e9rieure, des installations de remise en forme et un restaurant \u00e9l\u00e9gant. Une navette a\u00e9roport gratuite est disponible sur demande. Bien qu'un peu plus \u00e9loign\u00e9, cet h\u00f4tel est une option pratique pour les voyageurs \u00e0 la recherche de confort et d'\u00e9quipements suppl\u00e9mentaires.<\/p><p class=\"\" data-start=\"2968\" data-end=\"3060\"><strong data-start=\"2968\" data-end=\"2982\">Mise en valeur :<\/strong> Excellent \u00e9quilibre entre la proximit\u00e9 de l'a\u00e9roport et une exp\u00e9rience h\u00f4teli\u00e8re plus compl\u00e8te.<\/p>\t\t\t\t\t\t\t\t<\/div>\n\t\t\t\t<\/div>\n\t\t\t\t<div class=\"elementor-element elementor-element-241ab16 elementor-widget elementor-widget-heading\" data-id=\"241ab16\" data-element_type=\"widget\" data-e-type=\"widget\" data-widget_type=\"heading.default\">\n\t\t\t\t<div class=\"elementor-widget-container\">\n\t\t\t\t\t<h2 class=\"elementor-heading-title elementor-size-default\">Les 5 meilleurs h\u00f4tels du centre-ville de Valence<\/h2>\t\t\t\t<\/div>\n\t\t\t\t<\/div>\n\t\t\t\t<div class=\"elementor-element elementor-element-1299d76 elementor-widget elementor-widget-text-editor\" data-id=\"1299d76\" data-element_type=\"widget\" data-e-type=\"widget\" data-widget_type=\"text-editor.default\">\n\t\t\t\t<div class=\"elementor-widget-container\">\n\t\t\t\t\t\t\t\t\t<p class=\"\" data-start=\"278\" data-end=\"580\">Le centre-ville anim\u00e9 de Valence offre un large choix d'h\u00e9bergements, allant d'\u00e9l\u00e9gants h\u00f4tels 5 \u00e9toiles \u00e0 de charmantes maisons d'h\u00f4tes abordables. Que vous soyez en visite pour les affaires ou pour les loisirs, ces h\u00f4tels vous permettront de vous loger dans les meilleures conditions possibles. <strong data-start=\"469\" data-end=\"503\">les 5 meilleurs h\u00f4tels situ\u00e9s au centre de la ville<\/strong> \u00e0 Valence offrent confort et style, et constituent un excellent point de d\u00e9part pour explorer la ville.<\/p><h3 data-start=\"587\" data-end=\"640\"><strong data-start=\"592\" data-end=\"640\">1. H\u00f4tel Caro - Le luxe dans un cadre historique<\/strong><\/h3><p class=\"\" data-start=\"641\" data-end=\"1095\">D\u00e9couvrez l'\u00e9l\u00e9gance raffin\u00e9e de l'h\u00f4tel Caro, un \u00e9tablissement 5 \u00e9toiles unique situ\u00e9 au c\u0153ur de Valence. Nich\u00e9 dans un palais du XIXe si\u00e8cle, l'h\u00f4tel allie avec art architecture historique et design contemporain. Il dispose de 26 chambres luxueuses, d'un toit-terrasse avec piscine et d'un restaurant \u00e9toil\u00e9 au guide Michelin, le Sents. \u00c0 quelques pas de la cath\u00e9drale de Valence et des jardins de Turia, cet h\u00f4tel est id\u00e9al pour les amateurs de luxe et de culture.<\/p><h3 data-start=\"1102\" data-end=\"1136\"><strong data-start=\"1107\" data-end=\"1136\">2. Hospes Palau de la Mar<\/strong><\/h3><p class=\"\" data-start=\"1137\" data-end=\"1539\">Situ\u00e9 \u00e0 proximit\u00e9 de la chic rue Col\u00f3n, l'Hospes Palau de la Mar est un superbe h\u00f4tel de caract\u00e8re 5 \u00e9toiles qui allie l'architecture classique valencienne \u00e0 un design minimaliste. Il propose 66 chambres \u00e9l\u00e9gantes, un spa de bien-\u00eatre, une salle de sport et le restaurant gastronomique Ampar, connu pour sa cuisine m\u00e9diterran\u00e9enne moderne. Il s'agit d'une option id\u00e9ale pour les couples ou les voyageurs solitaires \u00e0 la recherche de confort et de sophistication.<\/p><h3 data-start=\"1546\" data-end=\"1581\"><strong data-start=\"1551\" data-end=\"1581\">3. Only YOU Hotel Valencia<\/strong><\/h3><p class=\"\" data-start=\"1582\" data-end=\"1939\">B\u00e9n\u00e9ficiant d'un emplacement privil\u00e9gi\u00e9 \u00e0 proximit\u00e9 de la Plaza del Ayuntamiento, l'h\u00f4tel Only YOU Valencia est un \u00e9tablissement luxueux et dynamique dot\u00e9 d'int\u00e9rieurs urbains, d'un restaurant et d'un bar \u00e0 cocktails renomm\u00e9s sur le toit et d'un salon \u00e9l\u00e9gant. Avec ses 191 chambres, son centre de remise en forme et ses salles de r\u00e9unions, cet h\u00f4tel 5 \u00e9toiles est id\u00e9al pour les voyages d'affaires ou les escapades citadines \u00e0 la mode.<\/p><h3 data-start=\"1946\" data-end=\"1982\"><strong data-start=\"1951\" data-end=\"1982\">4. H\u00f4tel Boutique Balandret<\/strong><\/h3><p class=\"\" data-start=\"1983\" data-end=\"2354\">Situ\u00e9 face \u00e0 la mer et facilement reli\u00e9 au centre-ville par le m\u00e9tro ou le bus, l'h\u00f4tel Boutique Balandret propose un s\u00e9jour rafra\u00eechissant en bord de mer, avec un d\u00e9cor m\u00e9diterran\u00e9en classique et des \u00e9quipements modernes. Il dispose de 21 chambres bien am\u00e9nag\u00e9es, d'un restaurant local appr\u00e9ci\u00e9 et d'une ambiance relaxante. Il s'agit d'une excellente option pour ceux qui souhaitent combiner l'exploration de la ville et le calme du bord de mer.<\/p><h3 data-start=\"2361\" data-end=\"2387\"><strong data-start=\"2366\" data-end=\"2387\">5. Hostal Venecia<\/strong><\/h3><p class=\"\" data-start=\"2388\" data-end=\"2768\">Pour les voyageurs qui recherchent le confort \u00e0 un bon prix, l'Hostal Venecia est l'un des meilleurs \u00e9tablissements du centre-ville de Valence. Donnant sur la Plaza del Ayuntamiento, il propose des chambres propres et \u00e9l\u00e9gantes avec des touches modernes \u00e0 des prix abordables. Les clients peuvent profiter d'un petit d\u00e9jeuner buffet et d'un acc\u00e8s facile aux boutiques, aux restaurants et aux transports publics, ce qui est parfait pour explorer la vieille ville historique \u00e0 pied.<\/p>\t\t\t\t\t\t\t\t<\/div>\n\t\t\t\t<\/div>\n\t\t\t\t\t<\/div>\n\t\t<\/div>\n\t\t\t\t<div class=\"elementor-column elementor-col-50 elementor-top-column elementor-element elementor-element-4b56e3a9\" data-id=\"4b56e3a9\" data-element_type=\"column\" data-e-type=\"column\" data-settings=\"{&quot;background_background&quot;:&quot;classic&quot;}\">\n\t\t\t<div class=\"elementor-widget-wrap\">\n\t\t\t\t\t\t\t<\/div>\n\t\t<\/div>\n\t\t\t\t\t<\/div>\n\t\t<\/section>\n\t\t\t\t<\/div>","protected":false},"excerpt":{"rendered":"<p>Hotels near Valencia Airport Discover the Top Hotels near Valencia Airport and in Valencia City Center Valencia International Airport (VLC) &gt; Guide &gt; \u00a0Airport Hotels The Top 5 Hotels near Valencia Airport If your time in Valencia is limited or you&#8217;re catching an early flight, booking a hotel in the city center may not be [&hellip;]<\/p>\n","protected":false},"author":1,"featured_media":0,"parent":148,"menu_order":0,"comment_status":"closed","ping_status":"closed","template":"","meta":{"footnotes":""},"class_list":["post-182","page","type-page","status-publish","hentry"],"_links":{"self":[{"href":"https:\/\/valencia-international-airport.com\/fr\/wp-json\/wp\/v2\/pages\/182","targetHints":{"allow":["GET"]}}],"collection":[{"href":"https:\/\/valencia-international-airport.com\/fr\/wp-json\/wp\/v2\/pages"}],"about":[{"href":"https:\/\/valencia-international-airport.com\/fr\/wp-json\/wp\/v2\/types\/page"}],"author":[{"embeddable":true,"href":"https:\/\/valencia-international-airport.com\/fr\/wp-json\/wp\/v2\/users\/1"}],"replies":[{"embeddable":true,"href":"https:\/\/valencia-international-airport.com\/fr\/wp-json\/wp\/v2\/comments?post=182"}],"version-history":[{"count":14,"href":"https:\/\/valencia-international-airport.com\/fr\/wp-json\/wp\/v2\/pages\/182\/revisions"}],"predecessor-version":[{"id":578,"href":"https:\/\/valencia-international-airport.com\/fr\/wp-json\/wp\/v2\/pages\/182\/revisions\/578"}],"up":[{"embeddable":true,"href":"https:\/\/valencia-international-airport.com\/fr\/wp-json\/wp\/v2\/pages\/148"}],"wp:attachment":[{"href":"https:\/\/valencia-international-airport.com\/fr\/wp-json\/wp\/v2\/media?parent=182"}],"curies":[{"name":"wp","href":"https:\/\/api.w.org\/{rel}","templated":true}]}}