{"id":208,"date":"2024-09-20T11:56:04","date_gmt":"2024-09-20T11:56:04","guid":{"rendered":"https:\/\/valencia-international-airport.com\/?page_id=208"},"modified":"2025-10-20T13:46:43","modified_gmt":"2025-10-20T13:46:43","slug":"transferts-aeroportuaires","status":"publish","type":"page","link":"https:\/\/valencia-international-airport.com\/fr\/transportation\/airport-transfers\/","title":{"rendered":"Transferts depuis l'a\u00e9roport"},"content":{"rendered":"<div data-elementor-type=\"wp-page\" data-elementor-id=\"208\" class=\"elementor elementor-208\" data-elementor-post-type=\"page\">\n\t\t\t\t\t\t<section class=\"elementor-section elementor-top-section elementor-element elementor-element-560def9f elementor-section-height-min-height elementor-section-boxed elementor-section-height-default elementor-section-items-middle\" data-id=\"560def9f\" data-element_type=\"section\" data-e-type=\"section\" data-settings=\"{&quot;background_background&quot;:&quot;classic&quot;}\">\n\t\t\t\t\t\t\t<div class=\"elementor-background-overlay\"><\/div>\n\t\t\t\t\t\t\t<div class=\"elementor-container elementor-column-gap-default\">\n\t\t\t\t\t<div class=\"elementor-column elementor-col-100 elementor-top-column elementor-element elementor-element-65c5d5e8\" data-id=\"65c5d5e8\" data-element_type=\"column\" data-e-type=\"column\">\n\t\t\t<div class=\"elementor-widget-wrap elementor-element-populated\">\n\t\t\t\t\t\t<div class=\"elementor-element elementor-element-58428f33 elementor-widget elementor-widget-heading\" data-id=\"58428f33\" data-element_type=\"widget\" data-e-type=\"widget\" data-widget_type=\"heading.default\">\n\t\t\t\t<div class=\"elementor-widget-container\">\n\t\t\t\t\t<h1 class=\"elementor-heading-title elementor-size-default\">Transferts depuis l'a\u00e9roport de Valence<\/h1>\t\t\t\t<\/div>\n\t\t\t\t<\/div>\n\t\t\t\t<div class=\"elementor-element elementor-element-4e9a4b5f elementor-widget elementor-widget-heading\" data-id=\"4e9a4b5f\" data-element_type=\"widget\" data-e-type=\"widget\" data-widget_type=\"heading.default\">\n\t\t\t\t<div class=\"elementor-widget-container\">\n\t\t\t\t\t<p class=\"elementor-heading-title elementor-size-default\">Am\u00e9liorez votre exp\u00e9rience de voyage avec un transfert priv\u00e9 \u00e0 l'a\u00e9roport\n<\/p>\t\t\t\t<\/div>\n\t\t\t\t<\/div>\n\t\t\t\t<div class=\"elementor-element elementor-element-31eb631 elementor-align-center elementor-widget elementor-widget-button\" data-id=\"31eb631\" data-element_type=\"widget\" data-e-type=\"widget\" data-widget_type=\"button.default\">\n\t\t\t\t<div class=\"elementor-widget-container\">\n\t\t\t\t\t\t\t\t\t<div class=\"elementor-button-wrapper\">\n\t\t\t\t\t<a class=\"elementor-button elementor-button-link elementor-size-sm\" href=\"#Book\">\n\t\t\t\t\t\t<span class=\"elementor-button-content-wrapper\">\n\t\t\t\t\t\t\t\t\t<span class=\"elementor-button-text\">R\u00e9servez vos transferts \u00e0 l'avance<\/span>\n\t\t\t\t\t<\/span>\n\t\t\t\t\t<\/a>\n\t\t\t\t<\/div>\n\t\t\t\t\t\t\t\t<\/div>\n\t\t\t\t<\/div>\n\t\t\t\t<div class=\"elementor-element elementor-element-3ea0628 elementor-view-default elementor-invisible elementor-widget elementor-widget-icon\" data-id=\"3ea0628\" data-element_type=\"widget\" data-e-type=\"widget\" data-settings=\"{&quot;_animation&quot;:&quot;fadeInDown&quot;,&quot;_animation_delay&quot;:500}\" data-widget_type=\"icon.default\">\n\t\t\t\t<div class=\"elementor-widget-container\">\n\t\t\t\t\t\t\t<div class=\"elementor-icon-wrapper\">\n\t\t\t<div class=\"elementor-icon\">\n\t\t\t<svg aria-hidden=\"true\" class=\"e-font-icon-svg e-fas-chevron-down\" viewbox=\"0 0 448 512\" xmlns=\"http:\/\/www.w3.org\/2000\/svg\"><path d=\"M207.029 381.476L12.686 187.132c-9.373-9.373-9.373-24.569 0-33.941l22.667-22.667c9.357-9.357 24.522-9.375 33.901-.04L224 284.505l154.745-154.021c9.379-9.335 24.544-9.317 33.901.04l22.667 22.667c9.373 9.373 9.373 24.569 0 33.941L240.971 381.476c-9.373 9.372-24.569 9.372-33.942 0z\"><\/path><\/svg>\t\t\t<\/div>\n\t\t<\/div>\n\t\t\t\t\t\t<\/div>\n\t\t\t\t<\/div>\n\t\t\t\t\t<\/div>\n\t\t<\/div>\n\t\t\t\t\t<\/div>\n\t\t<\/section>\n\t\t\t\t<section class=\"elementor-section elementor-top-section elementor-element elementor-element-5a5eef55 elementor-section-content-middle elementor-section-boxed elementor-section-height-default elementor-section-height-default\" data-id=\"5a5eef55\" data-element_type=\"section\" data-e-type=\"section\">\n\t\t\t\t\t\t<div class=\"elementor-container elementor-column-gap-default\">\n\t\t\t\t\t<div class=\"elementor-column elementor-col-50 elementor-top-column elementor-element elementor-element-d687afe\" data-id=\"d687afe\" data-element_type=\"column\" data-e-type=\"column\">\n\t\t\t<div class=\"elementor-widget-wrap elementor-element-populated\">\n\t\t\t\t\t\t<div class=\"elementor-element elementor-element-5f384c6 elementor-widget elementor-widget-text-editor\" data-id=\"5f384c6\" data-element_type=\"widget\" data-e-type=\"widget\" data-widget_type=\"text-editor.default\">\n\t\t\t\t<div class=\"elementor-widget-container\">\n\t\t\t\t\t\t\t\t\t<p><strong><a href=\"https:\/\/valencia-international-airport.com\/\">A\u00e9roport international de Valence (VLC)<\/a><\/strong>&gt;<a href=\"https:\/\/valencia-international-airport.com\/transportation\/\"> Transport<\/a>\u00a0 \u00a0&gt; <strong>Transferts depuis l'a\u00e9roport<\/strong><\/p>\t\t\t\t\t\t\t\t<\/div>\n\t\t\t\t<\/div>\n\t\t\t\t<div class=\"elementor-element elementor-element-9a5997e elementor-widget elementor-widget-heading\" data-id=\"9a5997e\" data-element_type=\"widget\" data-e-type=\"widget\" data-widget_type=\"heading.default\">\n\t\t\t\t<div class=\"elementor-widget-container\">\n\t\t\t\t\t<h2 class=\"elementor-heading-title elementor-size-default\">Transferts priv\u00e9s depuis l'a\u00e9roport de Valence\n<\/h2>\t\t\t\t<\/div>\n\t\t\t\t<\/div>\n\t\t\t\t<div class=\"elementor-element elementor-element-53c71dc elementor-widget elementor-widget-text-editor\" data-id=\"53c71dc\" data-element_type=\"widget\" data-e-type=\"widget\" data-widget_type=\"text-editor.default\">\n\t\t\t\t<div class=\"elementor-widget-container\">\n\t\t\t\t\t\t\t\t\t<p class=\"\" data-start=\"138\" data-end=\"559\">Aussi bien connect\u00e9 que soit l'a\u00e9roport de Valence, rien ne vaut la commodit\u00e9 d'avoir un v\u00e9hicule de transfert priv\u00e9 qui vous attend \u00e0 la sortie du terminal. Les options de transport public telles que les bus EMT ou les lignes Metrobus peuvent \u00eatre \u00e9conomiques et relativement efficaces, mais elles impliquent des temps d'attente, le transport de vos bagages et la navigation dans la ville depuis votre point de chute jusqu'\u00e0 votre destination finale.<\/p>\n<p class=\"\" data-start=\"561\" data-end=\"971\">De plus, les bus publics peuvent \u00eatre bond\u00e9s, surtout aux heures de pointe ou lors d'\u00e9v\u00e9nements locaux, ce qui peut \u00eatre g\u00eanant si vous voyagez avec des enfants ou des bagages lourds. Les taxis sont \u00e9galement disponibles \u00e0 l'a\u00e9roport de Valence, mais vous devrez toujours faire la queue et le prix final peut varier en fonction de la circulation, de l'heure de la journ\u00e9e ou des suppl\u00e9ments, car les taxis ne proposent pas de tarifs fixes pour la plupart des destinations.<\/p>\n<p class=\"\" data-start=\"973\" data-end=\"1370\">Pour toutes ces raisons, la r\u00e9servation d'un transfert priv\u00e9 est le choix id\u00e9al si vous souhaitez une arriv\u00e9e en douceur, confortable et sans stress \u00e0 Valence. Plusieurs entreprises fiables proposent des services de transfert priv\u00e9 \u00e0 l'a\u00e9roport de Valence. Cela vaut donc la peine de faire quelques recherches \u00e0 l'avance pour comparer les tarifs et les avis, et de r\u00e9server votre v\u00e9hicule pour avoir l'esprit tranquille et commencer votre visite sans encombre.<\/p>\t\t\t\t\t\t\t\t<\/div>\n\t\t\t\t<\/div>\n\t\t\t\t<div class=\"elementor-element elementor-element-c0e638c elementor-widget elementor-widget-image\" data-id=\"c0e638c\" data-element_type=\"widget\" data-e-type=\"widget\" data-widget_type=\"image.default\">\n\t\t\t\t<div class=\"elementor-widget-container\">\n\t\t\t\t\t\t\t\t\t\t\t\t\t\t\t<img fetchpriority=\"high\" decoding=\"async\" width=\"720\" height=\"480\" src=\"https:\/\/valencia-international-airport.com\/wp-content\/uploads\/2024\/09\/transfer-aeroport-marrakech.jpg\" class=\"attachment-large size-large wp-image-240\" alt=\"Transferts depuis l&#039;a\u00e9roport de Valence\" srcset=\"https:\/\/valencia-international-airport.com\/wp-content\/uploads\/2024\/09\/transfer-aeroport-marrakech.jpg 720w, https:\/\/valencia-international-airport.com\/wp-content\/uploads\/2024\/09\/transfer-aeroport-marrakech-300x200.jpg 300w\" sizes=\"(max-width: 720px) 100vw, 720px\" \/>\t\t\t\t\t\t\t\t\t\t\t\t\t\t\t<\/div>\n\t\t\t\t<\/div>\n\t\t\t\t<div class=\"elementor-element elementor-element-9b81026 elementor-widget elementor-widget-heading\" data-id=\"9b81026\" data-element_type=\"widget\" data-e-type=\"widget\" data-widget_type=\"heading.default\">\n\t\t\t\t<div class=\"elementor-widget-container\">\n\t\t\t\t\t<h2 class=\"elementor-heading-title elementor-size-default\">Pourquoi choisir un transfert priv\u00e9 de l'a\u00e9roport de Valence ?<\/h2>\t\t\t\t<\/div>\n\t\t\t\t<\/div>\n\t\t\t\t<div class=\"elementor-element elementor-element-5f532f7 elementor-widget elementor-widget-text-editor\" data-id=\"5f532f7\" data-element_type=\"widget\" data-e-type=\"widget\" data-widget_type=\"text-editor.default\">\n\t\t\t\t<div class=\"elementor-widget-container\">\n\t\t\t\t\t\t\t\t\t<p class=\"\" data-start=\"225\" data-end=\"415\">Si le confort, la fiabilit\u00e9 et le service haut de gamme ne sont pas assez convaincants, voici exactement pourquoi choisir un transfert priv\u00e9 depuis l'a\u00e9roport de Valence pourrait \u00eatre la meilleure d\u00e9cision pour votre voyage :<\/p>\n<ul data-start=\"417\" data-end=\"1859\">\n<li class=\"\" data-start=\"417\" data-end=\"581\">\n<p class=\"\" data-start=\"419\" data-end=\"581\">Les transferts priv\u00e9s offrent un service de porte \u00e0 porte, ce qui signifie que vous n'avez pas besoin de trouver des directions ou de naviguer dans des rues peu famili\u00e8res pour vous rendre \u00e0 votre h\u00e9bergement.<\/p>\n<\/li>\n<li class=\"\" data-start=\"582\" data-end=\"744\">\n<p class=\"\" data-start=\"584\" data-end=\"744\">Apr\u00e8s un vol long ou \u00e9puisant, un chauffeur professionnel vous accueille \u00e0 l'arriv\u00e9e et vous escorte directement jusqu'\u00e0 votre v\u00e9hicule, ce qui est la meilleure fa\u00e7on de se d\u00e9tendre.<\/p>\n<\/li>\n<li class=\"\" data-start=\"745\" data-end=\"960\">\n<p class=\"\" data-start=\"747\" data-end=\"960\">Les transports publics de l'a\u00e9roport de Valence, tels que les lignes EMT et Metrobus, ne vous d\u00e9posent pas directement \u00e0 votre h\u00f4tel. Vous devrez probablement marcher ou changer de ligne pour atteindre votre destination finale.<\/p>\n<\/li>\n<li class=\"\" data-start=\"961\" data-end=\"1171\">\n<p class=\"\" data-start=\"963\" data-end=\"1171\">Les bus pour la ville peuvent \u00eatre bond\u00e9s et moins pratiques, surtout si vous portez des bagages ou si vous voyagez avec des enfants, et l'arr\u00eat de bus le plus proche de votre logement peut se trouver \u00e0 une certaine distance.<\/p>\n<\/li>\n<li class=\"\" data-start=\"1172\" data-end=\"1298\">\n<p class=\"\" data-start=\"1174\" data-end=\"1298\">Si les taxis valenciens offrent un bon service, ils ne sont pas \u00e0 la hauteur de la qualit\u00e9 personnalis\u00e9e et haut de gamme d'un transfert priv\u00e9.<\/p>\n<\/li>\n<li class=\"\" data-start=\"1299\" data-end=\"1532\">\n<p class=\"\" data-start=\"1301\" data-end=\"1532\">Lorsque vous r\u00e9servez un transfert priv\u00e9, votre chauffeur vous attendra dans le hall des arriv\u00e9es, pr\u00eat \u00e0 vous aider avec vos bagages et \u00e9ventuellement \u00e0 partager des conseils utiles sur Valence, des attractions locales aux lieux de restauration.<\/p>\n<\/li>\n<li class=\"\" data-start=\"1533\" data-end=\"1713\">\n<p class=\"\" data-start=\"1535\" data-end=\"1713\">Vous avez besoin de quelque chose de sp\u00e9cifique, comme une berline de luxe, un minivan ou un v\u00e9hicule accessible aux fauteuils roulants ? Dans le cas d'un transfert priv\u00e9, vous pouvez s\u00e9lectionner \u00e0 l'avance le type de v\u00e9hicule que vous souhaitez.<\/p>\n<\/li>\n<li class=\"\" data-start=\"1714\" data-end=\"1859\">\n<p class=\"\" data-start=\"1716\" data-end=\"1859\">Enfin, vous b\u00e9n\u00e9ficiez d'une tarification transparente - pas de surprises, de frais cach\u00e9s ou de suppl\u00e9ments soudains. Vous connaissez le co\u00fbt de votre voyage d\u00e8s le d\u00e9part.<\/p>\n<\/li>\n<\/ul>\n<p class=\"\" data-start=\"1861\" data-end=\"1991\">Faites en sorte que votre arriv\u00e9e \u00e0 Valence se fasse en douceur et sans stress : r\u00e9servez un transfert priv\u00e9 et voyagez en toute tranquillit\u00e9 d'esprit.<\/p>\t\t\t\t\t\t\t\t<\/div>\n\t\t\t\t<\/div>\n\t\t\t\t<div class=\"elementor-element elementor-element-91d42cd elementor-widget elementor-widget-heading\" data-id=\"91d42cd\" data-element_type=\"widget\" data-e-type=\"widget\" data-widget_type=\"heading.default\">\n\t\t\t\t<div class=\"elementor-widget-container\">\n\t\t\t\t\t<h2 class=\"elementor-heading-title elementor-size-default\">Tarifs des transferts de l'a\u00e9roport de Valence\n<\/h2>\t\t\t\t<\/div>\n\t\t\t\t<\/div>\n\t\t\t\t<div class=\"elementor-element elementor-element-3ad0058 elementor-widget elementor-widget-text-editor\" data-id=\"3ad0058\" data-element_type=\"widget\" data-e-type=\"widget\" data-widget_type=\"text-editor.default\">\n\t\t\t\t<div class=\"elementor-widget-container\">\n\t\t\t\t\t\t\t\t\t<p class=\"\" data-start=\"129\" data-end=\"428\">Les taxis de l'a\u00e9roport VLC sont g\u00e9n\u00e9ralement consid\u00e9r\u00e9s comme un peu plus abordables que les transferts priv\u00e9s. En effet, une course en taxi de l'a\u00e9roport de Valence au centre-ville co\u00fbte g\u00e9n\u00e9ralement entre 20 et 25 euros (20$-25$), tandis qu'un transfert priv\u00e9 r\u00e9serv\u00e9 \u00e0 l'avance co\u00fbte environ 35 \u00e0 45 euros (35$-45$).<\/p>\n<p class=\"\" data-start=\"430\" data-end=\"650\">Cependant, les taxis de Valence sont \u00e9quip\u00e9s de compteurs, et le prix final peut donc varier en fonction des conditions de circulation, de l'heure de la journ\u00e9e et des suppl\u00e9ments applicables. Les tarifs augmentent l\u00e9g\u00e8rement la nuit, les week-ends et les jours f\u00e9ri\u00e9s.<\/p>\n<p class=\"\" data-start=\"652\" data-end=\"871\">D'autre part, les transferts priv\u00e9s depuis l'a\u00e9roport de Valence offrent des prix fixes. Vous conna\u00eetrez le co\u00fbt exact de votre trajet au moment de la r\u00e9servation et ne paierez pas de suppl\u00e9ment, quels que soient les retards ou les embouteillages.<\/p>\n<p class=\"\" data-start=\"873\" data-end=\"1105\">Ainsi, aux heures de pointe ou en cas d'embouteillage, la diff\u00e9rence de prix entre les taxis et les transferts priv\u00e9s se r\u00e9duit souvent, ce qui fait des transferts priv\u00e9s une solution pratique et fiable, sans frais impr\u00e9vus.<\/p>\t\t\t\t\t\t\t\t<\/div>\n\t\t\t\t<\/div>\n\t\t\t\t<div class=\"elementor-element elementor-element-2b22d9c elementor-widget elementor-widget-heading\" data-id=\"2b22d9c\" data-element_type=\"widget\" data-e-type=\"widget\" data-widget_type=\"heading.default\">\n\t\t\t\t<div class=\"elementor-widget-container\">\n\t\t\t\t\t<h2 class=\"elementor-heading-title elementor-size-default\">Comment r\u00e9server votre transfert de l'a\u00e9roport de Valence<\/h2>\t\t\t\t<\/div>\n\t\t\t\t<\/div>\n\t\t\t\t<div class=\"elementor-element elementor-element-50738bc elementor-widget elementor-widget-text-editor\" data-id=\"50738bc\" data-element_type=\"widget\" data-e-type=\"widget\" data-widget_type=\"text-editor.default\">\n\t\t\t\t<div class=\"elementor-widget-container\">\n\t\t\t\t\t\t\t\t\t<p class=\"\" data-start=\"109\" data-end=\"391\">Si vous avez d\u00e9cid\u00e9 de r\u00e9server un transfert depuis l'a\u00e9roport de Valence et que vous avez d\u00e9j\u00e0 trouv\u00e9 l'option au meilleur rapport qualit\u00e9-prix, le processus de r\u00e9servation est rapide et simple. Il vous suffit de remplir un formulaire de r\u00e9servation en suivant les instructions fournies par l'entreprise de transfert.<\/p>\n<p class=\"\" data-start=\"393\" data-end=\"589\">Il vous sera demand\u00e9 de saisir vos donn\u00e9es personnelles ainsi que les informations essentielles concernant votre transfert depuis l'a\u00e9roport de Valence, telles que le num\u00e9ro de vol, l'adresse de destination et l'heure d'arriv\u00e9e.<\/p>\n<p class=\"\" data-start=\"591\" data-end=\"880\">La derni\u00e8re \u00e9tape est le paiement de la course, apr\u00e8s quoi vous recevrez un courriel de confirmation. Cet e-mail fait souvent office de bon de r\u00e9servation. Veillez donc \u00e0 le lire attentivement et \u00e0 rev\u00e9rifier tous les d\u00e9tails du transfert pour vous assurer que tout est correct avant votre arriv\u00e9e.<\/p>\t\t\t\t\t\t\t\t<\/div>\n\t\t\t\t<\/div>\n\t\t\t\t<div class=\"elementor-element elementor-element-ad7a310 elementor-widget elementor-widget-heading\" data-id=\"ad7a310\" data-element_type=\"widget\" data-e-type=\"widget\" data-widget_type=\"heading.default\">\n\t\t\t\t<div class=\"elementor-widget-container\">\n\t\t\t\t\t<h2 class=\"elementor-heading-title elementor-size-default\">Transferts de l'a\u00e9roport \u00e0 l'h\u00f4tel \u00e0 Valence<\/h2>\t\t\t\t<\/div>\n\t\t\t\t<\/div>\n\t\t\t\t<div class=\"elementor-element elementor-element-082a4f4 elementor-widget elementor-widget-text-editor\" data-id=\"082a4f4\" data-element_type=\"widget\" data-e-type=\"widget\" data-widget_type=\"text-editor.default\">\n\t\t\t\t<div class=\"elementor-widget-container\">\n\t\t\t\t\t\t\t\t\t<p class=\"\" data-start=\"119\" data-end=\"514\">Il est \u00e9vident que les transferts de l'a\u00e9roport de Valence constituent l'un des moyens les plus confortables et les plus faciles pour se rendre de l'a\u00e9roport de Valence \u00e0 votre h\u00f4tel. En plus de l'accueil personnalis\u00e9, de la commodit\u00e9 porte-\u00e0-porte et des niveaux \u00e9lev\u00e9s de confort et de s\u00e9curit\u00e9, les transferts priv\u00e9s sont souvent accompagn\u00e9s d'une gamme de commodit\u00e9s suppl\u00e9mentaires, vous permettant de profiter d'une exp\u00e9rience de voyage enti\u00e8rement personnalis\u00e9e.<\/p>\n<p class=\"\" data-start=\"516\" data-end=\"788\">Cela dit, c'est toujours une bonne id\u00e9e de v\u00e9rifier aupr\u00e8s de votre h\u00f4tel \u00e0 l'avance, car de nombreux h\u00e9bergements \u00e0 Valence peuvent offrir des services de navette a\u00e9roport gratuits. Confirmer cela \u00e0 l'avance peut vous aider \u00e0 \u00e9viter des d\u00e9penses inutiles avant de r\u00e9server un transfert priv\u00e9.<\/p>\t\t\t\t\t\t\t\t<\/div>\n\t\t\t\t<\/div>\n\t\t\t\t<div class=\"elementor-element elementor-element-a9429c6 elementor-widget elementor-widget-heading\" data-id=\"a9429c6\" data-element_type=\"widget\" data-e-type=\"widget\" data-widget_type=\"heading.default\">\n\t\t\t\t<div class=\"elementor-widget-container\">\n\t\t\t\t\t<h2 class=\"elementor-heading-title elementor-size-default\">FAQ <\/h2>\t\t\t\t<\/div>\n\t\t\t\t<\/div>\n\t\t\t\t<div class=\"elementor-element elementor-element-c754e31 elementor-widget elementor-widget-heading\" data-id=\"c754e31\" data-element_type=\"widget\" data-e-type=\"widget\" data-widget_type=\"heading.default\">\n\t\t\t\t<div class=\"elementor-widget-container\">\n\t\t\t\t\t<h3 class=\"elementor-heading-title elementor-size-default\">Qu'est-ce qu'un transfert a\u00e9roportuaire priv\u00e9 ?\n<\/h3>\t\t\t\t<\/div>\n\t\t\t\t<\/div>\n\t\t\t\t<div class=\"elementor-element elementor-element-5027b02 elementor-widget elementor-widget-text-editor\" data-id=\"5027b02\" data-element_type=\"widget\" data-e-type=\"widget\" data-widget_type=\"text-editor.default\">\n\t\t\t\t<div class=\"elementor-widget-container\">\n\t\t\t\t\t\t\t\t\t<p>Les transferts priv\u00e9s depuis l'a\u00e9roport de Valence sont des trajets programm\u00e9s, pr\u00e9-r\u00e9serv\u00e9s et pr\u00e9pay\u00e9s qui emm\u00e8nent les passagers directement de l'a\u00e9roport \u00e0 la destination de leur choix. Ces transferts comprennent g\u00e9n\u00e9ralement un service de prise en charge dans la zone des arriv\u00e9es, un trajet direct jusqu'\u00e0 votre h\u00e9bergement ou votre adresse, et peuvent \u00e9galement offrir des services suppl\u00e9mentaires tels qu'une assistance pour les bagages et des conseils locaux ou des astuces de la part du chauffeur.<\/p>\t\t\t\t\t\t\t\t<\/div>\n\t\t\t\t<\/div>\n\t\t\t\t<div class=\"elementor-element elementor-element-235dc49 elementor-widget elementor-widget-heading\" data-id=\"235dc49\" data-element_type=\"widget\" data-e-type=\"widget\" data-widget_type=\"heading.default\">\n\t\t\t\t<div class=\"elementor-widget-container\">\n\t\t\t\t\t<h3 class=\"elementor-heading-title elementor-size-default\">Comment r\u00e9server un transfert a\u00e9roportuaire ?<\/h3>\t\t\t\t<\/div>\n\t\t\t\t<\/div>\n\t\t\t\t<div class=\"elementor-element elementor-element-d9d1d5b elementor-widget elementor-widget-text-editor\" data-id=\"d9d1d5b\" data-element_type=\"widget\" data-e-type=\"widget\" data-widget_type=\"text-editor.default\">\n\t\t\t\t<div class=\"elementor-widget-container\">\n\t\t\t\t\t\t\t\t\t<p>De nombreuses compagnies de transfert priv\u00e9 op\u00e8rent \u00e0 l'a\u00e9roport de Valence. Pour obtenir la meilleure offre, prenez le temps de comparer les options disponibles, identifiez le service le plus rentable et visitez le site officiel de l'entreprise. De l\u00e0, il vous suffit de suivre les instructions fournies, de remplir le formulaire de r\u00e9servation et d'effectuer votre r\u00e9servation en quelques \u00e9tapes.<\/p>\t\t\t\t\t\t\t\t<\/div>\n\t\t\t\t<\/div>\n\t\t\t\t\t<\/div>\n\t\t<\/div>\n\t\t\t\t<div class=\"elementor-column elementor-col-50 elementor-top-column elementor-element elementor-element-4b56e3a9\" data-id=\"4b56e3a9\" data-element_type=\"column\" data-e-type=\"column\" data-settings=\"{&quot;background_background&quot;:&quot;classic&quot;}\">\n\t\t\t<div class=\"elementor-widget-wrap elementor-element-populated\">\n\t\t\t\t\t\t<div class=\"elementor-element elementor-element-6b98109 elementor-widget elementor-widget-menu-anchor\" data-id=\"6b98109\" data-element_type=\"widget\" data-e-type=\"widget\" data-widget_type=\"menu-anchor.default\">\n\t\t\t\t<div class=\"elementor-widget-container\">\n\t\t\t\t\t\t\t<div class=\"elementor-menu-anchor\" id=\"Book\"><\/div>\n\t\t\t\t\t\t<\/div>\n\t\t\t\t<\/div>\n\t\t\t\t<div class=\"elementor-element elementor-element-271a58d elementor-widget elementor-widget-html\" data-id=\"271a58d\" data-element_type=\"widget\" data-e-type=\"widget\" data-widget_type=\"html.default\">\n\t\t\t\t<div class=\"elementor-widget-container\">\n\t\t\t\t\t<div id=\"welcomepickups\">\r\n\r\n<script type=\"text\/props\">\r\n\r\n{\r\n\r\n\"city_name\":\"Valencia\",\r\n\r\n\"partner_id\":\"63468\",\r\n\r\n\"locale\":\"en\",\r\n\r\n\"\":\"\"\r\n\r\n}\r\n\r\n\r\n<\/script>\r\n\r\n<\/div>\r\n\r\n<script src=\" https:\/\/cdn.b2b.welcomepickups.com\/widget\/bundle.js\"><\/script>\t\t\t\t<\/div>\n\t\t\t\t<\/div>\n\t\t\t\t\t<\/div>\n\t\t<\/div>\n\t\t\t\t\t<\/div>\n\t\t<\/section>\n\t\t\t\t<\/div>","protected":false},"excerpt":{"rendered":"<p>Valencia Airport Transfers Elevate your Traveling Experience with a Private Airport Transfer Book Your Transfers in Advance Valencia International Airport (VLC)&gt; Transportation\u00a0 \u00a0&gt; Airport Transfers Private Airport Transfers from Valencia Airport As well-connected as Valencia Airport is, nothing beats the convenience of having a private transfer vehicle waiting for you just outside the terminal exit. [&hellip;]<\/p>\n","protected":false},"author":1,"featured_media":0,"parent":113,"menu_order":0,"comment_status":"closed","ping_status":"closed","template":"","meta":{"footnotes":""},"class_list":["post-208","page","type-page","status-publish","hentry"],"_links":{"self":[{"href":"https:\/\/valencia-international-airport.com\/fr\/wp-json\/wp\/v2\/pages\/208","targetHints":{"allow":["GET"]}}],"collection":[{"href":"https:\/\/valencia-international-airport.com\/fr\/wp-json\/wp\/v2\/pages"}],"about":[{"href":"https:\/\/valencia-international-airport.com\/fr\/wp-json\/wp\/v2\/types\/page"}],"author":[{"embeddable":true,"href":"https:\/\/valencia-international-airport.com\/fr\/wp-json\/wp\/v2\/users\/1"}],"replies":[{"embeddable":true,"href":"https:\/\/valencia-international-airport.com\/fr\/wp-json\/wp\/v2\/comments?post=208"}],"version-history":[{"count":17,"href":"https:\/\/valencia-international-airport.com\/fr\/wp-json\/wp\/v2\/pages\/208\/revisions"}],"predecessor-version":[{"id":726,"href":"https:\/\/valencia-international-airport.com\/fr\/wp-json\/wp\/v2\/pages\/208\/revisions\/726"}],"up":[{"embeddable":true,"href":"https:\/\/valencia-international-airport.com\/fr\/wp-json\/wp\/v2\/pages\/113"}],"wp:attachment":[{"href":"https:\/\/valencia-international-airport.com\/fr\/wp-json\/wp\/v2\/media?parent=208"}],"curies":[{"name":"wp","href":"https:\/\/api.w.org\/{rel}","templated":true}]}}