{"id":226,"date":"2024-09-20T12:16:05","date_gmt":"2024-09-20T12:16:05","guid":{"rendered":"https:\/\/valencia-international-airport.com\/?page_id=226"},"modified":"2025-03-28T16:12:12","modified_gmt":"2025-03-28T16:12:12","slug":"departs","status":"publish","type":"page","link":"https:\/\/valencia-international-airport.com\/fr\/flights\/departures\/","title":{"rendered":"\u00a0D\u00e9parts"},"content":{"rendered":"<div data-elementor-type=\"wp-page\" data-elementor-id=\"226\" class=\"elementor elementor-226\" data-elementor-post-type=\"page\">\n\t\t\t\t\t\t<section class=\"elementor-section elementor-top-section elementor-element elementor-element-560def9f elementor-section-height-min-height elementor-section-boxed elementor-section-height-default elementor-section-items-middle\" data-id=\"560def9f\" data-element_type=\"section\" data-e-type=\"section\" data-settings=\"{&quot;background_background&quot;:&quot;classic&quot;}\">\n\t\t\t\t\t\t\t<div class=\"elementor-background-overlay\"><\/div>\n\t\t\t\t\t\t\t<div class=\"elementor-container elementor-column-gap-default\">\n\t\t\t\t\t<div class=\"elementor-column elementor-col-100 elementor-top-column elementor-element elementor-element-65c5d5e8\" data-id=\"65c5d5e8\" data-element_type=\"column\" data-e-type=\"column\">\n\t\t\t<div class=\"elementor-widget-wrap elementor-element-populated\">\n\t\t\t\t\t\t<div class=\"elementor-element elementor-element-58428f33 elementor-widget elementor-widget-heading\" data-id=\"58428f33\" data-element_type=\"widget\" data-e-type=\"widget\" data-widget_type=\"heading.default\">\n\t\t\t\t<div class=\"elementor-widget-container\">\n\t\t\t\t\t<h1 class=\"elementor-heading-title elementor-size-default\">D\u00e9parts de l'a\u00e9roport de Valence\n<\/h1>\t\t\t\t<\/div>\n\t\t\t\t<\/div>\n\t\t\t\t<div class=\"elementor-element elementor-element-4e9a4b5f elementor-widget elementor-widget-heading\" data-id=\"4e9a4b5f\" data-element_type=\"widget\" data-e-type=\"widget\" data-widget_type=\"heading.default\">\n\t\t\t\t<div class=\"elementor-widget-container\">\n\t\t\t\t\t<p class=\"elementor-heading-title elementor-size-default\">Restez inform\u00e9 des d\u00e9parts en temps r\u00e9el\n<\/p>\t\t\t\t<\/div>\n\t\t\t\t<\/div>\n\t\t\t\t<div class=\"elementor-element elementor-element-3ea0628 elementor-view-default elementor-invisible elementor-widget elementor-widget-icon\" data-id=\"3ea0628\" data-element_type=\"widget\" data-e-type=\"widget\" data-settings=\"{&quot;_animation&quot;:&quot;fadeInDown&quot;,&quot;_animation_delay&quot;:500}\" data-widget_type=\"icon.default\">\n\t\t\t\t<div class=\"elementor-widget-container\">\n\t\t\t\t\t\t\t<div class=\"elementor-icon-wrapper\">\n\t\t\t<div class=\"elementor-icon\">\n\t\t\t<svg aria-hidden=\"true\" class=\"e-font-icon-svg e-fas-chevron-down\" viewbox=\"0 0 448 512\" xmlns=\"http:\/\/www.w3.org\/2000\/svg\"><path d=\"M207.029 381.476L12.686 187.132c-9.373-9.373-9.373-24.569 0-33.941l22.667-22.667c9.357-9.357 24.522-9.375 33.901-.04L224 284.505l154.745-154.021c9.379-9.335 24.544-9.317 33.901.04l22.667 22.667c9.373 9.373 9.373 24.569 0 33.941L240.971 381.476c-9.373 9.372-24.569 9.372-33.942 0z\"><\/path><\/svg>\t\t\t<\/div>\n\t\t<\/div>\n\t\t\t\t\t\t<\/div>\n\t\t\t\t<\/div>\n\t\t\t\t\t<\/div>\n\t\t<\/div>\n\t\t\t\t\t<\/div>\n\t\t<\/section>\n\t\t\t\t<section class=\"elementor-section elementor-top-section elementor-element elementor-element-5a5eef55 elementor-section-content-middle elementor-section-boxed elementor-section-height-default elementor-section-height-default\" data-id=\"5a5eef55\" data-element_type=\"section\" data-e-type=\"section\">\n\t\t\t\t\t\t<div class=\"elementor-container elementor-column-gap-default\">\n\t\t\t\t\t<div class=\"elementor-column elementor-col-50 elementor-top-column elementor-element elementor-element-d687afe\" data-id=\"d687afe\" data-element_type=\"column\" data-e-type=\"column\">\n\t\t\t<div class=\"elementor-widget-wrap elementor-element-populated\">\n\t\t\t\t\t\t<div class=\"elementor-element elementor-element-5f384c6 elementor-widget elementor-widget-text-editor\" data-id=\"5f384c6\" data-element_type=\"widget\" data-e-type=\"widget\" data-widget_type=\"text-editor.default\">\n\t\t\t\t<div class=\"elementor-widget-container\">\n\t\t\t\t\t\t\t\t\t<p><strong><a href=\"https:\/\/valencia-international-airport.com\/\">A\u00e9roport international de Valence (VLC)<\/a><\/strong> &gt; <a href=\"https:\/\/valencia-international-airport.com\/flights\/\">Vols<\/a> &gt; <strong>D\u00e9parts<\/strong><\/p>\t\t\t\t\t\t\t\t<\/div>\n\t\t\t\t<\/div>\n\t\t\t\t<div class=\"elementor-element elementor-element-9a5997e elementor-widget elementor-widget-heading\" data-id=\"9a5997e\" data-element_type=\"widget\" data-e-type=\"widget\" data-widget_type=\"heading.default\">\n\t\t\t\t<div class=\"elementor-widget-container\">\n\t\t\t\t\t<h2 class=\"elementor-heading-title elementor-size-default\">A\u00e9roport de Valence (VLC) Tableau des d\u00e9parts<\/h2>\t\t\t\t<\/div>\n\t\t\t\t<\/div>\n\t\t\t\t<div class=\"elementor-element elementor-element-e5ccd4e elementor-widget elementor-widget-html\" data-id=\"e5ccd4e\" data-element_type=\"widget\" data-e-type=\"widget\" data-widget_type=\"html.default\">\n\t\t\t\t<div class=\"elementor-widget-container\">\n\t\t\t\t\t<h4>A\u00e9roport de Valence (VLC) Tableau des d\u00e9parts<\/h4>\r\n<p><strong>D\u00e9parts<\/strong> | <strong>Arriv\u00e9es<\/strong><br>\r\nHeure locale : 16:54:38<\/p>\r\n\r\n<table border=\"1\" cellpadding=\"5\" cellspacing=\"0\">\r\n  <thead>\r\n    <tr>\r\n      <th>L'heure<\/th>\r\n      <th>Date<\/th>\r\n      <th>IATA<\/th>\r\n      <th>Destination<\/th>\r\n      <th>Vol<\/th>\r\n      <th>Compagnie a\u00e9rienne<\/th>\r\n      <th>Statut<\/th>\r\n    <\/tr>\r\n  <\/thead>\r\n  <tbody>\r\n    <tr>\r\n      <td>15:55<\/td>\r\n      <td>28 mars<\/td>\r\n      <td>PMI<\/td>\r\n      <td>Palma de Mallorca<\/td>\r\n      <td>I21665<\/td>\r\n      <td>Iberia Express<\/td>\r\n      <td>D\u00e9part 15:57<\/td>\r\n    <\/tr>\r\n    <tr>\r\n      <td>16:00<\/td>\r\n      <td>28 mars<\/td>\r\n      <td>AMS<\/td>\r\n      <td>Amsterdam<\/td>\r\n      <td>KL1506<\/td>\r\n      <td>KLM<\/td>\r\n      <td>D\u00e9part 16:03<\/td>\r\n    <\/tr>\r\n    <tr>\r\n      <td>16:05<\/td>\r\n      <td>28 mars<\/td>\r\n      <td>IBZ<\/td>\r\n      <td>Ibiza<\/td>\r\n      <td>FR2086<\/td>\r\n      <td>Ryanair<\/td>\r\n      <td>D\u00e9part 16:10<\/td>\r\n    <\/tr>\r\n    <tr>\r\n      <td>16:10<\/td>\r\n      <td>28 mars<\/td>\r\n      <td>ORY<\/td>\r\n      <td>Paris Orly<\/td>\r\n      <td>IB575<\/td>\r\n      <td>Iberia Airlines<\/td>\r\n      <td>Embarquement<\/td>\r\n    <\/tr>\r\n    <tr>\r\n      <td>16:15<\/td>\r\n      <td>28 mars<\/td>\r\n      <td>RAK<\/td>\r\n      <td>Marrakech<\/td>\r\n      <td>I21853<\/td>\r\n      <td>Iberia Express<\/td>\r\n      <td>A l'heure<\/td>\r\n    <\/tr>\r\n    <tr>\r\n      <td>16:20<\/td>\r\n      <td>28 mars<\/td>\r\n      <td>BCN<\/td>\r\n      <td>Barcelone<\/td>\r\n      <td>IB415<\/td>\r\n      <td>Iberia Airlines<\/td>\r\n      <td>D\u00e9part 16:19<\/td>\r\n    <\/tr>\r\n    <tr>\r\n      <td>16:25<\/td>\r\n      <td>28 mars<\/td>\r\n      <td>LPA<\/td>\r\n      <td>Grande Canarie<\/td>\r\n      <td>I21607<\/td>\r\n      <td>Iberia Express<\/td>\r\n      <td>Porte ferm\u00e9e<\/td>\r\n    <\/tr>\r\n    <tr>\r\n      <td>16:30<\/td>\r\n      <td>28 mars<\/td>\r\n      <td>RCE<\/td>\r\n      <td>Bien<\/td>\r\n      <td>U21704<\/td>\r\n      <td>easyJet UK<\/td>\r\n      <td>Estimation 16:45<\/td>\r\n    <\/tr>\r\n    <tr>\r\n      <td>16:35<\/td>\r\n      <td>28 mars<\/td>\r\n      <td>IBZ<\/td>\r\n      <td>Ibiza<\/td>\r\n      <td>UX6025<\/td>\r\n      <td>Air Europa<\/td>\r\n      <td>A l'heure<\/td>\r\n    <\/tr>\r\n    <tr>\r\n      <td>16:40<\/td>\r\n      <td>28 mars<\/td>\r\n      <td>PMI<\/td>\r\n      <td>Palma de Mallorca<\/td>\r\n      <td>IB1665<\/td>\r\n      <td>Iberia Airlines<\/td>\r\n      <td>Estimation 16:48<\/td>\r\n    <\/tr>\r\n  <\/tbody>\r\n<\/table>\r\n\t\t\t\t<\/div>\n\t\t\t\t<\/div>\n\t\t\t\t\t<\/div>\n\t\t<\/div>\n\t\t\t\t<div class=\"elementor-column elementor-col-50 elementor-top-column elementor-element elementor-element-4b56e3a9\" data-id=\"4b56e3a9\" data-element_type=\"column\" data-e-type=\"column\" data-settings=\"{&quot;background_background&quot;:&quot;classic&quot;}\">\n\t\t\t<div class=\"elementor-widget-wrap\">\n\t\t\t\t\t\t\t<\/div>\n\t\t<\/div>\n\t\t\t\t\t<\/div>\n\t\t<\/section>\n\t\t\t\t<\/div>","protected":false},"excerpt":{"rendered":"<p>Valencia Airport Departures Stay Updated with Real-Time Departures Information Valencia international airport (VLC) &gt; Flights &gt; Departures Valencia Airport (VLC) Departures Board Valencia Airport (VLC) Departures Board Departures | Arrivals Local time: 16:54:38 Time Date IATA Destination Flight Airline Status 15:55 28 Mar PMI Palma de Mallorca I21665 Iberia Express Departed 15:57 16:00 28 Mar [&hellip;]<\/p>\n","protected":false},"author":1,"featured_media":0,"parent":153,"menu_order":0,"comment_status":"closed","ping_status":"closed","template":"","meta":{"footnotes":""},"class_list":["post-226","page","type-page","status-publish","hentry"],"_links":{"self":[{"href":"https:\/\/valencia-international-airport.com\/fr\/wp-json\/wp\/v2\/pages\/226","targetHints":{"allow":["GET"]}}],"collection":[{"href":"https:\/\/valencia-international-airport.com\/fr\/wp-json\/wp\/v2\/pages"}],"about":[{"href":"https:\/\/valencia-international-airport.com\/fr\/wp-json\/wp\/v2\/types\/page"}],"author":[{"embeddable":true,"href":"https:\/\/valencia-international-airport.com\/fr\/wp-json\/wp\/v2\/users\/1"}],"replies":[{"embeddable":true,"href":"https:\/\/valencia-international-airport.com\/fr\/wp-json\/wp\/v2\/comments?post=226"}],"version-history":[{"count":15,"href":"https:\/\/valencia-international-airport.com\/fr\/wp-json\/wp\/v2\/pages\/226\/revisions"}],"predecessor-version":[{"id":534,"href":"https:\/\/valencia-international-airport.com\/fr\/wp-json\/wp\/v2\/pages\/226\/revisions\/534"}],"up":[{"embeddable":true,"href":"https:\/\/valencia-international-airport.com\/fr\/wp-json\/wp\/v2\/pages\/153"}],"wp:attachment":[{"href":"https:\/\/valencia-international-airport.com\/fr\/wp-json\/wp\/v2\/media?parent=226"}],"curies":[{"name":"wp","href":"https:\/\/api.w.org\/{rel}","templated":true}]}}