{"id":263,"date":"2024-09-20T19:10:18","date_gmt":"2024-09-20T19:10:18","guid":{"rendered":"https:\/\/valencia-international-airport.com\/?page_id=263"},"modified":"2025-04-03T12:04:19","modified_gmt":"2025-04-03T12:04:19","slug":"location-de-voitures-a-laeroport","status":"publish","type":"page","link":"https:\/\/valencia-international-airport.com\/fr\/transportation\/airport-car-rentals\/","title":{"rendered":"Airport Car Rentals"},"content":{"rendered":"<div data-elementor-type=\"wp-page\" data-elementor-id=\"263\" class=\"elementor elementor-263\" data-elementor-post-type=\"page\">\n\t\t\t\t\t\t<section class=\"elementor-section elementor-top-section elementor-element elementor-element-560def9f elementor-section-height-min-height elementor-section-boxed elementor-section-height-default elementor-section-items-middle\" data-id=\"560def9f\" data-element_type=\"section\" data-e-type=\"section\" data-settings=\"{&quot;background_background&quot;:&quot;classic&quot;}\">\n\t\t\t\t\t\t\t<div class=\"elementor-background-overlay\"><\/div>\n\t\t\t\t\t\t\t<div class=\"elementor-container elementor-column-gap-default\">\n\t\t\t\t\t<div class=\"elementor-column elementor-col-100 elementor-top-column elementor-element elementor-element-65c5d5e8\" data-id=\"65c5d5e8\" data-element_type=\"column\" data-e-type=\"column\">\n\t\t\t<div class=\"elementor-widget-wrap elementor-element-populated\">\n\t\t\t\t\t\t<div class=\"elementor-element elementor-element-58428f33 elementor-widget elementor-widget-heading\" data-id=\"58428f33\" data-element_type=\"widget\" data-e-type=\"widget\" data-widget_type=\"heading.default\">\n\t\t\t\t<div class=\"elementor-widget-container\">\n\t\t\t\t\t<h1 class=\"elementor-heading-title elementor-size-default\">Louer une voiture \u00e0 l'a\u00e9roport de Valence\n<\/h1>\t\t\t\t<\/div>\n\t\t\t\t<\/div>\n\t\t\t\t<div class=\"elementor-element elementor-element-4e9a4b5f elementor-widget elementor-widget-heading\" data-id=\"4e9a4b5f\" data-element_type=\"widget\" data-e-type=\"widget\" data-widget_type=\"heading.default\">\n\t\t\t\t<div class=\"elementor-widget-container\">\n\t\t\t\t\t<p class=\"elementor-heading-title elementor-size-default\">V\u00e9rifier les options de location de voiture \u00e0 l'a\u00e9roport VLC et trouver les meilleures offres de location de voiture\n<\/p>\t\t\t\t<\/div>\n\t\t\t\t<\/div>\n\t\t\t\t<div class=\"elementor-element elementor-element-3ea0628 elementor-view-default elementor-invisible elementor-widget elementor-widget-icon\" data-id=\"3ea0628\" data-element_type=\"widget\" data-e-type=\"widget\" data-settings=\"{&quot;_animation&quot;:&quot;fadeInDown&quot;,&quot;_animation_delay&quot;:500}\" data-widget_type=\"icon.default\">\n\t\t\t\t<div class=\"elementor-widget-container\">\n\t\t\t\t\t\t\t<div class=\"elementor-icon-wrapper\">\n\t\t\t<div class=\"elementor-icon\">\n\t\t\t<svg aria-hidden=\"true\" class=\"e-font-icon-svg e-fas-chevron-down\" viewbox=\"0 0 448 512\" xmlns=\"http:\/\/www.w3.org\/2000\/svg\"><path d=\"M207.029 381.476L12.686 187.132c-9.373-9.373-9.373-24.569 0-33.941l22.667-22.667c9.357-9.357 24.522-9.375 33.901-.04L224 284.505l154.745-154.021c9.379-9.335 24.544-9.317 33.901.04l22.667 22.667c9.373 9.373 9.373 24.569 0 33.941L240.971 381.476c-9.373 9.372-24.569 9.372-33.942 0z\"><\/path><\/svg>\t\t\t<\/div>\n\t\t<\/div>\n\t\t\t\t\t\t<\/div>\n\t\t\t\t<\/div>\n\t\t\t\t\t<\/div>\n\t\t<\/div>\n\t\t\t\t\t<\/div>\n\t\t<\/section>\n\t\t\t\t<section class=\"elementor-section elementor-top-section elementor-element elementor-element-5a5eef55 elementor-section-content-middle elementor-section-boxed elementor-section-height-default elementor-section-height-default\" data-id=\"5a5eef55\" data-element_type=\"section\" data-e-type=\"section\">\n\t\t\t\t\t\t<div class=\"elementor-container elementor-column-gap-default\">\n\t\t\t\t\t<div class=\"elementor-column elementor-col-50 elementor-top-column elementor-element elementor-element-d687afe\" data-id=\"d687afe\" data-element_type=\"column\" data-e-type=\"column\">\n\t\t\t<div class=\"elementor-widget-wrap elementor-element-populated\">\n\t\t\t\t\t\t<div class=\"elementor-element elementor-element-5f384c6 elementor-widget elementor-widget-text-editor\" data-id=\"5f384c6\" data-element_type=\"widget\" data-e-type=\"widget\" data-widget_type=\"text-editor.default\">\n\t\t\t\t<div class=\"elementor-widget-container\">\n\t\t\t\t\t\t\t\t\t<p><strong><a href=\"https:\/\/valencia-international-airport.com\/\">A\u00e9roport international de Valence (VLC)<\/a><\/strong> &gt;<a href=\"https:\/\/valencia-international-airport.com\/transportation\/\"> Transport<\/a>\u00a0 \u00a0&gt; <strong>Location de voiture \u00e0 l'a\u00e9roport<\/strong><\/p>\t\t\t\t\t\t\t\t<\/div>\n\t\t\t\t<\/div>\n\t\t\t\t<div class=\"elementor-element elementor-element-9a5997e elementor-widget elementor-widget-heading\" data-id=\"9a5997e\" data-element_type=\"widget\" data-e-type=\"widget\" data-widget_type=\"heading.default\">\n\t\t\t\t<div class=\"elementor-widget-container\">\n\t\t\t\t\t<h2 class=\"elementor-heading-title elementor-size-default\">Location de voiture \u00e0 l'a\u00e9roport de Valence<\/h2>\t\t\t\t<\/div>\n\t\t\t\t<\/div>\n\t\t\t\t<div class=\"elementor-element elementor-element-53c71dc elementor-widget elementor-widget-text-editor\" data-id=\"53c71dc\" data-element_type=\"widget\" data-e-type=\"widget\" data-widget_type=\"text-editor.default\">\n\t\t\t\t<div class=\"elementor-widget-container\">\n\t\t\t\t\t\t\t\t\t<p class=\"\" data-start=\"150\" data-end=\"594\">Valence a tant de choses \u00e0 voir ! Bien que son syst\u00e8me de transport public soit consid\u00e9r\u00e9 comme efficace et que son centre historique regorge de monuments et d'attractions incontournables, de nombreuses curiosit\u00e9s se trouvent au-del\u00e0 du c\u0153ur de la ville. Ces destinations sont bien plus faciles \u00e0 atteindre en voiture. C'est pourquoi une location de voiture \u00e0 l'a\u00e9roport de Valence est toujours une bonne id\u00e9e, non seulement pour d\u00e9couvrir la ville \u00e0 votre rythme, mais aussi pour explorer la r\u00e9gion de Valence dans son ensemble.<\/p><p class=\"\" data-start=\"596\" data-end=\"1088\">Toutes les grandes soci\u00e9t\u00e9s de location de voitures op\u00e8rent \u00e0 l'a\u00e9roport de Valence. En plus des marques internationales, de nombreux fournisseurs locaux offrent des services de location de voitures abordables et fiables. Ainsi, si vous d\u00e9cidez de louer une voiture pour vos transferts \u00e0 Valence, vous aurez l'embarras du choix. Une fois que vous aurez atterri \u00e0 l'a\u00e9roport de Valence, vous trouverez les comptoirs de location de voitures commod\u00e9ment situ\u00e9s dans le hall des arriv\u00e9es, et la plupart des v\u00e9hicules sont gar\u00e9s dans l'aire de stationnement adjacente, \u00e0 quelques pas du terminal.<\/p><p class=\"\" data-start=\"1090\" data-end=\"1520\">Avez-vous r\u00e9fl\u00e9chi au type de v\u00e9hicule que vous pr\u00e9f\u00e9rez ? Vous trouverez presque toutes les cat\u00e9gories de voitures \u00e0 l'a\u00e9roport de Valence. Des voitures compactes et \u00e9conomiques aux cabriolets, SUV et 7 places, il y en a pour tous les voyageurs. D\u00e9finissez simplement vos priorit\u00e9s, qu'il s'agisse du nombre de passagers, de l'espace pour les bagages, du confort, du budget ou de la facilit\u00e9 de stationnement, et choisissez la location qui correspond le mieux \u00e0 vos besoins.<\/p>\t\t\t\t\t\t\t\t<\/div>\n\t\t\t\t<\/div>\n\t\t\t\t<div class=\"elementor-element elementor-element-9b81026 elementor-widget elementor-widget-heading\" data-id=\"9b81026\" data-element_type=\"widget\" data-e-type=\"widget\" data-widget_type=\"heading.default\">\n\t\t\t\t<div class=\"elementor-widget-container\">\n\t\t\t\t\t<h2 class=\"elementor-heading-title elementor-size-default\">Soci\u00e9t\u00e9s de location de voitures \u00e0 l'a\u00e9roport de Valence<\/h2>\t\t\t\t<\/div>\n\t\t\t\t<\/div>\n\t\t\t\t<div class=\"elementor-element elementor-element-5f532f7 elementor-widget elementor-widget-text-editor\" data-id=\"5f532f7\" data-element_type=\"widget\" data-e-type=\"widget\" data-widget_type=\"text-editor.default\">\n\t\t\t\t<div class=\"elementor-widget-container\">\n\t\t\t\t\t\t\t\t\t<p class=\"\" data-start=\"135\" data-end=\"422\">Plusieurs agences de location de voitures internationales et locales op\u00e8rent \u00e0 l'a\u00e9roport de Valence, ce qui facilite la recherche d'un v\u00e9hicule adapt\u00e9 \u00e0 vos besoins. Cependant, pour obtenir le meilleur rapport qualit\u00e9-prix et la meilleure offre, il est conseill\u00e9 de comparer les offres et de r\u00e9server \u00e0 l'avance.<\/p><h3 class=\"\" data-start=\"424\" data-end=\"475\">\ud83d\ude97 <strong data-start=\"431\" data-end=\"475\">Soci\u00e9t\u00e9s de location de voitures \u00e0 l'a\u00e9roport de Valence<\/strong><\/h3><p class=\"\" data-start=\"477\" data-end=\"682\">Que vous arriviez pour une escapade en ville ou que vous pr\u00e9voyiez d'explorer la r\u00e9gion de Valence, vous trouverez une gamme de soci\u00e9t\u00e9s de location de confiance \u00e0 l'int\u00e9rieur du terminal principal de l'a\u00e9roport de Valence :<\/p><ul data-start=\"684\" data-end=\"875\"><li class=\"\" data-start=\"684\" data-end=\"705\"><p class=\"\" data-start=\"686\" data-end=\"705\"><strong data-start=\"686\" data-end=\"703\">Avis - Budget<\/strong><\/p><\/li><li class=\"\" data-start=\"706\" data-end=\"735\"><p class=\"\" data-start=\"708\" data-end=\"735\"><strong data-start=\"708\" data-end=\"733\">Enterprise Rent-A-Car<\/strong><\/p><\/li><li class=\"\" data-start=\"736\" data-end=\"752\"><p class=\"\" data-start=\"738\" data-end=\"752\"><strong data-start=\"738\" data-end=\"750\">Europcar<\/strong><\/p><\/li><li class=\"\" data-start=\"753\" data-end=\"768\"><p class=\"\" data-start=\"755\" data-end=\"768\"><strong data-start=\"755\" data-end=\"766\">Voiture d'or<\/strong><\/p><\/li><li class=\"\" data-start=\"769\" data-end=\"792\"><p class=\"\" data-start=\"771\" data-end=\"792\"><strong data-start=\"771\" data-end=\"790\">Hertz - Thrifty<\/strong><\/p><\/li><li class=\"\" data-start=\"793\" data-end=\"805\"><p class=\"\" data-start=\"795\" data-end=\"805\"><strong data-start=\"795\" data-end=\"803\">Sixt<\/strong><\/p><\/li><li class=\"\" data-start=\"806\" data-end=\"825\"><p class=\"\" data-start=\"808\" data-end=\"825\"><strong data-start=\"808\" data-end=\"823\">OK Mobilit\u00e9<\/strong><\/p><\/li><li class=\"\" data-start=\"826\" data-end=\"843\"><p class=\"\" data-start=\"828\" data-end=\"843\"><strong data-start=\"828\" data-end=\"841\">Record go<\/strong><\/p><\/li><li class=\"\" data-start=\"844\" data-end=\"863\"><p class=\"\" data-start=\"846\" data-end=\"863\"><strong data-start=\"846\" data-end=\"861\">Leasys Rent<\/strong><\/p><\/li><li class=\"\" data-start=\"864\" data-end=\"875\"><p class=\"\" data-start=\"866\" data-end=\"875\"><strong data-start=\"866\" data-end=\"875\">Alamo<\/strong><\/p><\/li><\/ul><p class=\"\" data-start=\"877\" data-end=\"1070\">Les bureaux de location de ces fournisseurs sont situ\u00e9s dans le hall des arriv\u00e9es, et la zone de prise en charge se trouve \u00e0 quelques minutes de marche du terminal, ce qui rend le processus fluide et pratique pour tous les passagers.<\/p>\t\t\t\t\t\t\t\t<\/div>\n\t\t\t\t<\/div>\n\t\t\t\t<div class=\"elementor-element elementor-element-91d42cd elementor-widget elementor-widget-heading\" data-id=\"91d42cd\" data-element_type=\"widget\" data-e-type=\"widget\" data-widget_type=\"heading.default\">\n\t\t\t\t<div class=\"elementor-widget-container\">\n\t\t\t\t\t<h2 class=\"elementor-heading-title elementor-size-default\">Guide pratique de la location de voitures \u00e0 l'a\u00e9roport VLC<\/h2>\t\t\t\t<\/div>\n\t\t\t\t<\/div>\n\t\t\t\t<div class=\"elementor-element elementor-element-312a76f elementor-widget elementor-widget-html\" data-id=\"312a76f\" data-element_type=\"widget\" data-e-type=\"widget\" data-widget_type=\"html.default\">\n\t\t\t\t<div class=\"elementor-widget-container\">\n\t\t\t\t\t\r\n<ul>\r\n  <li>Les soci\u00e9t\u00e9s de location proposent des services suppl\u00e9mentaires tels que <strong>si\u00e8ges enfants, GPS, Bluetooth<\/strong>, et bien d'autres choses encore. Si vous avez des besoins sp\u00e9cifiques, confirmez la disponibilit\u00e9 \u00e0 l'avance.<\/li>\r\n  <li>Pour acc\u00e9der \u00e0 la <strong>les meilleurs prix et un plus grand choix de v\u00e9hicules<\/strong>, il est recommand\u00e9 de <strong>r\u00e9server en ligne \u00e0 l'avance<\/strong>.<\/li>\r\n  <li>Le <strong>plus t\u00f4t vous r\u00e9servez votre voiture<\/strong>, plus vous trouverez d'offres et de disponibilit\u00e9s.<\/li>\r\n  <li>Vous devez disposer d'un <strong>carte de cr\u00e9dit<\/strong> et un <strong>passeport ou carte d'identit\u00e9 en cours de validit\u00e9<\/strong> pour louer une voiture en Espagne.<\/li>\r\n  <li>A <strong>permis de conduire valide depuis au moins un an<\/strong> est obligatoire pour la location de voitures.<\/li>\r\n  <li>Si votre licence n'est pas en caract\u00e8res romains ou n'est pas accept\u00e9e par les autorit\u00e9s espagnoles, un formulaire de demande de permis de conduire est disponible. <strong>Permis de conduire international (PCI)<\/strong> peut \u00eatre n\u00e9cessaire.<\/li>\r\n  <li>V\u00e9rifiez toujours le <strong>conditions d'\u00e9ligibilit\u00e9<\/strong> de chaque entreprise. Certaines peuvent avoir des restrictions d'\u00e2ge ou imposer des <strong>Frais pour les jeunes conducteurs<\/strong>.<\/li>\r\n  <li>Choisir le <strong>option d'assurance compl\u00e8te<\/strong> est le moyen le plus s\u00fbr d'\u00e9viter des frais impr\u00e9vus en cas de dommages ou d'accidents.<\/li>\r\n  <li><strong>Prendre des photos du v\u00e9hicule<\/strong> avant de quitter le terrain pour enregistrer tout dommage existant.<\/li>\r\n  <li>Le <strong>la politique des carburants<\/strong> peut vous faire \u00e9conomiser de l'argent, car les soci\u00e9t\u00e9s de location facturent plus cher que les stations-service locales pour le ravitaillement en carburant.<\/li>\r\n  <li>Ajouter un <strong>conducteur suppl\u00e9mentaire<\/strong> s'accompagne g\u00e9n\u00e9ralement d'un suppl\u00e9ment.<\/li>\r\n  <li><strong>Respecter le code de la route espagnol<\/strong>. Si vous recevez une amende, elle vous sera transmise par l'agence avec les frais de traitement.<\/li>\r\n  <li><strong>Restituer le v\u00e9hicule avant la fin de la p\u00e9riode de 24 heures<\/strong> pour \u00e9viter de devoir payer une journ\u00e9e suppl\u00e9mentaire.<\/li>\r\n  <li><strong>Options de location avec chauffeur<\/strong> sont \u00e9galement disponibles aupr\u00e8s de certains fournisseurs \u00e0 l'a\u00e9roport de Valence.<\/li>\r\n<\/ul>\r\n\t\t\t\t<\/div>\n\t\t\t\t<\/div>\n\t\t\t\t<div class=\"elementor-element elementor-element-a9429c6 elementor-widget elementor-widget-heading\" data-id=\"a9429c6\" data-element_type=\"widget\" data-e-type=\"widget\" data-widget_type=\"heading.default\">\n\t\t\t\t<div class=\"elementor-widget-container\">\n\t\t\t\t\t<h2 class=\"elementor-heading-title elementor-size-default\">FAQ <\/h2>\t\t\t\t<\/div>\n\t\t\t\t<\/div>\n\t\t\t\t<div class=\"elementor-element elementor-element-c754e31 elementor-widget elementor-widget-heading\" data-id=\"c754e31\" data-element_type=\"widget\" data-e-type=\"widget\" data-widget_type=\"heading.default\">\n\t\t\t\t<div class=\"elementor-widget-container\">\n\t\t\t\t\t<h3 class=\"elementor-heading-title elementor-size-default\">O\u00f9 se trouve le bureau de location de voitures Firefly \u00e0 l'a\u00e9roport VLC ?\n<\/h3>\t\t\t\t<\/div>\n\t\t\t\t<\/div>\n\t\t\t\t<div class=\"elementor-element elementor-element-5027b02 elementor-widget elementor-widget-text-editor\" data-id=\"5027b02\" data-element_type=\"widget\" data-e-type=\"widget\" data-widget_type=\"text-editor.default\">\n\t\t\t\t<div class=\"elementor-widget-container\">\n\t\t\t\t\t\t\t\t\t<p class=\"\" data-start=\"141\" data-end=\"417\">\u00c0 l'a\u00e9roport de Valence, le bureau de location de voitures Firefly est id\u00e9alement situ\u00e9 dans la zone des arriv\u00e9es du terminal principal, au rez-de-chauss\u00e9e. Le point de prise en charge des v\u00e9hicules est g\u00e9n\u00e9ralement situ\u00e9 juste \u00e0 l'ext\u00e9rieur, dans le parking adjacent, ce qui rend le processus de location rapide et facile.<\/p><p class=\"\" data-start=\"419\" data-end=\"753\">L'a\u00e9roport de Valence n'ayant qu'un seul terminal, il n'est pas n\u00e9cessaire d'effectuer des transferts entre les terminaux ou de prendre des navettes. Tous les passagers, quelle que soit leur compagnie a\u00e9rienne d'arriv\u00e9e, peuvent acc\u00e9der au comptoir Firefly directement apr\u00e8s avoir r\u00e9cup\u00e9r\u00e9 leurs bagages. Il suffit de suivre les panneaux \u201cCar Rental\u201d ou \u201cAlquiler de coches\u201d \u00e0 la sortie de la zone de r\u00e9cup\u00e9ration des bagages.<\/p>\t\t\t\t\t\t\t\t<\/div>\n\t\t\t\t<\/div>\n\t\t\t\t<div class=\"elementor-element elementor-element-235dc49 elementor-widget elementor-widget-heading\" data-id=\"235dc49\" data-element_type=\"widget\" data-e-type=\"widget\" data-widget_type=\"heading.default\">\n\t\t\t\t<div class=\"elementor-widget-container\">\n\t\t\t\t\t<h3 class=\"elementor-heading-title elementor-size-default\">Avez-vous besoin d'une assurance suppl\u00e9mentaire lorsque vous louez une voiture ?\n<\/h3>\t\t\t\t<\/div>\n\t\t\t\t<\/div>\n\t\t\t\t<div class=\"elementor-element elementor-element-d9d1d5b elementor-widget elementor-widget-text-editor\" data-id=\"d9d1d5b\" data-element_type=\"widget\" data-e-type=\"widget\" data-widget_type=\"text-editor.default\">\n\t\t\t\t<div class=\"elementor-widget-container\">\n\t\t\t\t\t\t\t\t\t<p class=\"\" data-start=\"119\" data-end=\"385\">Avant de souscrire une assurance compl\u00e9mentaire pour votre voiture de location \u00e0 l'a\u00e9roport de Valence, faites d'abord des recherches ! Commencez par v\u00e9rifier si votre police d'assurance automobile personnelle inclut une couverture pour les v\u00e9hicules de location, ou si votre carte de cr\u00e9dit offre une protection pour les v\u00e9hicules de location.<\/p><p class=\"\" data-start=\"387\" data-end=\"559\">Si l'une ou l'autre option couvre d\u00e9j\u00e0 les dommages ou le vol, la souscription d'une assurance suppl\u00e9mentaire aupr\u00e8s de la soci\u00e9t\u00e9 de location peut s'av\u00e9rer inutile et vous permettre d'\u00e9conomiser de l'argent sans compromettre votre tranquillit\u00e9 d'esprit.<\/p>\t\t\t\t\t\t\t\t<\/div>\n\t\t\t\t<\/div>\n\t\t\t\t\t<\/div>\n\t\t<\/div>\n\t\t\t\t<div class=\"elementor-column elementor-col-50 elementor-top-column elementor-element elementor-element-4b56e3a9\" data-id=\"4b56e3a9\" data-element_type=\"column\" data-e-type=\"column\" data-settings=\"{&quot;background_background&quot;:&quot;classic&quot;}\">\n\t\t\t<div class=\"elementor-widget-wrap\">\n\t\t\t\t\t\t\t<\/div>\n\t\t<\/div>\n\t\t\t\t\t<\/div>\n\t\t<\/section>\n\t\t\t\t<\/div>","protected":false},"excerpt":{"rendered":"<p>Rent a Car at Valencia Airport Check the VLC Airport Car Rental Options and FInd the Top Car Hire Deals AValencia International Airport (VLC) &gt; Transportation\u00a0 \u00a0&gt; Airport car rental Valencia Airport Car Hire Valencia has so many things to see! Although its public transportation system is considered efficient and the historic center is packed [&hellip;]<\/p>\n","protected":false},"author":1,"featured_media":0,"parent":113,"menu_order":0,"comment_status":"closed","ping_status":"closed","template":"","meta":{"footnotes":""},"class_list":["post-263","page","type-page","status-publish","hentry"],"_links":{"self":[{"href":"https:\/\/valencia-international-airport.com\/fr\/wp-json\/wp\/v2\/pages\/263","targetHints":{"allow":["GET"]}}],"collection":[{"href":"https:\/\/valencia-international-airport.com\/fr\/wp-json\/wp\/v2\/pages"}],"about":[{"href":"https:\/\/valencia-international-airport.com\/fr\/wp-json\/wp\/v2\/types\/page"}],"author":[{"embeddable":true,"href":"https:\/\/valencia-international-airport.com\/fr\/wp-json\/wp\/v2\/users\/1"}],"replies":[{"embeddable":true,"href":"https:\/\/valencia-international-airport.com\/fr\/wp-json\/wp\/v2\/comments?post=263"}],"version-history":[{"count":26,"href":"https:\/\/valencia-international-airport.com\/fr\/wp-json\/wp\/v2\/pages\/263\/revisions"}],"predecessor-version":[{"id":593,"href":"https:\/\/valencia-international-airport.com\/fr\/wp-json\/wp\/v2\/pages\/263\/revisions\/593"}],"up":[{"embeddable":true,"href":"https:\/\/valencia-international-airport.com\/fr\/wp-json\/wp\/v2\/pages\/113"}],"wp:attachment":[{"href":"https:\/\/valencia-international-airport.com\/fr\/wp-json\/wp\/v2\/media?parent=263"}],"curies":[{"name":"wp","href":"https:\/\/api.w.org\/{rel}","templated":true}]}}