{"id":99,"date":"2024-09-17T12:01:53","date_gmt":"2024-09-17T12:01:53","guid":{"rendered":"https:\/\/valencia-international-airport.com\/?page_id=99"},"modified":"2025-03-28T14:04:06","modified_gmt":"2025-03-28T14:04:06","slug":"politique-de-confidentialite","status":"publish","type":"page","link":"https:\/\/valencia-international-airport.com\/fr\/privacy-policy\/","title":{"rendered":"Politique de confidentialit\u00e9"},"content":{"rendered":"<div data-elementor-type=\"wp-page\" data-elementor-id=\"99\" class=\"elementor elementor-99\" data-elementor-post-type=\"page\">\n\t\t\t\t\t\t<section class=\"elementor-section elementor-top-section elementor-element elementor-element-560def9f elementor-section-height-min-height elementor-section-boxed elementor-section-height-default elementor-section-items-middle\" data-id=\"560def9f\" data-element_type=\"section\" data-e-type=\"section\" data-settings=\"{&quot;background_background&quot;:&quot;classic&quot;}\">\n\t\t\t\t\t\t\t<div class=\"elementor-background-overlay\"><\/div>\n\t\t\t\t\t\t\t<div class=\"elementor-container elementor-column-gap-default\">\n\t\t\t\t\t<div class=\"elementor-column elementor-col-100 elementor-top-column elementor-element elementor-element-65c5d5e8\" data-id=\"65c5d5e8\" data-element_type=\"column\" data-e-type=\"column\">\n\t\t\t<div class=\"elementor-widget-wrap elementor-element-populated\">\n\t\t\t\t\t\t<div class=\"elementor-element elementor-element-58428f33 elementor-widget elementor-widget-heading\" data-id=\"58428f33\" data-element_type=\"widget\" data-e-type=\"widget\" data-widget_type=\"heading.default\">\n\t\t\t\t<div class=\"elementor-widget-container\">\n\t\t\t\t\t<h1 class=\"elementor-heading-title elementor-size-default\">Politique de confidentialit\u00e9<\/h1>\t\t\t\t<\/div>\n\t\t\t\t<\/div>\n\t\t\t\t<div class=\"elementor-element elementor-element-b3d6019 elementor-icon-list--layout-inline elementor-align-center elementor-mobile-align-start elementor-list-item-link-full_width elementor-widget elementor-widget-icon-list\" data-id=\"b3d6019\" data-element_type=\"widget\" data-e-type=\"widget\" data-widget_type=\"icon-list.default\">\n\t\t\t\t<div class=\"elementor-widget-container\">\n\t\t\t\t\t\t\t<ul class=\"elementor-icon-list-items elementor-inline-items\">\n\t\t\t\t\t\t\t<li class=\"elementor-icon-list-item elementor-inline-item\">\n\t\t\t\t\t\t\t\t\t\t\t<span class=\"elementor-icon-list-icon\">\n\t\t\t\t\t\t\t<svg aria-hidden=\"true\" class=\"e-font-icon-svg e-far-calendar-alt\" viewbox=\"0 0 448 512\" xmlns=\"http:\/\/www.w3.org\/2000\/svg\"><path d=\"M148 288h-40c-6.6 0-12-5.4-12-12v-40c0-6.6 5.4-12 12-12h40c6.6 0 12 5.4 12 12v40c0 6.6-5.4 12-12 12zm108-12v-40c0-6.6-5.4-12-12-12h-40c-6.6 0-12 5.4-12 12v40c0 6.6 5.4 12 12 12h40c6.6 0 12-5.4 12-12zm96 0v-40c0-6.6-5.4-12-12-12h-40c-6.6 0-12 5.4-12 12v40c0 6.6 5.4 12 12 12h40c6.6 0 12-5.4 12-12zm-96 96v-40c0-6.6-5.4-12-12-12h-40c-6.6 0-12 5.4-12 12v40c0 6.6 5.4 12 12 12h40c6.6 0 12-5.4 12-12zm-96 0v-40c0-6.6-5.4-12-12-12h-40c-6.6 0-12 5.4-12 12v40c0 6.6 5.4 12 12 12h40c6.6 0 12-5.4 12-12zm192 0v-40c0-6.6-5.4-12-12-12h-40c-6.6 0-12 5.4-12 12v40c0 6.6 5.4 12 12 12h40c6.6 0 12-5.4 12-12zm96-260v352c0 26.5-21.5 48-48 48H48c-26.5 0-48-21.5-48-48V112c0-26.5 21.5-48 48-48h48V12c0-6.6 5.4-12 12-12h40c6.6 0 12 5.4 12 12v52h128V12c0-6.6 5.4-12 12-12h40c6.6 0 12 5.4 12 12v52h48c26.5 0 48 21.5 48 48zm-48 346V160H48v298c0 3.3 2.7 6 6 6h340c3.3 0 6-2.7 6-6z\"><\/path><\/svg>\t\t\t\t\t\t<\/span>\n\t\t\t\t\t\t\t\t\t\t<span class=\"elementor-icon-list-text\">Derni\u00e8re mise \u00e0 jour le 17 septembre 2024<\/span>\n\t\t\t\t\t\t\t\t\t<\/li>\n\t\t\t\t\t\t\t\t<li class=\"elementor-icon-list-item elementor-inline-item\">\n\t\t\t\t\t\t\t\t\t\t\t<span class=\"elementor-icon-list-icon\">\n\t\t\t\t\t\t\t<svg aria-hidden=\"true\" class=\"e-font-icon-svg e-fas-clock\" viewbox=\"0 0 512 512\" xmlns=\"http:\/\/www.w3.org\/2000\/svg\"><path d=\"M256,8C119,8,8,119,8,256S119,504,256,504,504,393,504,256,393,8,256,8Zm92.49,313h0l-20,25a16,16,0,0,1-22.49,2.5h0l-67-49.72a40,40,0,0,1-15-31.23V112a16,16,0,0,1,16-16h32a16,16,0,0,1,16,16V256l58,42.5A16,16,0,0,1,348.49,321Z\"><\/path><\/svg>\t\t\t\t\t\t<\/span>\n\t\t\t\t\t\t\t\t\t\t<span class=\"elementor-icon-list-text\">01:00 heures<\/span>\n\t\t\t\t\t\t\t\t\t<\/li>\n\t\t\t\t\t\t<\/ul>\n\t\t\t\t\t\t<\/div>\n\t\t\t\t<\/div>\n\t\t\t\t<div class=\"elementor-element elementor-element-3ea0628 elementor-view-default elementor-invisible elementor-widget elementor-widget-icon\" data-id=\"3ea0628\" data-element_type=\"widget\" data-e-type=\"widget\" data-settings=\"{&quot;_animation&quot;:&quot;fadeInDown&quot;,&quot;_animation_delay&quot;:500}\" data-widget_type=\"icon.default\">\n\t\t\t\t<div class=\"elementor-widget-container\">\n\t\t\t\t\t\t\t<div class=\"elementor-icon-wrapper\">\n\t\t\t<div class=\"elementor-icon\">\n\t\t\t<svg aria-hidden=\"true\" class=\"e-font-icon-svg e-fas-chevron-down\" viewbox=\"0 0 448 512\" xmlns=\"http:\/\/www.w3.org\/2000\/svg\"><path d=\"M207.029 381.476L12.686 187.132c-9.373-9.373-9.373-24.569 0-33.941l22.667-22.667c9.357-9.357 24.522-9.375 33.901-.04L224 284.505l154.745-154.021c9.379-9.335 24.544-9.317 33.901.04l22.667 22.667c9.373 9.373 9.373 24.569 0 33.941L240.971 381.476c-9.373 9.372-24.569 9.372-33.942 0z\"><\/path><\/svg>\t\t\t<\/div>\n\t\t<\/div>\n\t\t\t\t\t\t<\/div>\n\t\t\t\t<\/div>\n\t\t\t\t\t<\/div>\n\t\t<\/div>\n\t\t\t\t\t<\/div>\n\t\t<\/section>\n\t\t\t\t<section class=\"elementor-section elementor-top-section elementor-element elementor-element-5a5eef55 elementor-section-content-middle elementor-section-boxed elementor-section-height-default elementor-section-height-default\" data-id=\"5a5eef55\" data-element_type=\"section\" data-e-type=\"section\">\n\t\t\t\t\t\t<div class=\"elementor-container elementor-column-gap-default\">\n\t\t\t\t\t<div class=\"elementor-column elementor-col-50 elementor-top-column elementor-element elementor-element-d687afe\" data-id=\"d687afe\" data-element_type=\"column\" data-e-type=\"column\">\n\t\t\t<div class=\"elementor-widget-wrap elementor-element-populated\">\n\t\t\t\t\t\t<div class=\"elementor-element elementor-element-5f384c6 elementor-widget elementor-widget-text-editor\" data-id=\"5f384c6\" data-element_type=\"widget\" data-e-type=\"widget\" data-widget_type=\"text-editor.default\">\n\t\t\t\t<div class=\"elementor-widget-container\">\n\t\t\t\t\t\t\t\t\t<p><a href=\"https:\/\/valencia-international-airport.com\/\"><b>A\u00e9roport international de Valence (VLC)<\/b><\/a>&gt; <strong>Politique de confidentialit\u00e9<\/strong><\/p>\t\t\t\t\t\t\t\t<\/div>\n\t\t\t\t<\/div>\n\t\t\t\t<div class=\"elementor-element elementor-element-9a5997e elementor-widget elementor-widget-heading\" data-id=\"9a5997e\" data-element_type=\"widget\" data-e-type=\"widget\" data-widget_type=\"heading.default\">\n\t\t\t\t<div class=\"elementor-widget-container\">\n\t\t\t\t\t<h2 class=\"elementor-heading-title elementor-size-default\">Politique de confidentialit\u00e9<\/h2>\t\t\t\t<\/div>\n\t\t\t\t<\/div>\n\t\t\t\t<div class=\"elementor-element elementor-element-53c71dc elementor-widget elementor-widget-text-editor\" data-id=\"53c71dc\" data-element_type=\"widget\" data-e-type=\"widget\" data-widget_type=\"text-editor.default\">\n\t\t\t\t<div class=\"elementor-widget-container\">\n\t\t\t\t\t\t\t\t\t<p class=\"\" data-start=\"170\" data-end=\"468\"><strong data-start=\"170\" data-end=\"271\">Bienvenue sur le site non officiel de l'a\u00e9roport de Valence (<a class=\"\" href=\"https:\/\/valencia-international-airport.com\/\" target=\"_new\" rel=\"noopener\" data-start=\"225\" data-end=\"268\">https:\/\/valencia-international-airport.com\/<\/a>)<\/strong><br data-start=\"271\" data-end=\"274\" \/>Nous nous engageons \u00e0 prot\u00e9ger la confidentialit\u00e9 et la s\u00e9curit\u00e9 des informations de nos utilisateurs. La pr\u00e9sente politique de confidentialit\u00e9 explique comment nous collectons, utilisons, divulguons et prot\u00e9geons vos donn\u00e9es lorsque vous visitez notre site web.<\/p><p class=\"\" data-start=\"470\" data-end=\"686\">Cet avis de confidentialit\u00e9 pour <strong data-start=\"494\" data-end=\"514\">A\u00e9roport de Valence<\/strong> (\u201cnous\u201d, \u201cnotre\u201d ou \u201cnos\u201d) d\u00e9crit comment et pourquoi nous pouvons collecter, stocker, utiliser et\/ou partager (\u201ctraiter\u201d) vos informations lorsque vous utilisez nos services (\u201cservices\u201d), par exemple lorsque vous.. :<\/p><ul data-start=\"688\" data-end=\"807\"><li class=\"\" data-start=\"688\" data-end=\"758\"><p class=\"\" data-start=\"690\" data-end=\"758\">Acc\u00e9der \u00e0 des informations sur les vols, les services et les installations de l'a\u00e9roport<\/p><\/li><li class=\"\" data-start=\"759\" data-end=\"807\"><p class=\"\" data-start=\"761\" data-end=\"807\">utiliser les outils et les fonctions fournis sur notre site web<\/p><\/li><\/ul><hr class=\"\" data-start=\"809\" data-end=\"812\" \/><h3 class=\"\" data-start=\"814\" data-end=\"840\">Questions ou pr\u00e9occupations ?<\/h3><p class=\"\" data-start=\"842\" data-end=\"1020\">La lecture de cet avis de confidentialit\u00e9 vous aidera \u00e0 comprendre vos droits et vos choix en mati\u00e8re de protection de la vie priv\u00e9e. Si vous n'\u00eates pas d'accord avec nos politiques et pratiques, veuillez vous abstenir d'utiliser nos services.<\/p><hr class=\"\" data-start=\"1022\" data-end=\"1025\" \/><h3 class=\"\" data-start=\"1027\" data-end=\"1053\">Informations collect\u00e9es<\/h3><p class=\"\" data-start=\"1055\" data-end=\"1331\">Nous recueillons les informations que vous nous fournissez volontairement lorsque vous interagissez avec nos services, notamment votre nom, votre adresse \u00e9lectronique et votre num\u00e9ro de t\u00e9l\u00e9phone. Nous pouvons \u00e9galement collecter certaines donn\u00e9es automatiquement, telles que votre adresse IP, votre type de navigateur et vos heures d'acc\u00e8s, afin d'am\u00e9liorer l'exp\u00e9rience de l'utilisateur.<\/p><hr class=\"\" data-start=\"1333\" data-end=\"1336\" \/><h3 class=\"\" data-start=\"1338\" data-end=\"1369\">Comment nous utilisons vos informations<\/h3><p class=\"\" data-start=\"1371\" data-end=\"1408\">Nous utilisons les informations que nous recueillons pour :<\/p><ul data-start=\"1410\" data-end=\"1692\"><li class=\"\" data-start=\"1410\" data-end=\"1456\"><p class=\"\" data-start=\"1412\" data-end=\"1456\">Exploiter, maintenir et am\u00e9liorer notre site web<\/p><\/li><li class=\"\" data-start=\"1457\" data-end=\"1496\"><p class=\"\" data-start=\"1459\" data-end=\"1496\">Personnaliser et d\u00e9velopper nos services<\/p><\/li><li class=\"\" data-start=\"1497\" data-end=\"1544\"><p class=\"\" data-start=\"1499\" data-end=\"1544\">Analyser la fa\u00e7on dont les utilisateurs interagissent avec notre site web<\/p><\/li><li class=\"\" data-start=\"1545\" data-end=\"1582\"><p class=\"\" data-start=\"1547\" data-end=\"1582\">D\u00e9velopper de nouvelles fonctionnalit\u00e9s et de nouveaux services<\/p><\/li><li class=\"\" data-start=\"1583\" data-end=\"1692\"><p class=\"\" data-start=\"1585\" data-end=\"1692\">communiquer avec vous, directement ou par l'interm\u00e9diaire de nos partenaires, \u00e0 des fins d'assistance \u00e0 la client\u00e8le, de mise \u00e0 jour et de marketing<\/p><\/li><\/ul><hr class=\"\" data-start=\"1694\" data-end=\"1697\" \/><h3 class=\"\" data-start=\"1699\" data-end=\"1732\">Comment nous partageons vos informations<\/h3><p class=\"\" data-start=\"1734\" data-end=\"1791\">Nous pouvons partager vos informations de plusieurs mani\u00e8res, notamment :<\/p><ul data-start=\"1793\" data-end=\"2018\"><li class=\"\" data-start=\"1793\" data-end=\"1888\"><p class=\"\" data-start=\"1795\" data-end=\"1888\">avec des prestataires de services exer\u00e7ant des fonctions en notre nom, dans le cadre d'accords de confidentialit\u00e9<\/p><\/li><li class=\"\" data-start=\"1889\" data-end=\"1950\"><p class=\"\" data-start=\"1891\" data-end=\"1950\">avec des entit\u00e9s affili\u00e9es \u00e0 des fins commerciales l\u00e9gitimes<\/p><\/li><li class=\"\" data-start=\"1951\" data-end=\"2018\"><p class=\"\" data-start=\"1953\" data-end=\"2018\">avec d'autres utilisateurs lorsque vous interagissez dans les zones publiques du site web<\/p><\/li><\/ul><hr class=\"\" data-start=\"2020\" data-end=\"2023\" \/><h3 class=\"\" data-start=\"2025\" data-end=\"2049\">Services de tiers<\/h3><p class=\"\" data-start=\"2051\" data-end=\"2261\">Notre site web peut contenir des liens vers des sites web et des services de tiers qui ne sont pas exploit\u00e9s ou contr\u00f4l\u00e9s par l'A\u00e9roport de Valence. Nous ne sommes pas responsables des pratiques de confidentialit\u00e9 ou du contenu de ces sites Web externes.<\/p><hr class=\"\" data-start=\"2263\" data-end=\"2266\" \/><h3 class=\"\" data-start=\"2268\" data-end=\"2285\">S\u00e9curit\u00e9 des donn\u00e9es<\/h3><p class=\"\" data-start=\"2287\" data-end=\"2445\">Nous mettons en \u0153uvre des mesures techniques et organisationnelles raisonnables pour prot\u00e9ger vos donn\u00e9es personnelles contre la perte, le vol, l'acc\u00e8s non autoris\u00e9, la divulgation ou la destruction.<\/p><hr class=\"\" data-start=\"2447\" data-end=\"2450\" \/><h3 class=\"\" data-start=\"2452\" data-end=\"2475\">Vos droits en mati\u00e8re de protection de la vie priv\u00e9e<\/h3><p class=\"\" data-start=\"2477\" data-end=\"2641\">En fonction de votre lieu de r\u00e9sidence, vous pouvez b\u00e9n\u00e9ficier de certains droits en mati\u00e8re de protection des donn\u00e9es, tels que le droit d'acc\u00e9der, de corriger ou de supprimer les informations personnelles que nous d\u00e9tenons \u00e0 votre sujet.<\/p><hr class=\"\" data-start=\"2643\" data-end=\"2646\" \/><h3 class=\"\" data-start=\"2648\" data-end=\"2674\">Mises \u00e0 jour de la pr\u00e9sente politique<\/h3><p class=\"\" data-start=\"2676\" data-end=\"2795\">Nous pouvons mettre \u00e0 jour la pr\u00e9sente politique de confidentialit\u00e9 p\u00e9riodiquement. Toute modification sera publi\u00e9e sur cette page avec la date de mise \u00e0 jour.<\/p>\t\t\t\t\t\t\t\t<\/div>\n\t\t\t\t<\/div>\n\t\t\t\t\t<\/div>\n\t\t<\/div>\n\t\t\t\t<div class=\"elementor-column elementor-col-50 elementor-top-column elementor-element elementor-element-4b56e3a9\" data-id=\"4b56e3a9\" data-element_type=\"column\" data-e-type=\"column\" data-settings=\"{&quot;background_background&quot;:&quot;classic&quot;}\">\n\t\t\t<div class=\"elementor-widget-wrap elementor-element-populated\">\n\t\t\t\t\t\t<div class=\"elementor-element elementor-element-9e9a27c elementor-alert-info elementor-widget elementor-widget-alert\" data-id=\"9e9a27c\" data-element_type=\"widget\" data-e-type=\"widget\" data-widget_type=\"alert.default\">\n\t\t\t\t<div class=\"elementor-widget-container\">\n\t\t\t\t\t\t\t<div class=\"elementor-alert\" role=\"alert\">\n\n\t\t\t\t\t\t<span class=\"elementor-alert-title\">Notes utiles<\/span>\n\t\t\t\n\t\t\t\t\t\t<span class=\"elementor-alert-description\">Ce site web est un guide non officiel de l'a\u00e9roport de Valence (VLC) et n'a aucune affiliation directe ou indirecte avec le site web officiel de l'a\u00e9roport. Notre objectif est d'aider les voyageurs en leur fournissant des informations utiles, pertinentes et actualis\u00e9es sur l'a\u00e9roport de Valence. Bien que nous nous efforcions d'assurer l'exactitude de toutes les informations fournies sur ce site, nous ne pouvons pas garantir que le contenu est compl\u00e8tement exempt d'erreurs ou d'omissions. Le site n'accepte aucune responsabilit\u00e9 pour les inexactitudes ou les malentendus.\nvalencia-international-airport.com<\/span>\n\t\t\t\n\t\t\t\t\t\t<button type=\"button\" class=\"elementor-alert-dismiss\" aria-label=\"Ne pas tenir compte de cette alerte.\" data-no-translation-aria-label=\"\">\n\t\t\t\t\t\t\t\t\t<span aria-hidden=\"true\">\u00d7<\/span>\n\t\t\t\t\t\t\t<\/button>\n\t\t\t\n\t\t<\/div>\n\t\t\t\t\t\t<\/div>\n\t\t\t\t<\/div>\n\t\t\t\t\t<\/div>\n\t\t<\/div>\n\t\t\t\t\t<\/div>\n\t\t<\/section>\n\t\t\t\t<\/div>","protected":false},"excerpt":{"rendered":"<p>Privacy Policy Derni\u00e8re mise \u00e0 jour le September 17, 2024 01:00 pm Valencia international airport (VLC)&gt; Privacy Policy Privacy Policy Welcome to the unofficial Website of Valencia Airport (https:\/\/valencia-international-airport.com\/)We are committed to protecting the privacy and security of our users&#8217; information. This Privacy Policy explains how we collect, use, disclose, and safeguard your data when [&hellip;]<\/p>\n","protected":false},"author":1,"featured_media":0,"parent":0,"menu_order":0,"comment_status":"closed","ping_status":"closed","template":"","meta":{"footnotes":""},"class_list":["post-99","page","type-page","status-publish","hentry"],"_links":{"self":[{"href":"https:\/\/valencia-international-airport.com\/fr\/wp-json\/wp\/v2\/pages\/99","targetHints":{"allow":["GET"]}}],"collection":[{"href":"https:\/\/valencia-international-airport.com\/fr\/wp-json\/wp\/v2\/pages"}],"about":[{"href":"https:\/\/valencia-international-airport.com\/fr\/wp-json\/wp\/v2\/types\/page"}],"author":[{"embeddable":true,"href":"https:\/\/valencia-international-airport.com\/fr\/wp-json\/wp\/v2\/users\/1"}],"replies":[{"embeddable":true,"href":"https:\/\/valencia-international-airport.com\/fr\/wp-json\/wp\/v2\/comments?post=99"}],"version-history":[{"count":11,"href":"https:\/\/valencia-international-airport.com\/fr\/wp-json\/wp\/v2\/pages\/99\/revisions"}],"predecessor-version":[{"id":479,"href":"https:\/\/valencia-international-airport.com\/fr\/wp-json\/wp\/v2\/pages\/99\/revisions\/479"}],"wp:attachment":[{"href":"https:\/\/valencia-international-airport.com\/fr\/wp-json\/wp\/v2\/media?parent=99"}],"curies":[{"name":"wp","href":"https:\/\/api.w.org\/{rel}","templated":true}]}}